{"id":710439,"date":"2025-08-27T16:36:09","date_gmt":"2025-08-27T13:36:09","guid":{"rendered":"https:\/\/roveyayinevi.com.tr\/index.php\/urun\/sadakatsiz-asklar\/"},"modified":"2026-04-01T02:26:05","modified_gmt":"2026-03-31T23:26:05","slug":"sadakatsiz-asklar","status":"publish","type":"product","link":"https:\/\/roveyayinevi.com.tr\/index.php\/urun\/sadakatsiz-asklar\/","title":{"rendered":"Sadakatsiz A\u015fklar"},"content":{"rendered":"<p>Sadakatsizlik, aldatma ya da ihanet&#8230; ad\u0131na ne dersek diyelim, her zaman merak uyand\u0131ran ama ayn\u0131 zamanda \u00fcrpertici, dahas\u0131 yak\u0131c\u0131 bir konu. Oysa aldat\u0131lma ve g\u00fcn\u00fcn birinde aldatma ihtimalinin olmad\u0131\u011f\u0131 ili\u015fki yoktur. Sevmek, ayn\u0131 zamanda bu riski almak demek de\u011fil midir? G\u00fcn\u00fcm\u00fczde iki insan\u0131 birlikte olmaya itenin, \u00e7o\u011fu zaman g\u00fc\u00e7l\u00fc bir duygusal ba\u011f kurma umudu oldu\u011fu ve evlili\u011fin g\u00fcvenlik duygusu veren bir \u201cbar\u0131nak\u201d i\u015flevi \u00fcstlendi\u011fi d\u00fc\u015f\u00fcn\u00fcl\u00fcrse, sadakatsizli\u011fin \u00e7ift hayat\u0131na kar\u015f\u0131 b\u00fcy\u00fck bir tehdit olu\u015fturdu\u011fu muhakkak. G\u00fcvenlik duygusu temel bir ihtiya\u00e7sa, \u00e7iftleri sadakatsizli\u011fe s\u00fcr\u00fckleyen nedir o halde? \u0130kili bir ili\u015fkinin ba\u015f\u0131na gelebilecek en b\u00fcy\u00fck badire midir sadakatsizlik? Bencilce pe\u015finden gidilen bir zevk midir, yoksa geleneksel ahl\u00e2ka meydan okuman\u0131n bir yolu mu? Bug\u00fcn eskiye g\u00f6re daha m\u0131 \u00e7ok insan e\u015flerini aldat\u0131yor, yoksa geli\u015fen ileti\u015fim teknolojileri sayesinde ihanetler daha m\u0131 fazla ortaya \u00e7\u0131k\u0131yor? Aldatma ki\u015finin hangi psikolojik ihtiya\u00e7lar\u0131n\u0131 gideriyor? Aldatmaya ve aldat\u0131lmaya yatk\u0131n ki\u015filiklerden s\u00f6z edilebilir mi? Hepsinden \u00f6nemlisi: Sadakatsizli\u011fin panzehiri var m\u0131d\u0131r? <\/p>\n","protected":false},"excerpt":{"rendered":"<p>Sadakatsizlik, aldatma ya da ihanet&#8230; ad\u0131na ne dersek diyelim, her zaman merak uyand\u0131ran ama ayn\u0131 zamanda \u00fcrpertici, dahas\u0131 yak\u0131c\u0131 bir konu. Oysa aldat\u0131lma ve g\u00fcn\u00fcn birinde<span class=\"excerpt-hellip\"> [\u2026]<\/span><\/p>\n","protected":false},"featured_media":0,"template":"","meta":{"_monsterinsights_skip_tracking":false,"_monsterinsights_sitenote_active":false,"_monsterinsights_sitenote_note":"","_monsterinsights_sitenote_category":0},"product_brand":[],"product_cat":[12312,12304],"product_tag":[],"class_list":{"0":"post-710439","1":"product","2":"type-product","3":"status-publish","5":"product_cat-diger","6":"product_cat-tarih","7":"pa_cilt-ciltsiz","8":"pa_tur-kitap","9":"pa_yayinevi-iletisim-yayinlari","10":"pa_yazar-willy-pasini","12":"first","13":"instock","14":"sale","15":"shipping-taxable","16":"purchasable","17":"product-type-simple"},"_links":{"self":[{"href":"https:\/\/roveyayinevi.com.tr\/index.php\/wp-json\/wp\/v2\/product\/710439","targetHints":{"allow":["GET"]}}],"collection":[{"href":"https:\/\/roveyayinevi.com.tr\/index.php\/wp-json\/wp\/v2\/product"}],"about":[{"href":"https:\/\/roveyayinevi.com.tr\/index.php\/wp-json\/wp\/v2\/types\/product"}],"wp:attachment":[{"href":"https:\/\/roveyayinevi.com.tr\/index.php\/wp-json\/wp\/v2\/media?parent=710439"}],"wp:term":[{"taxonomy":"product_brand","embeddable":true,"href":"https:\/\/roveyayinevi.com.tr\/index.php\/wp-json\/wp\/v2\/product_brand?post=710439"},{"taxonomy":"product_cat","embeddable":true,"href":"https:\/\/roveyayinevi.com.tr\/index.php\/wp-json\/wp\/v2\/product_cat?post=710439"},{"taxonomy":"product_tag","embeddable":true,"href":"https:\/\/roveyayinevi.com.tr\/index.php\/wp-json\/wp\/v2\/product_tag?post=710439"}],"curies":[{"name":"wp","href":"https:\/\/api.w.org\/{rel}","templated":true}]}}