{"id":710437,"date":"2025-08-27T16:36:08","date_gmt":"2025-08-27T13:36:08","guid":{"rendered":"https:\/\/roveyayinevi.com.tr\/index.php\/urun\/insan-evriminde-din-eski-tas-cagindan-eksen-cagina\/"},"modified":"2026-04-16T02:19:17","modified_gmt":"2026-04-15T23:19:17","slug":"insan-evriminde-din-eski-tas-cagindan-eksen-cagina","status":"publish","type":"product","link":"https:\/\/roveyayinevi.com.tr\/index.php\/urun\/insan-evriminde-din-eski-tas-cagindan-eksen-cagina\/","title":{"rendered":"\u0130nsan Evriminde Din (Eski Ta\u015f \u00c7a\u011f\u0131ndan Eksen \u00c7a\u011f\u0131na)"},"content":{"rendered":"<p>\u00c7a\u011f\u0131m\u0131z\u0131n en \u00f6nemli d\u00fc\u015f\u00fcn\u00fcrlerinden biri olan Robert Bellah, din sosyolojisini temel ald\u0131\u011f\u0131 bu eserinde \u00f6n\u00fcm\u00fcze; tarih, felsefe, antropoloji ve biyoloji gibi bilim dallar\u0131n\u0131 disiplinleraras\u0131 bir y\u00f6ntem ve muazzam bir entelekt\u00fcel \u00e7abayla harmanlayarak yaratt\u0131\u011f\u0131 b\u00fcy\u00fck bir \u00e7al\u0131\u015fma sunuyor. Yazar evrimin, baz\u0131 g\u00f6r\u00fc\u015flerin tersine bir hayli karma\u015f\u0131k oldu\u011funu, evrim s\u00fcreci i\u00e7inde anlam ve amac\u0131n yeri oldu\u011funu hatta bunlar\u0131n da s\u00fcre\u00e7 i\u00e7inde evrildiklerini dile getirirken, yeteneklerdeki evrimin \u00f6nemine dikkat \u00e7ekmektedir. Dinin karma\u015f\u0131k bir g\u00f6r\u00fcng\u00fc (fenomen) oldu\u011funu ve tan\u0131mlanmas\u0131n\u0131n kolay olmad\u0131\u011f\u0131n\u0131 \u00f6ne s\u00fcren Bellah dini, insanlar taraf\u0131ndan benimsenip, kullan\u0131ld\u0131\u011f\u0131nda genel bir varolu\u015f d\u00fczeni a\u00e7\u0131s\u0131ndan anlam\u0131 olan, g\u00fc\u00e7l\u00fc, ya\u015fam tarz\u0131, davran\u0131\u015flar vb. ile her\u015feyin i\u00e7ine i\u015fleyen kal\u0131c\u0131 ruh halleri ve g\u00fcd\u00fclerin toplam\u0131 olarak tan\u0131mlamaktad\u0131r. Bu kapsaml\u0131 eserinde, dinin toplumsal i\u015flevinin ancak dilin ortaya \u00e7\u0131kmas\u0131yla birlikte olanakl\u0131 hale geldi\u011fini savunan yazar, evrimin bir b\u00fct\u00fcn olarak anlam\u0131n\u0131n bizi \u00e7ok geni\u015f sorunlara g\u00f6t\u00fcrd\u00fc\u011f\u00fcn\u00fc ve bunlar\u0131n da ka\u00e7\u0131n\u0131lmaz olarak dinle \u00f6rt\u00fc\u015fen nihai anlamlara ula\u015ft\u0131\u011f\u0131n\u0131 ifade etmektedir. \u0130stanbul Bilgi \u00dcniversitesi Yay\u0131nlar\u0131 olarak, Eski Ta\u015f \u00c7a\u011f\u0131\u2019ndan, Eksen \u00c7a\u011f\u0131\u2019na kadar olan insanl\u0131\u011f\u0131n b\u00fcy\u00fck d\u00f6n\u00fc\u015f\u00fcm s\u00fcrecini; Din ve Ger\u00e7eklik, Din ve Evrim, Kabile Dini, Eskil Din, Eski \u0130srail, Eski Yunan, \u00c7in ve Eski Hint gibi b\u00f6l\u00fcmlerle geni\u015f kapsaml\u0131 akademik bilgiye dayanan sistematik ve kar\u015f\u0131la\u015ft\u0131rmal\u0131 bir y\u00f6ntemle inceleyen bu eserin temel bir ba\u015fvuru kitab\u0131 olaca\u011f\u0131na inan\u0131yoruz.<\/p>\n","protected":false},"excerpt":{"rendered":"<p>\u00c7a\u011f\u0131m\u0131z\u0131n en \u00f6nemli d\u00fc\u015f\u00fcn\u00fcrlerinden biri olan Robert Bellah, din sosyolojisini temel ald\u0131\u011f\u0131 bu eserinde \u00f6n\u00fcm\u00fcze; tarih, felsefe, antropoloji ve biyoloji gibi bilim dallar\u0131n\u0131 disiplinleraras\u0131 bir y\u00f6ntem<span class=\"excerpt-hellip\"> [\u2026]<\/span><\/p>\n","protected":false},"featured_media":0,"template":"","meta":{"_monsterinsights_skip_tracking":false,"_monsterinsights_sitenote_active":false,"_monsterinsights_sitenote_note":"","_monsterinsights_sitenote_category":0},"product_brand":[],"product_cat":[12312,12304],"product_tag":[],"class_list":{"0":"post-710437","1":"product","2":"type-product","3":"status-publish","5":"product_cat-diger","6":"product_cat-tarih","7":"pa_cilt-ciltsiz","8":"pa_tur-kitap","9":"pa_yayinevi-istanbul-bilgi-universitesi-yayinlari","10":"pa_yazar-robert-n-bellah","12":"first","13":"instock","14":"sale","15":"shipping-taxable","16":"purchasable","17":"product-type-simple"},"_links":{"self":[{"href":"https:\/\/roveyayinevi.com.tr\/index.php\/wp-json\/wp\/v2\/product\/710437","targetHints":{"allow":["GET"]}}],"collection":[{"href":"https:\/\/roveyayinevi.com.tr\/index.php\/wp-json\/wp\/v2\/product"}],"about":[{"href":"https:\/\/roveyayinevi.com.tr\/index.php\/wp-json\/wp\/v2\/types\/product"}],"wp:attachment":[{"href":"https:\/\/roveyayinevi.com.tr\/index.php\/wp-json\/wp\/v2\/media?parent=710437"}],"wp:term":[{"taxonomy":"product_brand","embeddable":true,"href":"https:\/\/roveyayinevi.com.tr\/index.php\/wp-json\/wp\/v2\/product_brand?post=710437"},{"taxonomy":"product_cat","embeddable":true,"href":"https:\/\/roveyayinevi.com.tr\/index.php\/wp-json\/wp\/v2\/product_cat?post=710437"},{"taxonomy":"product_tag","embeddable":true,"href":"https:\/\/roveyayinevi.com.tr\/index.php\/wp-json\/wp\/v2\/product_tag?post=710437"}],"curies":[{"name":"wp","href":"https:\/\/api.w.org\/{rel}","templated":true}]}}