{"id":710435,"date":"2025-08-27T16:35:37","date_gmt":"2025-08-27T13:35:37","guid":{"rendered":"https:\/\/roveyayinevi.com.tr\/index.php\/urun\/sinirlari-asarak-yasamak-bir-sosyal-bilimcinin-yasamindan-anilar\/"},"modified":"2026-04-16T02:19:17","modified_gmt":"2026-04-15T23:19:17","slug":"sinirlari-asarak-yasamak-bir-sosyal-bilimcinin-yasamindan-anilar","status":"publish","type":"product","link":"https:\/\/roveyayinevi.com.tr\/index.php\/urun\/sinirlari-asarak-yasamak-bir-sosyal-bilimcinin-yasamindan-anilar\/","title":{"rendered":"S\u0131n\u0131rlar\u0131 A\u015farak Ya\u015famak (Bir Sosyal Bilimcinin Ya\u015fam\u0131ndan An\u0131lar)"},"content":{"rendered":"<p>Siyaset\u00e7i ve sanat\u00e7\u0131lar\u0131n ya\u015fam\u00f6yk\u00fcleriyle s\u0131k kar\u015f\u0131la\u015f\u0131r\u0131z ama ara\u015ft\u0131rmac\u0131lar\u0131n hik\u00e2yelerini pek bilmeyiz. B\u00fct\u00fcn d\u00fcnyada oldu\u011fu gibi T\u00fcrkiye\u2019de de geni\u015f ilgi uyand\u0131ran ve sosyal bilimlerdeki bir\u00e7ok ara\u015ft\u0131rmay\u0131 etkileyen Hayali Cemaatler ve \u00dc\u00e7 Bayrak Alt\u0131nda\u2019n\u0131n yazar\u0131 Benedict Anderson bize kendi ya\u015fam\u0131n\u0131 anlat\u0131yor. Bu s\u0131n\u0131rlar\u0131 a\u015fan ya\u015famdan iyi bir yazar\u0131n nas\u0131l yeti\u015fti\u011fini, bir saha ara\u015ft\u0131rmac\u0131s\u0131n\u0131n ne gibi sorunlarla kar\u015f\u0131la\u015ft\u0131\u011f\u0131n\u0131, bunlar\u0131n \u00fcstesinden nas\u0131l geldi\u011fini anl\u0131yoruz. Ve en \u00f6nemlisi 20. y\u00fczy\u0131l\u0131n kendini t\u00fcm d\u00fcnyadan sorumlu g\u00f6ren evrenselci solcu ku\u015faklar\u0131n\u0131n d\u00fcnyaya nas\u0131l bakt\u0131\u011f\u0131n\u0131 hat\u0131rl\u0131yoruz. <\/p>\n","protected":false},"excerpt":{"rendered":"<p>Siyaset\u00e7i ve sanat\u00e7\u0131lar\u0131n ya\u015fam\u00f6yk\u00fcleriyle s\u0131k kar\u015f\u0131la\u015f\u0131r\u0131z ama ara\u015ft\u0131rmac\u0131lar\u0131n hik\u00e2yelerini pek bilmeyiz. B\u00fct\u00fcn d\u00fcnyada oldu\u011fu gibi T\u00fcrkiye\u2019de de geni\u015f ilgi uyand\u0131ran ve sosyal bilimlerdeki bir\u00e7ok ara\u015ft\u0131rmay\u0131 etkileyen<span class=\"excerpt-hellip\"> [\u2026]<\/span><\/p>\n","protected":false},"featured_media":0,"template":"","meta":{"_monsterinsights_skip_tracking":false,"_monsterinsights_sitenote_active":false,"_monsterinsights_sitenote_note":"","_monsterinsights_sitenote_category":0},"product_brand":[],"product_cat":[12312,12304],"product_tag":[],"class_list":{"0":"post-710435","1":"product","2":"type-product","3":"status-publish","5":"product_cat-diger","6":"product_cat-tarih","7":"pa_cilt-ciltsiz","8":"pa_tur-kitap","9":"pa_yayinevi-metis-yayinlari","10":"pa_yazar-benedict-anderson","12":"first","13":"instock","14":"sale","15":"shipping-taxable","16":"purchasable","17":"product-type-simple"},"_links":{"self":[{"href":"https:\/\/roveyayinevi.com.tr\/index.php\/wp-json\/wp\/v2\/product\/710435","targetHints":{"allow":["GET"]}}],"collection":[{"href":"https:\/\/roveyayinevi.com.tr\/index.php\/wp-json\/wp\/v2\/product"}],"about":[{"href":"https:\/\/roveyayinevi.com.tr\/index.php\/wp-json\/wp\/v2\/types\/product"}],"wp:attachment":[{"href":"https:\/\/roveyayinevi.com.tr\/index.php\/wp-json\/wp\/v2\/media?parent=710435"}],"wp:term":[{"taxonomy":"product_brand","embeddable":true,"href":"https:\/\/roveyayinevi.com.tr\/index.php\/wp-json\/wp\/v2\/product_brand?post=710435"},{"taxonomy":"product_cat","embeddable":true,"href":"https:\/\/roveyayinevi.com.tr\/index.php\/wp-json\/wp\/v2\/product_cat?post=710435"},{"taxonomy":"product_tag","embeddable":true,"href":"https:\/\/roveyayinevi.com.tr\/index.php\/wp-json\/wp\/v2\/product_tag?post=710435"}],"curies":[{"name":"wp","href":"https:\/\/api.w.org\/{rel}","templated":true}]}}