{"id":710429,"date":"2025-08-27T16:35:34","date_gmt":"2025-08-27T13:35:34","guid":{"rendered":"https:\/\/roveyayinevi.com.tr\/index.php\/urun\/nvivo-ile-nitel-veri-analizi\/"},"modified":"2026-04-16T02:19:17","modified_gmt":"2026-04-15T23:19:17","slug":"nvivo-ile-nitel-veri-analizi","status":"publish","type":"product","link":"https:\/\/roveyayinevi.com.tr\/index.php\/urun\/nvivo-ile-nitel-veri-analizi\/","title":{"rendered":"NVivo \u0130le Nitel Veri Analizi"},"content":{"rendered":"<p>NVIVO \u0130LE N\u0130TEL VER\u0130 ANAL\u0130Z\u0130 R\u00fczg\u00e2r estik\u00e7e \u00e7\u00f6llerdeki kumlar\u0131n yer de\u011fi\u015ftirdi\u011fi gibi ara\u015ft\u0131rma y\u00f6ntemlerinde zaman i\u00e7inde ciddi paradigma de\u011fi\u015fimleri ya\u015fanmaktad\u0131r. D\u00fcnyada her alanda ya\u015fanan h\u0131zl\u0131 de\u011fi\u015fim ve d\u00f6n\u00fc\u015f\u00fcm, ara\u015ft\u0131rma y\u00f6ntemlerinde ve veri analiz s\u00fcrecinde yenilik ve geli\u015fimi zorunlu k\u0131lmaktad\u0131r. \u00d6zellikle nitel y\u00f6ntemin pop\u00fclaritesi artmakta, bu do\u011frultuda analiz teknikleri ve analiz programlar\u0131 geli\u015ftirilmektedir. Yakla\u015f\u0131k otuz y\u0131l\u0131 a\u015fk\u0131n bir s\u00fcredir kullan\u0131lmakta olan nitel veri analizi yaz\u0131l\u0131mlar\u0131ndan biri NVivo&#8217;dur. NVivo d\u00fcnyan\u0131n her yerinden ara\u015ft\u0131rmac\u0131lar\u0131n halihaz\u0131rda kullanmakta oldu\u011fu ve bir \u00e7o\u011funun ise \u00f6\u011frenmek istedi\u011fi olduk\u00e7a i\u015flevsel bir programd\u0131r. NVivo yaz\u0131l\u0131m\u0131 toplanan verilerin d\u00fczenlenmesi, verilerin kodlanmas\u0131, kat\u0131l\u0131mc\u0131lar\u0131n cevaplar\u0131n\u0131n kar\u015f\u0131la\u015ft\u0131r\u0131lmas\u0131, metin \u00fczerinde \u00e7e\u015fitli sorgulamalar\u0131n yap\u0131lmas\u0131 konusunda ara\u015ft\u0131rmac\u0131lara yard\u0131mc\u0131 olmaktad\u0131r. On iki b\u00f6l\u00fcmden olu\u015fan bu kitap, Nvivo yaz\u0131l\u0131m\u0131n\u0131n kullan\u0131m\u0131n\u0131 ad\u0131m ad\u0131m anlatmakta ve verilerin haz\u0131rlanmas\u0131ndan kodlamaya ve sorgulamalara kadar \u00e7e\u015fitli konularda zengin \u00f6rnekler ve ekran g\u00f6r\u00fcnt\u00fcleri sunmaktad\u0131r. Verilen \u00f6rneklerde &#8220;\u00c7evresel De\u011fi\u015fim Projesi&#8221; adl\u0131 ger\u00e7ek bir projeden elde edilen veriler kullan\u0131lm\u0131\u015ft\u0131r. Bu \u00f6rnek projeye ait dosyalar yaz\u0131l\u0131m ile birlikte verilmekte olup kitab\u0131n \u00e7e\u015fitli yerlerinde bu projeye ve projenin unsurlar\u0131na g\u00f6ndermelerde bulunulmaktad\u0131r. Kitab\u0131 okurken \u00f6rnek projeyi inceleyebilir ve anlat\u0131lanlar\u0131 proje \u00fczerinde ad\u0131m ad\u0131m izleyebilirsiniz. \u00c7al\u0131\u015fman\u0131n sizin nitel analize y\u00f6nelik bilgi ve becerilerinizi \u00f6zellikle de NVivo kullanma konusundaki yetkinli\u011finizi art\u0131raca\u011f\u0131 d\u00fc\u015f\u00fcn\u00fclmektedir. Bu kitap NVivo yaz\u0131l\u0131m\u0131n\u0131n kullan\u0131m\u0131n\u0131 g\u00f6stermekle kalmay\u0131p, ayn\u0131 zamanda nitel ara\u015ft\u0131rmalara y\u00f6nelik bilginizi art\u0131rman\u0131za da yard\u0131mc\u0131 olacakt\u0131r. \ufffcTan\u0131t\u0131m Metni<\/p>\n","protected":false},"excerpt":{"rendered":"<p>NVIVO \u0130LE N\u0130TEL VER\u0130 ANAL\u0130Z\u0130 R\u00fczg\u00e2r estik\u00e7e \u00e7\u00f6llerdeki kumlar\u0131n yer de\u011fi\u015ftirdi\u011fi gibi ara\u015ft\u0131rma y\u00f6ntemlerinde zaman i\u00e7inde ciddi paradigma de\u011fi\u015fimleri ya\u015fanmaktad\u0131r. D\u00fcnyada her alanda ya\u015fanan h\u0131zl\u0131 de\u011fi\u015fim<span class=\"excerpt-hellip\"> [\u2026]<\/span><\/p>\n","protected":false},"featured_media":0,"template":"","meta":{"_monsterinsights_skip_tracking":false,"_monsterinsights_sitenote_active":false,"_monsterinsights_sitenote_note":"","_monsterinsights_sitenote_category":0},"product_brand":[],"product_cat":[12573,12566],"product_tag":[],"class_list":{"0":"post-710429","1":"product","2":"type-product","3":"status-publish","5":"product_cat-akademik-kitaplar","6":"product_cat-egitim","7":"pa_cilt-ciltsiz","8":"pa_tur-kitap","9":"pa_yayinevi-ani-yayincilik","10":"pa_yazar-kristi-jackson-pat-bazeley","12":"first","13":"instock","14":"sale","15":"shipping-taxable","16":"purchasable","17":"product-type-simple"},"_links":{"self":[{"href":"https:\/\/roveyayinevi.com.tr\/index.php\/wp-json\/wp\/v2\/product\/710429","targetHints":{"allow":["GET"]}}],"collection":[{"href":"https:\/\/roveyayinevi.com.tr\/index.php\/wp-json\/wp\/v2\/product"}],"about":[{"href":"https:\/\/roveyayinevi.com.tr\/index.php\/wp-json\/wp\/v2\/types\/product"}],"wp:attachment":[{"href":"https:\/\/roveyayinevi.com.tr\/index.php\/wp-json\/wp\/v2\/media?parent=710429"}],"wp:term":[{"taxonomy":"product_brand","embeddable":true,"href":"https:\/\/roveyayinevi.com.tr\/index.php\/wp-json\/wp\/v2\/product_brand?post=710429"},{"taxonomy":"product_cat","embeddable":true,"href":"https:\/\/roveyayinevi.com.tr\/index.php\/wp-json\/wp\/v2\/product_cat?post=710429"},{"taxonomy":"product_tag","embeddable":true,"href":"https:\/\/roveyayinevi.com.tr\/index.php\/wp-json\/wp\/v2\/product_tag?post=710429"}],"curies":[{"name":"wp","href":"https:\/\/api.w.org\/{rel}","templated":true}]}}