{"id":710426,"date":"2025-08-27T16:35:32","date_gmt":"2025-08-27T13:35:32","guid":{"rendered":"https:\/\/roveyayinevi.com.tr\/index.php\/urun\/anayurt-oteli\/"},"modified":"2026-04-16T02:19:17","modified_gmt":"2026-04-15T23:19:17","slug":"anayurt-oteli","status":"publish","type":"product","link":"https:\/\/roveyayinevi.com.tr\/index.php\/urun\/anayurt-oteli\/","title":{"rendered":"Anayurt Oteli"},"content":{"rendered":"<p>Bir oteli y\u00f6netmekle bir kurumu, geni\u015f bir i\u015fletmeyi, bir \u00fclkeyi y\u00f6netmek ayn\u0131 \u015feydi asl\u0131nda. \u0130nsan kendini, olanaklar\u0131n\u0131 tan\u0131maya, ger\u00e7ek sorumlulu\u011fun ne oldu\u011funu anlamaya ba\u015flay\u0131nca bocal\u0131yordu, dayanam\u0131yordu. \u00dclkeleri y\u00f6netenler iyi ki bilmiyorlard\u0131 bunu; yoksa bir otel y\u00f6neticisinin yapabilece\u011finden \u00e7ok daha b\u00fcy\u00fck hasarlar yaparlard\u0131 yery\u00fcz\u00fcnde. Defteri kapad\u0131. Ne gere\u011fi vard\u0131 art\u0131k bunlar\u0131 yazman\u0131n ya da birka\u00e7 sat\u0131r yaz\u0131p b\u0131rakman\u0131n?\u00c7a\u011fda\u015f edebiyat\u0131m\u0131z\u0131n en \u00fcnl\u00fc ki\u015filerinden Zebercet, ya\u015fam\u0131n\u0131 g\u00fcnl\u00fck ya\u015fam\u0131n gerektirdi\u011fi en basit i\u015flevlere odaklam\u0131\u015f biri. G\u00f6r\u00fcn\u00fc\u015f\u00fcyle son derece ger\u00e7ek, basit ve s\u0131radan. Ama i\u00e7imizde b\u0131rakt\u0131\u011f\u0131 etki \u00f6yle mi? Yusuf At\u0131lgan\u2019\u0131n unutulmaz roman\u0131 Anayurt Oteli, bir memleket portresi, bir miza\u00e7 izah\u0131. Yay\u0131mland\u0131\u011f\u0131 ilk g\u00fcnden bu yana ba\u015fucumuzda. Okura d\u00fc\u015fen de onu daha yak\u0131ndan tan\u0131mak.<\/p>\n","protected":false},"excerpt":{"rendered":"<p>Bir oteli y\u00f6netmekle bir kurumu, geni\u015f bir i\u015fletmeyi, bir \u00fclkeyi y\u00f6netmek ayn\u0131 \u015feydi asl\u0131nda. \u0130nsan kendini, olanaklar\u0131n\u0131 tan\u0131maya, ger\u00e7ek sorumlulu\u011fun ne oldu\u011funu anlamaya ba\u015flay\u0131nca bocal\u0131yordu, dayanam\u0131yordu.<span class=\"excerpt-hellip\"> [\u2026]<\/span><\/p>\n","protected":false},"featured_media":0,"template":"","meta":{"_monsterinsights_skip_tracking":false,"_monsterinsights_sitenote_active":false,"_monsterinsights_sitenote_note":"","_monsterinsights_sitenote_category":0},"product_brand":[],"product_cat":[12291,12292],"product_tag":[],"class_list":{"0":"post-710426","1":"product","2":"type-product","3":"status-publish","5":"product_cat-edebiyat","6":"product_cat-turk-edebiyati","7":"pa_cilt-ciltsiz","8":"pa_tur-kitap","9":"pa_yayinevi-can-yayinlari","10":"pa_yazar-yusuf-atilgan","12":"first","13":"instock","14":"sale","15":"shipping-taxable","16":"purchasable","17":"product-type-simple"},"_links":{"self":[{"href":"https:\/\/roveyayinevi.com.tr\/index.php\/wp-json\/wp\/v2\/product\/710426","targetHints":{"allow":["GET"]}}],"collection":[{"href":"https:\/\/roveyayinevi.com.tr\/index.php\/wp-json\/wp\/v2\/product"}],"about":[{"href":"https:\/\/roveyayinevi.com.tr\/index.php\/wp-json\/wp\/v2\/types\/product"}],"wp:attachment":[{"href":"https:\/\/roveyayinevi.com.tr\/index.php\/wp-json\/wp\/v2\/media?parent=710426"}],"wp:term":[{"taxonomy":"product_brand","embeddable":true,"href":"https:\/\/roveyayinevi.com.tr\/index.php\/wp-json\/wp\/v2\/product_brand?post=710426"},{"taxonomy":"product_cat","embeddable":true,"href":"https:\/\/roveyayinevi.com.tr\/index.php\/wp-json\/wp\/v2\/product_cat?post=710426"},{"taxonomy":"product_tag","embeddable":true,"href":"https:\/\/roveyayinevi.com.tr\/index.php\/wp-json\/wp\/v2\/product_tag?post=710426"}],"curies":[{"name":"wp","href":"https:\/\/api.w.org\/{rel}","templated":true}]}}