{"id":710425,"date":"2025-08-27T16:35:31","date_gmt":"2025-08-27T13:35:31","guid":{"rendered":"https:\/\/roveyayinevi.com.tr\/index.php\/urun\/butun-oykuleri-2\/"},"modified":"2026-04-16T02:19:17","modified_gmt":"2026-04-15T23:19:17","slug":"butun-oykuleri-2","status":"publish","type":"product","link":"https:\/\/roveyayinevi.com.tr\/index.php\/urun\/butun-oykuleri-2\/","title":{"rendered":"B\u00fct\u00fcn \u00d6yk\u00fcleri"},"content":{"rendered":"<p>Bu gece eve gitmese su\u00e7 i\u015fledi\u011fine kan\u0131t olacak bu. Soka\u011f\u0131na d\u00f6nd\u00fc. Evi solda, ileride. I\u015f\u0131ks\u0131z. \u0130nsanlar ge\u00e7iyor \u00f6n\u00fcnden, her geceki gibi. Oysa ba\u015fka olaylar bekliyordu. Kap\u0131n\u0131n \u00f6n\u00fcnde durdu. Pencerelerde \u0131\u015f\u0131k olsa. Kimsesi yok. \u201cS\u0131k\u0131\u015ft\u0131k m\u0131 yaln\u0131zl\u0131\u011f\u0131m\u0131z daha koyula\u015f\u0131yor.\u201d \u0130\u00e7eri girer girmez kap\u0131y\u0131 kilitledi. Gitti odas\u0131ndaki \u0131\u015f\u0131\u011f\u0131 yakt\u0131. Yatacak k\u00f6\u015fede, b\u0131rakt\u0131\u011f\u0131 gibi. Her \u015fey yerli yerinde. Tozlar, tabandaki \u00e7amur par\u00e7alar\u0131.   Yusuf At\u0131lgan, ilkgen\u00e7lik y\u0131llar\u0131nda yazd\u0131\u011f\u0131 \u00f6yk\u00fcleriyle Terc\u00fcman gazetesinin a\u00e7t\u0131\u011f\u0131 yar\u0131\u015fmada \u00f6d\u00fcl kazanm\u0131\u015f, daha sonra \u00f6yk\u00fclerini edebiyat dergilerinde yay\u0131mlam\u0131\u015ft\u0131. Tek \u00f6yk\u00fc kitab\u0131 Bodur Minareden \u00d6te\u2019yi 1960\u2019ta \u00e7\u0131kard\u0131. Yazar\u0131n b\u00fct\u00fcn \u00f6yk\u00fcleri ilk kez 1992\u2019de Eylemci ad\u0131yla bas\u0131ld\u0131, B\u00fct\u00fcn \u00d6yk\u00fcleri ad\u0131n\u0131 ta\u015f\u0131yan ve Ekmek Elden S\u00fct Memeden\u2019deki \u00e7ocuk \u00f6yk\u00fclerini de kapsayan bu kitapsa 2000\u2019de yay\u0131mland\u0131. Edebiyat\u0131m\u0131z\u0131n bu b\u00fcy\u00fck yazar\u0131n\u0131n \u00f6yk\u00fcleri okura romanlar\u0131n\u0131n atmosferi ve co\u011frafyas\u0131 hakk\u0131nda ipu\u00e7lar\u0131 verecektir<\/p>\n","protected":false},"excerpt":{"rendered":"<p>Bu gece eve gitmese su\u00e7 i\u015fledi\u011fine kan\u0131t olacak bu. Soka\u011f\u0131na d\u00f6nd\u00fc. Evi solda, ileride. I\u015f\u0131ks\u0131z. \u0130nsanlar ge\u00e7iyor \u00f6n\u00fcnden, her geceki gibi. Oysa ba\u015fka olaylar bekliyordu. Kap\u0131n\u0131n<span class=\"excerpt-hellip\"> [\u2026]<\/span><\/p>\n","protected":false},"featured_media":0,"template":"","meta":{"_monsterinsights_skip_tracking":false,"_monsterinsights_sitenote_active":false,"_monsterinsights_sitenote_note":"","_monsterinsights_sitenote_category":0},"product_brand":[],"product_cat":[12291,12292],"product_tag":[],"class_list":{"0":"post-710425","1":"product","2":"type-product","3":"status-publish","5":"product_cat-edebiyat","6":"product_cat-turk-edebiyati","7":"pa_cilt-ciltsiz","8":"pa_tur-kitap","9":"pa_yayinevi-can-yayinlari","10":"pa_yazar-yusuf-atilgan","12":"first","13":"instock","14":"sale","15":"shipping-taxable","16":"purchasable","17":"product-type-simple"},"_links":{"self":[{"href":"https:\/\/roveyayinevi.com.tr\/index.php\/wp-json\/wp\/v2\/product\/710425","targetHints":{"allow":["GET"]}}],"collection":[{"href":"https:\/\/roveyayinevi.com.tr\/index.php\/wp-json\/wp\/v2\/product"}],"about":[{"href":"https:\/\/roveyayinevi.com.tr\/index.php\/wp-json\/wp\/v2\/types\/product"}],"wp:attachment":[{"href":"https:\/\/roveyayinevi.com.tr\/index.php\/wp-json\/wp\/v2\/media?parent=710425"}],"wp:term":[{"taxonomy":"product_brand","embeddable":true,"href":"https:\/\/roveyayinevi.com.tr\/index.php\/wp-json\/wp\/v2\/product_brand?post=710425"},{"taxonomy":"product_cat","embeddable":true,"href":"https:\/\/roveyayinevi.com.tr\/index.php\/wp-json\/wp\/v2\/product_cat?post=710425"},{"taxonomy":"product_tag","embeddable":true,"href":"https:\/\/roveyayinevi.com.tr\/index.php\/wp-json\/wp\/v2\/product_tag?post=710425"}],"curies":[{"name":"wp","href":"https:\/\/api.w.org\/{rel}","templated":true}]}}