{"id":710424,"date":"2025-08-27T16:35:31","date_gmt":"2025-08-27T13:35:31","guid":{"rendered":"https:\/\/roveyayinevi.com.tr\/index.php\/urun\/yine-oyle-hissettiginde\/"},"modified":"2026-04-16T02:19:17","modified_gmt":"2026-04-15T23:19:17","slug":"yine-oyle-hissettiginde","status":"publish","type":"product","link":"https:\/\/roveyayinevi.com.tr\/index.php\/urun\/yine-oyle-hissettiginde\/","title":{"rendered":"Yine \u00d6yle Hissetti\u011finde"},"content":{"rendered":"<p>\u201cCem G\u00fcvent\u00fcrk, \u00e7izgisiyle ve mizah\u0131yla yeni bir \u00fcslup buldu, bildi\u011fimiz karikat\u00fcr tan\u0131m\u0131n\u0131n \u00fcst\u00fcn\u00fc \u00e7izdi; kendi renkleriyle boyad\u0131&#8230; Her karikat\u00fcr\u00fc bir r\u00fcya sahnesi gibi. Bu r\u00fcya karelerinde h\u00fcz\u00fcnl\u00fc \u015fap\u015fallar, kafas\u0131 kar\u0131\u015f\u0131k a\u015f\u0131klar, kalp k\u0131r\u0131kl\u0131\u011f\u0131 ya\u015fayan \u015fa\u015fk\u0131nlar, anla\u015f\u0131lmayan ruhlar, yanl\u0131\u015f hesapla\u015fmalar, umutsuz e\u015fyalar, tatl\u0131 yaln\u0131zlar, g\u0131c\u0131k tespitler ve s\u0131cac\u0131k vicdanlar var. Sadece kendi beynini de\u011fil, sizinkini de i\u015fin i\u00e7ine kat\u0131yor. Kolayca katlanamayaca\u011f\u0131m\u0131z ayr\u0131nt\u0131lara g\u00fclerek, e\u011flenerek bakabilmek i\u00e7in var Cem\u2019in karikat\u00fcrleri.\u201d Sel\u00e7uk Erdem <\/p>\n","protected":false},"excerpt":{"rendered":"<p>\u201cCem G\u00fcvent\u00fcrk, \u00e7izgisiyle ve mizah\u0131yla yeni bir \u00fcslup buldu, bildi\u011fimiz karikat\u00fcr tan\u0131m\u0131n\u0131n \u00fcst\u00fcn\u00fc \u00e7izdi; kendi renkleriyle boyad\u0131&#8230; Her karikat\u00fcr\u00fc bir r\u00fcya sahnesi gibi. Bu r\u00fcya karelerinde<span class=\"excerpt-hellip\"> [\u2026]<\/span><\/p>\n","protected":false},"featured_media":0,"template":"","meta":{"_monsterinsights_skip_tracking":false,"_monsterinsights_sitenote_active":false,"_monsterinsights_sitenote_note":"","_monsterinsights_sitenote_category":0},"product_brand":[],"product_cat":[12291,49405],"product_tag":[],"class_list":{"0":"post-710424","1":"product","2":"type-product","3":"status-publish","5":"product_cat-edebiyat","6":"product_cat-karikatur","7":"pa_cilt-ciltsiz","8":"pa_tur-kitap","9":"pa_yayinevi-kara-karga-yayinlari","10":"pa_yazar-cem-guventurk","12":"first","13":"instock","14":"sale","15":"shipping-taxable","16":"purchasable","17":"product-type-simple"},"_links":{"self":[{"href":"https:\/\/roveyayinevi.com.tr\/index.php\/wp-json\/wp\/v2\/product\/710424","targetHints":{"allow":["GET"]}}],"collection":[{"href":"https:\/\/roveyayinevi.com.tr\/index.php\/wp-json\/wp\/v2\/product"}],"about":[{"href":"https:\/\/roveyayinevi.com.tr\/index.php\/wp-json\/wp\/v2\/types\/product"}],"wp:attachment":[{"href":"https:\/\/roveyayinevi.com.tr\/index.php\/wp-json\/wp\/v2\/media?parent=710424"}],"wp:term":[{"taxonomy":"product_brand","embeddable":true,"href":"https:\/\/roveyayinevi.com.tr\/index.php\/wp-json\/wp\/v2\/product_brand?post=710424"},{"taxonomy":"product_cat","embeddable":true,"href":"https:\/\/roveyayinevi.com.tr\/index.php\/wp-json\/wp\/v2\/product_cat?post=710424"},{"taxonomy":"product_tag","embeddable":true,"href":"https:\/\/roveyayinevi.com.tr\/index.php\/wp-json\/wp\/v2\/product_tag?post=710424"}],"curies":[{"name":"wp","href":"https:\/\/api.w.org\/{rel}","templated":true}]}}