{"id":710423,"date":"2025-08-27T16:35:30","date_gmt":"2025-08-27T13:35:30","guid":{"rendered":"https:\/\/roveyayinevi.com.tr\/index.php\/urun\/insomnia-cafe\/"},"modified":"2026-04-16T02:19:17","modified_gmt":"2026-04-15T23:19:17","slug":"insomnia-cafe","status":"publish","type":"product","link":"https:\/\/roveyayinevi.com.tr\/index.php\/urun\/insomnia-cafe\/","title":{"rendered":"\u0130nsomnia Cafe"},"content":{"rendered":"<p>D\u00fcnyan\u0131n say\u0131l\u0131 antika kitap eksperlerinden olan Peter Kolinsky, prestijli bir m\u00fczayede evinde \u00e7al\u0131\u015facak kadar y\u00fckselmi\u015ftir. Karaborsac\u0131lar\u0131n da ilgisini \u00e7ekmeye ba\u015flayan Kolinsky, hapishanenin kap\u0131s\u0131ndan d\u00f6nm\u00fc\u015ft\u00fcr. \u015eimdi ise k\u00fc\u00e7\u00fck bir apartmanda yaln\u0131z bir hayat s\u00fcr\u00fcp, nefret etti\u011fi bir i\u015fte \u00e7al\u0131\u015fmaya ba\u015flam\u0131\u015ft\u0131r. Bir gece kahve i\u00e7mek \u00fczere gitti\u011fi Insomnia Caf\u00e9\u2019de, Angela ile tan\u0131\u015ft\u0131ktan sonra her \u015fey de\u011fi\u015fir. Angela, ona kay\u0131p bir k\u00fct\u00fcphanenin kap\u0131lar\u0131n\u0131 a\u00e7ar. Orada \u00fcnl\u00fc yazarlar\u0131n hen\u00fcz yazmad\u0131klar\u0131 kitaplar, raflarda durmaktad\u0131r&#8230; <\/p>\n","protected":false},"excerpt":{"rendered":"<p>D\u00fcnyan\u0131n say\u0131l\u0131 antika kitap eksperlerinden olan Peter Kolinsky, prestijli bir m\u00fczayede evinde \u00e7al\u0131\u015facak kadar y\u00fckselmi\u015ftir. Karaborsac\u0131lar\u0131n da ilgisini \u00e7ekmeye ba\u015flayan Kolinsky, hapishanenin kap\u0131s\u0131ndan d\u00f6nm\u00fc\u015ft\u00fcr. \u015eimdi ise<span class=\"excerpt-hellip\"> [\u2026]<\/span><\/p>\n","protected":false},"featured_media":0,"template":"","meta":{"_monsterinsights_skip_tracking":false,"_monsterinsights_sitenote_active":false,"_monsterinsights_sitenote_note":"","_monsterinsights_sitenote_category":0},"product_brand":[],"product_cat":[12689,12274],"product_tag":[],"class_list":{"0":"post-710423","1":"product","2":"type-product","3":"status-publish","5":"product_cat-cizgi-roman-cocuk-ve-genclik-kitaplari","6":"product_cat-cocuk-ve-genclik-kitaplari","7":"pa_cilt-ciltsiz","8":"pa_tur-kitap","9":"pa_yayinevi-kara-karga-yayinlari","10":"pa_yazar-m-k-perker","12":"first","13":"instock","14":"sale","15":"shipping-taxable","16":"purchasable","17":"product-type-simple"},"_links":{"self":[{"href":"https:\/\/roveyayinevi.com.tr\/index.php\/wp-json\/wp\/v2\/product\/710423","targetHints":{"allow":["GET"]}}],"collection":[{"href":"https:\/\/roveyayinevi.com.tr\/index.php\/wp-json\/wp\/v2\/product"}],"about":[{"href":"https:\/\/roveyayinevi.com.tr\/index.php\/wp-json\/wp\/v2\/types\/product"}],"wp:attachment":[{"href":"https:\/\/roveyayinevi.com.tr\/index.php\/wp-json\/wp\/v2\/media?parent=710423"}],"wp:term":[{"taxonomy":"product_brand","embeddable":true,"href":"https:\/\/roveyayinevi.com.tr\/index.php\/wp-json\/wp\/v2\/product_brand?post=710423"},{"taxonomy":"product_cat","embeddable":true,"href":"https:\/\/roveyayinevi.com.tr\/index.php\/wp-json\/wp\/v2\/product_cat?post=710423"},{"taxonomy":"product_tag","embeddable":true,"href":"https:\/\/roveyayinevi.com.tr\/index.php\/wp-json\/wp\/v2\/product_tag?post=710423"}],"curies":[{"name":"wp","href":"https:\/\/api.w.org\/{rel}","templated":true}]}}