{"id":710421,"date":"2025-08-27T16:35:29","date_gmt":"2025-08-27T13:35:29","guid":{"rendered":"https:\/\/roveyayinevi.com.tr\/index.php\/urun\/gocmenler-ve-multeciler\/"},"modified":"2026-04-16T02:19:17","modified_gmt":"2026-04-15T23:19:17","slug":"gocmenler-ve-multeciler","status":"publish","type":"product","link":"https:\/\/roveyayinevi.com.tr\/index.php\/urun\/gocmenler-ve-multeciler\/","title":{"rendered":"G\u00f6\u00e7menler ve M\u00fclteciler"},"content":{"rendered":"<p>\u201cBu kitap, kendi ya\u015fam\u0131m, psikoloji ihtisas\u0131m, psikoterapi mesle\u011fi ile ilgili ald\u0131\u011f\u0131m e\u011fitimler, kendi terapi s\u00fcrecim ve dan\u0131\u015fanlar\u0131mla edindi\u011fim deneyimlerin bir \u00fcr\u00fcn\u00fcd\u00fcr. Bu kitab\u0131n ad\u0131n\u0131 \u2018\u00c7evrimd\u0131\u015f\u0131 \u0130li\u015fkiler\u2019 koymam\u0131n nedeni, \u00e7o\u011fu psikolojik s\u0131k\u0131nt\u0131m\u0131z\u0131n ili\u015fki kurma bi\u00e7imimizden kaynakland\u0131\u011f\u0131n\u0131 d\u00fc\u015f\u00fcnmemdendir. \u00c7\u00fcnk\u00fc ili\u015fki kurmak ve ili\u015fkiyi s\u00fcrd\u00fcrmekte ya\u015fanan sorunlar, ili\u015fki kurma bi\u00e7imimizin nas\u0131l bir temele sahip oldu\u011funa ba\u011fl\u0131d\u0131r. Mevcut ili\u015fkilerimiz, \u00f6zellikle erken \u00e7ocukluk y\u0131llar\u0131nda \u00f6\u011frendi\u011fimiz, i\u00e7selle\u015ftirdi\u011fimiz ili\u015fki kal\u0131plar\u0131n\u0131n \u00fczerine kurulur. Bu y\u00fczden sa\u011fl\u0131kl\u0131 ili\u015fkiler kurup ili\u015fkiyi s\u00fcrd\u00fcrebilmemiz, yak\u0131n\u0131m\u0131zdakilerle \u2018\u00c7evrimi\u00e7i \u0130li\u015fki\u2019 de kalabilmemiz, ancak ili\u015fki kal\u0131plar\u0131m\u0131z\u0131 de\u011fi\u015ftirmemizle m\u00fcmk\u00fcnd\u00fcr. Okuyacaklar\u0131n\u0131z, ili\u015fki kurma bi\u00e7imlerinizi fark etmeniz, sorunlar\u0131n\u0131z\u0131n kayna\u011f\u0131n\u0131 anlayabilmeniz ve ruh sa\u011fl\u0131\u011f\u0131n\u0131z\u0131  koruyup s\u00fcrd\u00fcrebilmenize destek olabilir. Bu kitapta, bana ba\u015fvuran dan\u0131\u015fanlar i\u00e7in \u00e7e\u015fitli psikoterapi kuramlar\u0131 ile olu\u015fturdu\u011fum form\u00fcllerin onlar\u0131n ya\u015famlar\u0131n\u0131 nas\u0131l de\u011fi\u015ftirip kolayla\u015ft\u0131rd\u0131klar\u0131n\u0131 okuyabilirsiniz.\u201d Ali B\u0131\u00e7ak \u2013 Psikoterapist <\/p>\n","protected":false},"excerpt":{"rendered":"<p>\u201cBu kitap, kendi ya\u015fam\u0131m, psikoloji ihtisas\u0131m, psikoterapi mesle\u011fi ile ilgili ald\u0131\u011f\u0131m e\u011fitimler, kendi terapi s\u00fcrecim ve dan\u0131\u015fanlar\u0131mla edindi\u011fim deneyimlerin bir \u00fcr\u00fcn\u00fcd\u00fcr. Bu kitab\u0131n ad\u0131n\u0131 \u2018\u00c7evrimd\u0131\u015f\u0131 \u0130li\u015fkiler\u2019<span class=\"excerpt-hellip\"> [\u2026]<\/span><\/p>\n","protected":false},"featured_media":0,"template":"","meta":{"_monsterinsights_skip_tracking":false,"_monsterinsights_sitenote_active":false,"_monsterinsights_sitenote_note":"","_monsterinsights_sitenote_category":0},"product_brand":[],"product_cat":[12312,12304],"product_tag":[],"class_list":{"0":"post-710421","1":"product","2":"type-product","3":"status-publish","5":"product_cat-diger","6":"product_cat-tarih","7":"pa_cilt-ciltsiz","8":"pa_tur-kitap","9":"pa_yayinevi-pusula-yayinevi-ankara","10":"pa_yazar-ali-bicak","12":"first","13":"instock","14":"sale","15":"shipping-taxable","16":"purchasable","17":"product-type-simple"},"_links":{"self":[{"href":"https:\/\/roveyayinevi.com.tr\/index.php\/wp-json\/wp\/v2\/product\/710421","targetHints":{"allow":["GET"]}}],"collection":[{"href":"https:\/\/roveyayinevi.com.tr\/index.php\/wp-json\/wp\/v2\/product"}],"about":[{"href":"https:\/\/roveyayinevi.com.tr\/index.php\/wp-json\/wp\/v2\/types\/product"}],"wp:attachment":[{"href":"https:\/\/roveyayinevi.com.tr\/index.php\/wp-json\/wp\/v2\/media?parent=710421"}],"wp:term":[{"taxonomy":"product_brand","embeddable":true,"href":"https:\/\/roveyayinevi.com.tr\/index.php\/wp-json\/wp\/v2\/product_brand?post=710421"},{"taxonomy":"product_cat","embeddable":true,"href":"https:\/\/roveyayinevi.com.tr\/index.php\/wp-json\/wp\/v2\/product_cat?post=710421"},{"taxonomy":"product_tag","embeddable":true,"href":"https:\/\/roveyayinevi.com.tr\/index.php\/wp-json\/wp\/v2\/product_tag?post=710421"}],"curies":[{"name":"wp","href":"https:\/\/api.w.org\/{rel}","templated":true}]}}