{"id":710420,"date":"2025-08-27T16:35:29","date_gmt":"2025-08-27T13:35:29","guid":{"rendered":"https:\/\/roveyayinevi.com.tr\/index.php\/urun\/kayiptan-sonra-yasam\/"},"modified":"2026-04-16T02:19:17","modified_gmt":"2026-04-15T23:19:17","slug":"kayiptan-sonra-yasam","status":"publish","type":"product","link":"https:\/\/roveyayinevi.com.tr\/index.php\/urun\/kayiptan-sonra-yasam\/","title":{"rendered":"Kay\u0131ptan Sonra Ya\u015fam"},"content":{"rendered":"<p>\u201cBu kitab\u0131 yazmak, beni ya\u015fam\u0131m\u0131n baz\u0131 y\u00f6nlerinin yas\u0131n\u0131 yeniden tutmaya zorlad\u0131. Beni, kay\u0131p kar\u015f\u0131s\u0131ndaki incinebilir yanlar\u0131m\u0131n ve savunmalar\u0131m\u0131n hesab\u0131n\u0131 bir kez daha yapmaya y\u00f6neltti ve insan\u0131n do\u011fas\u0131na ili\u015fkin anlay\u0131\u015f\u0131m\u0131 derinle\u015ftirdi. T\u00fcm bunlar, kayb\u0131n b\u00fcy\u00fcme i\u00e7in bir ara\u00e7 olabilece\u011fi konusundaki d\u00fc\u015f\u00fcncemi peki\u015ftirdi. \u00d6yle umuyorum ki bu kitab\u0131 okuyunca yas ve kederin dinamikleriyle ilgili anlay\u0131\u015f\u0131n\u0131z artacak ve insan ruhunun kay\u0131p kar\u015f\u0131s\u0131ndaki esnekli\u011fine siz de benim gibi \u015fa\u015facaks\u0131n\u0131z.\u201d Prof. Dr. Vam\u0131k D. Volkan <\/p>\n","protected":false},"excerpt":{"rendered":"<p>\u201cBu kitab\u0131 yazmak, beni ya\u015fam\u0131m\u0131n baz\u0131 y\u00f6nlerinin yas\u0131n\u0131 yeniden tutmaya zorlad\u0131. Beni, kay\u0131p kar\u015f\u0131s\u0131ndaki incinebilir yanlar\u0131m\u0131n ve savunmalar\u0131m\u0131n hesab\u0131n\u0131 bir kez daha yapmaya y\u00f6neltti ve insan\u0131n<span class=\"excerpt-hellip\"> [\u2026]<\/span><\/p>\n","protected":false},"featured_media":0,"template":"","meta":{"_monsterinsights_skip_tracking":false,"_monsterinsights_sitenote_active":false,"_monsterinsights_sitenote_note":"","_monsterinsights_sitenote_category":0},"product_brand":[],"product_cat":[12312,12304],"product_tag":[],"class_list":{"0":"post-710420","1":"product","2":"type-product","3":"status-publish","5":"product_cat-diger","6":"product_cat-tarih","7":"pa_cilt-ciltsiz","8":"pa_tur-kitap","9":"pa_yayinevi-pusula-yayinevi-ankara","10":"pa_yazar-vamik-d-volkan","12":"first","13":"instock","14":"sale","15":"shipping-taxable","16":"purchasable","17":"product-type-simple"},"_links":{"self":[{"href":"https:\/\/roveyayinevi.com.tr\/index.php\/wp-json\/wp\/v2\/product\/710420","targetHints":{"allow":["GET"]}}],"collection":[{"href":"https:\/\/roveyayinevi.com.tr\/index.php\/wp-json\/wp\/v2\/product"}],"about":[{"href":"https:\/\/roveyayinevi.com.tr\/index.php\/wp-json\/wp\/v2\/types\/product"}],"wp:attachment":[{"href":"https:\/\/roveyayinevi.com.tr\/index.php\/wp-json\/wp\/v2\/media?parent=710420"}],"wp:term":[{"taxonomy":"product_brand","embeddable":true,"href":"https:\/\/roveyayinevi.com.tr\/index.php\/wp-json\/wp\/v2\/product_brand?post=710420"},{"taxonomy":"product_cat","embeddable":true,"href":"https:\/\/roveyayinevi.com.tr\/index.php\/wp-json\/wp\/v2\/product_cat?post=710420"},{"taxonomy":"product_tag","embeddable":true,"href":"https:\/\/roveyayinevi.com.tr\/index.php\/wp-json\/wp\/v2\/product_tag?post=710420"}],"curies":[{"name":"wp","href":"https:\/\/api.w.org\/{rel}","templated":true}]}}