{"id":710416,"date":"2025-08-27T16:35:27","date_gmt":"2025-08-27T13:35:27","guid":{"rendered":"https:\/\/roveyayinevi.com.tr\/index.php\/urun\/112-ogretmenligime-notlar\/"},"modified":"2026-04-16T02:19:17","modified_gmt":"2026-04-15T23:19:17","slug":"112-ogretmenligime-notlar","status":"publish","type":"product","link":"https:\/\/roveyayinevi.com.tr\/index.php\/urun\/112-ogretmenligime-notlar\/","title":{"rendered":"112 (\u00d6\u011fretmenli\u011fime Notlar)"},"content":{"rendered":"<p>\u00d6\u011fretmenlik; her g\u00fcn\u00fc bir di\u011ferinden farkl\u0131, tekrar\u0131 olmayan muhte\u015fem bir meslek ve uzun bir \u00f6yk\u00fc. \u00d6\u011fretmenli\u011fe yeni ba\u015flayanlar i\u00e7in ya\u015fanm\u0131\u015fl\u0131klardan, \u00f6rnek olaylardan yola \u00e7\u0131karak \u201cak\u0131lda bulunsun\u201d diyerek yaz\u0131yorum. Belli mi olur belki bir yerlerde, benzer \u015feyler ya\u015fan\u0131r ve \u00f6n \u00f6\u011frenmeler i\u015fe yarar. Bu yolculu\u011fun payla\u015ft\u0131k\u00e7a g\u00fczelle\u015fece\u011fine inananlardan\u0131z ve bizimki bu uzun \u00f6yk\u00fcn\u00fcn giri\u015f b\u00f6l\u00fcm\u00fcn\u00fcn dipnotlar\u0131 olsun. \u00d6\u011fretmenli\u011fin \u201c\u00f6\u011fretmek ve \u00f6\u011frenmek\u201d oldu\u011funu s\u00f6yleyen M\u00fcjdat Ataman, 112 \u00d6\u011fretmenli\u011fime Notlar adl\u0131 kitab\u0131nda deneyimlerinden gelen \u00f6nerilerini payla\u015f\u0131yor bizlerle. Ve Elma Yay\u0131nevi, Duygulara kapatt\u0131k g\u00f6z\u00fcm\u00fcz\u00fc, kuru bilgilerle doldurup gen\u00e7 beyinleri, kendi yaratt\u0131\u011f\u0131m\u0131z s\u0131navlarda geri istiyoruz gereksiz \u00f6\u011fretilerimizi, diyerek a\u00e7\u0131k y\u00fcreklilikle \u00f6zele\u015ftiri yapabilen bir \u00f6\u011fretmenin okumaya doyamayaca\u011f\u0131n\u0131z kitab\u0131yla bulu\u015fturuyor okuyucusunu. \u0130yi okumalar\u2026 <\/p>\n","protected":false},"excerpt":{"rendered":"<p>\u00d6\u011fretmenlik; her g\u00fcn\u00fc bir di\u011ferinden farkl\u0131, tekrar\u0131 olmayan muhte\u015fem bir meslek ve uzun bir \u00f6yk\u00fc. \u00d6\u011fretmenli\u011fe yeni ba\u015flayanlar i\u00e7in ya\u015fanm\u0131\u015fl\u0131klardan, \u00f6rnek olaylardan yola \u00e7\u0131karak \u201cak\u0131lda bulunsun\u201d<span class=\"excerpt-hellip\"> [\u2026]<\/span><\/p>\n","protected":false},"featured_media":0,"template":"","meta":{"_monsterinsights_skip_tracking":false,"_monsterinsights_sitenote_active":false,"_monsterinsights_sitenote_note":"","_monsterinsights_sitenote_category":0},"product_brand":[],"product_cat":[12364,12376],"product_tag":[],"class_list":{"0":"post-710416","1":"product","2":"type-product","3":"status-publish","5":"product_cat-genel-konular","6":"product_cat-kisisel-gelisim","7":"pa_cilt-ciltsiz","8":"pa_tur-kitap","9":"pa_yayinevi-elma-yayinevi","10":"pa_yazar-mujdat-ataman","12":"first","13":"instock","14":"sale","15":"shipping-taxable","16":"purchasable","17":"product-type-simple"},"_links":{"self":[{"href":"https:\/\/roveyayinevi.com.tr\/index.php\/wp-json\/wp\/v2\/product\/710416","targetHints":{"allow":["GET"]}}],"collection":[{"href":"https:\/\/roveyayinevi.com.tr\/index.php\/wp-json\/wp\/v2\/product"}],"about":[{"href":"https:\/\/roveyayinevi.com.tr\/index.php\/wp-json\/wp\/v2\/types\/product"}],"wp:attachment":[{"href":"https:\/\/roveyayinevi.com.tr\/index.php\/wp-json\/wp\/v2\/media?parent=710416"}],"wp:term":[{"taxonomy":"product_brand","embeddable":true,"href":"https:\/\/roveyayinevi.com.tr\/index.php\/wp-json\/wp\/v2\/product_brand?post=710416"},{"taxonomy":"product_cat","embeddable":true,"href":"https:\/\/roveyayinevi.com.tr\/index.php\/wp-json\/wp\/v2\/product_cat?post=710416"},{"taxonomy":"product_tag","embeddable":true,"href":"https:\/\/roveyayinevi.com.tr\/index.php\/wp-json\/wp\/v2\/product_tag?post=710416"}],"curies":[{"name":"wp","href":"https:\/\/api.w.org\/{rel}","templated":true}]}}