{"id":710415,"date":"2025-08-27T16:35:26","date_gmt":"2025-08-27T13:35:26","guid":{"rendered":"https:\/\/roveyayinevi.com.tr\/index.php\/urun\/japonca-standart-sozluk-japonca-turkce-turkce-japonca\/"},"modified":"2026-03-14T02:19:39","modified_gmt":"2026-03-13T23:19:39","slug":"japonca-standart-sozluk-japonca-turkce-turkce-japonca","status":"publish","type":"product","link":"https:\/\/roveyayinevi.com.tr\/index.php\/urun\/japonca-standart-sozluk-japonca-turkce-turkce-japonca\/","title":{"rendered":"Japonca Standart S\u00f6zl\u00fck (Japonca-T\u00fcrk\u00e7e &amp; T\u00fcrk\u00e7e-Japonca)"},"content":{"rendered":"<p>Bu S\u00f6zl\u00fckte en s\u0131k kullan\u0131lan yakla\u015f\u0131k 16.000 s\u00f6zc\u00fck yer almaktad\u0131r. <\/p>\n","protected":false},"excerpt":{"rendered":"<p>Bu S\u00f6zl\u00fckte en s\u0131k kullan\u0131lan yakla\u015f\u0131k 16.000 s\u00f6zc\u00fck yer almaktad\u0131r.<\/p>\n","protected":false},"featured_media":0,"template":"","meta":{"_monsterinsights_skip_tracking":false,"_monsterinsights_sitenote_active":false,"_monsterinsights_sitenote_note":"","_monsterinsights_sitenote_category":0},"product_brand":[],"product_cat":[14597,12566,25537],"product_tag":[],"class_list":{"0":"post-710415","1":"product","2":"type-product","3":"status-publish","5":"product_cat-dil-ogrenimi","6":"product_cat-egitim","7":"product_cat-japonca","8":"pa_cilt-ciltsiz","9":"pa_tur-kitap","10":"pa_yayinevi-engin-yayinevi","11":"pa_yazar-nihan-kara","13":"first","14":"instock","15":"sale","16":"shipping-taxable","17":"purchasable","18":"product-type-simple"},"_links":{"self":[{"href":"https:\/\/roveyayinevi.com.tr\/index.php\/wp-json\/wp\/v2\/product\/710415","targetHints":{"allow":["GET"]}}],"collection":[{"href":"https:\/\/roveyayinevi.com.tr\/index.php\/wp-json\/wp\/v2\/product"}],"about":[{"href":"https:\/\/roveyayinevi.com.tr\/index.php\/wp-json\/wp\/v2\/types\/product"}],"wp:attachment":[{"href":"https:\/\/roveyayinevi.com.tr\/index.php\/wp-json\/wp\/v2\/media?parent=710415"}],"wp:term":[{"taxonomy":"product_brand","embeddable":true,"href":"https:\/\/roveyayinevi.com.tr\/index.php\/wp-json\/wp\/v2\/product_brand?post=710415"},{"taxonomy":"product_cat","embeddable":true,"href":"https:\/\/roveyayinevi.com.tr\/index.php\/wp-json\/wp\/v2\/product_cat?post=710415"},{"taxonomy":"product_tag","embeddable":true,"href":"https:\/\/roveyayinevi.com.tr\/index.php\/wp-json\/wp\/v2\/product_tag?post=710415"}],"curies":[{"name":"wp","href":"https:\/\/api.w.org\/{rel}","templated":true}]}}