{"id":710414,"date":"2025-08-27T16:35:26","date_gmt":"2025-08-27T13:35:26","guid":{"rendered":"https:\/\/roveyayinevi.com.tr\/index.php\/urun\/don-kisot-8\/"},"modified":"2026-04-16T02:19:17","modified_gmt":"2026-04-15T23:19:17","slug":"don-kisot-8","status":"publish","type":"product","link":"https:\/\/roveyayinevi.com.tr\/index.php\/urun\/don-kisot-8\/","title":{"rendered":"Don Ki\u015fot"},"content":{"rendered":"<p>Don Ki\u015fot, \u0130spanya\u2019n\u0131n Man\u00e7a \u015fehrinde ya\u015fayan bir asilzadedir. Bu asilzade, okudu\u011fu kahramanl\u0131k hik\u00e2yelerinden etkilenerek bir \u015f\u00f6valye olma hevesine kap\u0131l\u0131r ve bir g\u00fcn, at\u0131 Rozinante ile beraber evden ayr\u0131lmaya karar verir. Maceraya at\u0131lmadan \u00f6nce, kendisi gibi Man\u00e7al\u0131 olan San\u00e7o Panza ile tan\u0131\u015f\u0131r ve onu seyisi yapar. San\u00e7o Panza, Don Ki\u015fot\u2019a t\u00fcm maceralar\u0131nda e\u015flik eder. Fakat bir sorun vard\u0131r; Don Ki\u015fot kar\u015f\u0131s\u0131na \u00e7\u0131kan pek \u00e7ok ki\u015fiyi ve nesneyi d\u00fc\u015f g\u00fcc\u00fcn\u00fcn etkisiyle farkl\u0131 kimliklerde g\u00f6rmektedir. Bu y\u00fczden, yel de\u011firmenlerini gulyabani, s\u0131radan papazlar\u0131 b\u00fcy\u00fcc\u00fc, k\u00f6yl\u00fc kad\u0131nlar\u0131 prenses, hanlar\u0131 \u015fato sanmaktad\u0131r. Don Ki\u015fot\u2019un s\u00fcrekli harekete ge\u00e7en ola\u011fan\u00fcst\u00fc d\u00fc\u015f g\u00fcc\u00fc onu maceradan maceraya s\u00fcr\u00fckler. Fakat ya\u015fad\u0131\u011f\u0131 son maceran\u0131n ard\u0131ndan evine geri d\u00f6nmek zorunda kal\u0131r. <\/p>\n","protected":false},"excerpt":{"rendered":"<p>Don Ki\u015fot, \u0130spanya\u2019n\u0131n Man\u00e7a \u015fehrinde ya\u015fayan bir asilzadedir. Bu asilzade, okudu\u011fu kahramanl\u0131k hik\u00e2yelerinden etkilenerek bir \u015f\u00f6valye olma hevesine kap\u0131l\u0131r ve bir g\u00fcn, at\u0131 Rozinante ile beraber<span class=\"excerpt-hellip\"> [\u2026]<\/span><\/p>\n","protected":false},"featured_media":0,"template":"","meta":{"_monsterinsights_skip_tracking":false,"_monsterinsights_sitenote_active":false,"_monsterinsights_sitenote_note":"","_monsterinsights_sitenote_category":0},"product_brand":[],"product_cat":[12274,12284],"product_tag":[],"class_list":{"0":"post-710414","1":"product","2":"type-product","3":"status-publish","5":"product_cat-cocuk-ve-genclik-kitaplari","6":"product_cat-hikayeler","7":"pa_cilt-ciltsiz","8":"pa_tur-kitap","9":"pa_yayinevi-fark-yayinlari","10":"pa_yazar-miguel-de-cervantes","12":"first","13":"instock","14":"sale","15":"shipping-taxable","16":"purchasable","17":"product-type-simple"},"_links":{"self":[{"href":"https:\/\/roveyayinevi.com.tr\/index.php\/wp-json\/wp\/v2\/product\/710414","targetHints":{"allow":["GET"]}}],"collection":[{"href":"https:\/\/roveyayinevi.com.tr\/index.php\/wp-json\/wp\/v2\/product"}],"about":[{"href":"https:\/\/roveyayinevi.com.tr\/index.php\/wp-json\/wp\/v2\/types\/product"}],"wp:attachment":[{"href":"https:\/\/roveyayinevi.com.tr\/index.php\/wp-json\/wp\/v2\/media?parent=710414"}],"wp:term":[{"taxonomy":"product_brand","embeddable":true,"href":"https:\/\/roveyayinevi.com.tr\/index.php\/wp-json\/wp\/v2\/product_brand?post=710414"},{"taxonomy":"product_cat","embeddable":true,"href":"https:\/\/roveyayinevi.com.tr\/index.php\/wp-json\/wp\/v2\/product_cat?post=710414"},{"taxonomy":"product_tag","embeddable":true,"href":"https:\/\/roveyayinevi.com.tr\/index.php\/wp-json\/wp\/v2\/product_tag?post=710414"}],"curies":[{"name":"wp","href":"https:\/\/api.w.org\/{rel}","templated":true}]}}