{"id":710410,"date":"2025-08-27T16:35:23","date_gmt":"2025-08-27T13:35:23","guid":{"rendered":"https:\/\/roveyayinevi.com.tr\/index.php\/urun\/andersen-masallari-8\/"},"modified":"2026-04-16T02:19:17","modified_gmt":"2026-04-15T23:19:17","slug":"andersen-masallari-8","status":"publish","type":"product","link":"https:\/\/roveyayinevi.com.tr\/index.php\/urun\/andersen-masallari-8\/","title":{"rendered":"Andersen Masallar\u0131"},"content":{"rendered":"<p>Bu kitapta \u00fcnl\u00fc masal yazar\u0131 Hans Christian Andersen\u2019in \u00f6\u011fretici nitelikteki \u00e7e\u015fitli masallar\u0131ndan se\u00e7meler yer almaktad\u0131r. Bu kitab\u0131 okurken bazen bir prensin, bazen bir kurba\u011fan\u0131n, bazen bir \u00e7am a\u011fac\u0131n\u0131n, bazen de bir g\u00f6lgenin penceresinden bakacaks\u0131n\u0131z hayata. <\/p>\n","protected":false},"excerpt":{"rendered":"<p>Bu kitapta \u00fcnl\u00fc masal yazar\u0131 Hans Christian Andersen\u2019in \u00f6\u011fretici nitelikteki \u00e7e\u015fitli masallar\u0131ndan se\u00e7meler yer almaktad\u0131r. Bu kitab\u0131 okurken bazen bir prensin, bazen bir kurba\u011fan\u0131n, bazen bir<span class=\"excerpt-hellip\"> [\u2026]<\/span><\/p>\n","protected":false},"featured_media":0,"template":"","meta":{"_monsterinsights_skip_tracking":false,"_monsterinsights_sitenote_active":false,"_monsterinsights_sitenote_note":"","_monsterinsights_sitenote_category":0},"product_brand":[],"product_cat":[12274,12284],"product_tag":[],"class_list":{"0":"post-710410","1":"product","2":"type-product","3":"status-publish","5":"product_cat-cocuk-ve-genclik-kitaplari","6":"product_cat-hikayeler","7":"pa_cilt-ciltsiz","8":"pa_tur-kitap","9":"pa_yayinevi-fark-yayinlari","10":"pa_yazar-hans-christian-andersen","12":"first","13":"instock","14":"sale","15":"shipping-taxable","16":"purchasable","17":"product-type-simple"},"_links":{"self":[{"href":"https:\/\/roveyayinevi.com.tr\/index.php\/wp-json\/wp\/v2\/product\/710410","targetHints":{"allow":["GET"]}}],"collection":[{"href":"https:\/\/roveyayinevi.com.tr\/index.php\/wp-json\/wp\/v2\/product"}],"about":[{"href":"https:\/\/roveyayinevi.com.tr\/index.php\/wp-json\/wp\/v2\/types\/product"}],"wp:attachment":[{"href":"https:\/\/roveyayinevi.com.tr\/index.php\/wp-json\/wp\/v2\/media?parent=710410"}],"wp:term":[{"taxonomy":"product_brand","embeddable":true,"href":"https:\/\/roveyayinevi.com.tr\/index.php\/wp-json\/wp\/v2\/product_brand?post=710410"},{"taxonomy":"product_cat","embeddable":true,"href":"https:\/\/roveyayinevi.com.tr\/index.php\/wp-json\/wp\/v2\/product_cat?post=710410"},{"taxonomy":"product_tag","embeddable":true,"href":"https:\/\/roveyayinevi.com.tr\/index.php\/wp-json\/wp\/v2\/product_tag?post=710410"}],"curies":[{"name":"wp","href":"https:\/\/api.w.org\/{rel}","templated":true}]}}