{"id":710406,"date":"2025-08-27T16:35:21","date_gmt":"2025-08-27T13:35:21","guid":{"rendered":"https:\/\/roveyayinevi.com.tr\/index.php\/urun\/superman-action-comics-serisi-5-yerin-altinda-yatan\/"},"modified":"2026-04-16T02:19:17","modified_gmt":"2026-04-15T23:19:17","slug":"superman-action-comics-serisi-5-yerin-altinda-yatan","status":"publish","type":"product","link":"https:\/\/roveyayinevi.com.tr\/index.php\/urun\/superman-action-comics-serisi-5-yerin-altinda-yatan\/","title":{"rendered":"Superman Action Comics Serisi 5 &#8211; Yerin Alt\u0131nda Yatan"},"content":{"rendered":"<p>Superman\u2019in gizli kimli\u011fini bildi\u011fini s\u00f6yleyebilecek pek kimse yoktur ama Clark Kent\u2019in \u00e7ocukluk arkada\u015f\u0131 ve ilk a\u015fk\u0131 Lana Lang, ger\u00e7e\u011fi bilen birka\u00e7 ki\u015fiden biridir. Ve Lana, y\u0131llar sonra kendisini yeralt\u0131ndan \u00e7\u0131kan canavarlar\u0131n kar\u015f\u0131s\u0131nda b\u00fcy\u00fck bir tehlike i\u00e7inde buldu\u011funda, bir zamanlar mezuniyet balosundaki kavalyesi, \u015fimdi ise Superman olarak bilinen kahramandan ba\u015fka kim onu kurtarmaya gelebilir? Superman ve Lana, birlikte yerin derinliklerindeki kadim bir uygarl\u0131k ile onun garip ve tehlikeli g\u00f6r\u00fcnen sakinlerini ke\u015ffederler. Bizim d\u00fcnyam\u0131z ve yerin alt\u0131ndaki d\u00fcnya aras\u0131ndaki m\u00fccadelenin ortas\u0131nda kald\u0131klar\u0131nda ise, iki d\u00fcnyadan hangisinin onlar\u0131n korumas\u0131n\u0131 hak etti\u011fine karar vermek zorunda kalacaklard\u0131r&#8230; <\/p>\n","protected":false},"excerpt":{"rendered":"<p>Superman\u2019in gizli kimli\u011fini bildi\u011fini s\u00f6yleyebilecek pek kimse yoktur ama Clark Kent\u2019in \u00e7ocukluk arkada\u015f\u0131 ve ilk a\u015fk\u0131 Lana Lang, ger\u00e7e\u011fi bilen birka\u00e7 ki\u015fiden biridir. Ve Lana, y\u0131llar<span class=\"excerpt-hellip\"> [\u2026]<\/span><\/p>\n","protected":false},"featured_media":0,"template":"","meta":{"_monsterinsights_skip_tracking":false,"_monsterinsights_sitenote_active":false,"_monsterinsights_sitenote_note":"","_monsterinsights_sitenote_category":0},"product_brand":[],"product_cat":[12689,12274],"product_tag":[],"class_list":{"0":"post-710406","1":"product","2":"type-product","3":"status-publish","5":"product_cat-cizgi-roman-cocuk-ve-genclik-kitaplari","6":"product_cat-cocuk-ve-genclik-kitaplari","7":"pa_cilt-ciltsiz","8":"pa_tur-kitap","9":"pa_yayinevi-yapi-kredi-yayinlari","10":"pa_yazar-greg-pak-aaron-kuder","12":"first","13":"instock","14":"sale","15":"shipping-taxable","16":"purchasable","17":"product-type-simple"},"_links":{"self":[{"href":"https:\/\/roveyayinevi.com.tr\/index.php\/wp-json\/wp\/v2\/product\/710406","targetHints":{"allow":["GET"]}}],"collection":[{"href":"https:\/\/roveyayinevi.com.tr\/index.php\/wp-json\/wp\/v2\/product"}],"about":[{"href":"https:\/\/roveyayinevi.com.tr\/index.php\/wp-json\/wp\/v2\/types\/product"}],"wp:attachment":[{"href":"https:\/\/roveyayinevi.com.tr\/index.php\/wp-json\/wp\/v2\/media?parent=710406"}],"wp:term":[{"taxonomy":"product_brand","embeddable":true,"href":"https:\/\/roveyayinevi.com.tr\/index.php\/wp-json\/wp\/v2\/product_brand?post=710406"},{"taxonomy":"product_cat","embeddable":true,"href":"https:\/\/roveyayinevi.com.tr\/index.php\/wp-json\/wp\/v2\/product_cat?post=710406"},{"taxonomy":"product_tag","embeddable":true,"href":"https:\/\/roveyayinevi.com.tr\/index.php\/wp-json\/wp\/v2\/product_tag?post=710406"}],"curies":[{"name":"wp","href":"https:\/\/api.w.org\/{rel}","templated":true}]}}