{"id":710403,"date":"2025-08-27T16:35:19","date_gmt":"2025-08-27T13:35:19","guid":{"rendered":"https:\/\/roveyayinevi.com.tr\/index.php\/urun\/findik-kabugu\/"},"modified":"2026-04-16T02:19:17","modified_gmt":"2026-04-15T23:19:17","slug":"findik-kabugu","status":"publish","type":"product","link":"https:\/\/roveyayinevi.com.tr\/index.php\/urun\/findik-kabugu\/","title":{"rendered":"F\u0131nd\u0131k Kabu\u011fu"},"content":{"rendered":"<p>Edebiyat tarihinin en gen\u00e7 Hamlet\u2019i babas\u0131n\u0131n katline engel olmaya \u00e7al\u0131\u015f\u0131rken pek bilindik bir varolu\u015f krizine d\u00fc\u015fer: Olmak ya da olmamak! Hamileli\u011finin son a\u015famas\u0131ndaki Trudy, ihanet etti\u011fi kocas\u0131 John\u2019u kafas\u0131n\u0131n kar\u0131\u015f\u0131k oldu\u011fu bahanesiyle evlerinden uzakla\u015ft\u0131rd\u0131ktan sonra son derece s\u0131\u011f, \u00e7\u0131karc\u0131 ve baya\u011f\u0131 kay\u0131nbiraderi Claude\u2019la ya\u015famaya ba\u015flar. Trudy ve Claude, John\u2019a ait paha bi\u00e7ilemez eve konmak i\u00e7in planlar yaparlar. Fakat bu kumpas\u0131 ilk a\u015famas\u0131ndan beri takip eden bir kulak misafirleri vard\u0131r: Trudy\u2019nin rahminde, kendisini bekleyen gelece\u011fe do\u011fup do\u011fmama konusundaki karar\u0131n\u0131 hen\u00fcz verememi\u015f bir fet\u00fcs. \u00dcnl\u00fc \u0130ngiliz yazar Ian McEwan\u2019\u0131n anlat\u0131c\u0131l\u0131\u011f\u0131n\u0131 bir fet\u00fcse yapt\u0131rd\u0131\u011f\u0131, embriyonun yap\u0131s\u0131 gere\u011fi monolog bir anlat\u0131mla ilerleyen, n\u00fcktesi bol ve ak\u0131c\u0131l\u0131\u011f\u0131n\u0131 kaybetmeyen bir dille kotard\u0131\u011f\u0131 bu k\u0131sa roman, klasik su\u00e7 hik\u00e2yesinden beklenenleri ba\u015far\u0131yla kar\u015f\u0131larken en \u00f6zg\u00fcn Hamlet uyarlamalar\u0131ndan birisi olarak an\u0131lmay\u0131 hak ediyor.   Bir fet\u00fcs taraf\u0131ndan anlat\u0131lan ihanet ve cinayet \u00f6yk\u00fcs\u00fc, \u015fa\u015f\u0131rt\u0131c\u0131 derecede merak uyand\u0131r\u0131c\u0131, g\u00f6z kama\u015ft\u0131r\u0131c\u0131 derecede zekice yaz\u0131lm\u0131\u015f, ciddiyetle derinle\u015fen bir roman -Washington Post Ian McEwan\u2019\u0131n F\u0131nd\u0131k Kabu\u011fu bir fet\u00fcs taraf\u0131ndan anlat\u0131lan son derece e\u011flenceli bir kitap- Toronto Start Ian McEwan F\u0131nd\u0131k Kabu\u011fu ile ne kadar s\u0131ra d\u0131\u015f\u0131 bir yazar oldu\u011funu bir kere daha g\u00f6steriyor.-The Wall Street Journal <\/p>\n","protected":false},"excerpt":{"rendered":"<p>Edebiyat tarihinin en gen\u00e7 Hamlet\u2019i babas\u0131n\u0131n katline engel olmaya \u00e7al\u0131\u015f\u0131rken pek bilindik bir varolu\u015f krizine d\u00fc\u015fer: Olmak ya da olmamak! Hamileli\u011finin son a\u015famas\u0131ndaki Trudy, ihanet etti\u011fi<span class=\"excerpt-hellip\"> [\u2026]<\/span><\/p>\n","protected":false},"featured_media":0,"template":"","meta":{"_monsterinsights_skip_tracking":false,"_monsterinsights_sitenote_active":false,"_monsterinsights_sitenote_note":"","_monsterinsights_sitenote_category":0},"product_brand":[],"product_cat":[12291,12711],"product_tag":[],"class_list":{"0":"post-710403","1":"product","2":"type-product","3":"status-publish","5":"product_cat-edebiyat","6":"product_cat-roman-oyku","7":"pa_cilt-ciltsiz","8":"pa_tur-kitap","9":"pa_yayinevi-yapi-kredi-yayinlari","10":"pa_yazar-ian-mcewan","12":"first","13":"instock","14":"sale","15":"shipping-taxable","16":"purchasable","17":"product-type-simple"},"_links":{"self":[{"href":"https:\/\/roveyayinevi.com.tr\/index.php\/wp-json\/wp\/v2\/product\/710403","targetHints":{"allow":["GET"]}}],"collection":[{"href":"https:\/\/roveyayinevi.com.tr\/index.php\/wp-json\/wp\/v2\/product"}],"about":[{"href":"https:\/\/roveyayinevi.com.tr\/index.php\/wp-json\/wp\/v2\/types\/product"}],"wp:attachment":[{"href":"https:\/\/roveyayinevi.com.tr\/index.php\/wp-json\/wp\/v2\/media?parent=710403"}],"wp:term":[{"taxonomy":"product_brand","embeddable":true,"href":"https:\/\/roveyayinevi.com.tr\/index.php\/wp-json\/wp\/v2\/product_brand?post=710403"},{"taxonomy":"product_cat","embeddable":true,"href":"https:\/\/roveyayinevi.com.tr\/index.php\/wp-json\/wp\/v2\/product_cat?post=710403"},{"taxonomy":"product_tag","embeddable":true,"href":"https:\/\/roveyayinevi.com.tr\/index.php\/wp-json\/wp\/v2\/product_tag?post=710403"}],"curies":[{"name":"wp","href":"https:\/\/api.w.org\/{rel}","templated":true}]}}