{"id":710401,"date":"2025-08-27T16:35:18","date_gmt":"2025-08-27T13:35:18","guid":{"rendered":"https:\/\/roveyayinevi.com.tr\/index.php\/urun\/gantz-cilt-1\/"},"modified":"2026-04-16T02:19:17","modified_gmt":"2026-04-15T23:19:17","slug":"gantz-cilt-1","status":"publish","type":"product","link":"https:\/\/roveyayinevi.com.tr\/index.php\/urun\/gantz-cilt-1\/","title":{"rendered":"Gantz Cilt 1"},"content":{"rendered":"<p>Raylara yuvarlanan bir sarho\u015fu kurtarmaya \u00e7al\u0131\u015fan Kurono ve Kato\u2019nun \u00fczerinden bir tren ge\u00e7ti. Kurono ve Kato bir anda ortadan kayboldular ve kendilerini bilmedikleri bir yerde buldular. H\u00e2l\u00e2 hayatta olup olmad\u0131klar\u0131na emin de\u011filler; belki de arada bir yerdeler\u2026   \u00dcstelik ba\u015fka tuhafl\u0131klar da s\u00f6z konusu. Geldikleri yerdeki bir k\u00fcre, onlara garip \u015feyler s\u00f6yl\u00fcyor: \u201cHayatlar\u0131n\u0131z sona erdi. Yeni hayat\u0131n\u0131z\u0131n nas\u0131l gidece\u011fine ben karar verece\u011fim!\u201d Gantz isimli bu k\u00fcre onlar\u0131 \u00f6l\u00fcm oyunlar\u0131 oynamaya ve \u201ctrajik sonlar\u0131\u201d onlar\u0131nkini and\u0131ran di\u011ferleriyle birlikte, tuhaf uzayl\u0131lar\u0131 \u00f6ld\u00fcrmeye zorluyor.   Bu karanl\u0131k ve aksiyon dolu manga; \u015fiddetle alakal\u0131 de\u011fer yarg\u0131lar\u0131n\u0131 ve ergenlik d\u00f6neminin cinsellikle ba\u011flant\u0131l\u0131 kafa kar\u0131\u015f\u0131kl\u0131\u011f\u0131 ve endi\u015felerini konu ediniyor.   Gantz, b\u00fcy\u00fck bir keyifle okuyup devam\u0131n\u0131 heyecanla bekleyece\u011finiz bir yeti\u015fkin mangas\u0131. <\/p>\n","protected":false},"excerpt":{"rendered":"<p>Raylara yuvarlanan bir sarho\u015fu kurtarmaya \u00e7al\u0131\u015fan Kurono ve Kato\u2019nun \u00fczerinden bir tren ge\u00e7ti. Kurono ve Kato bir anda ortadan kayboldular ve kendilerini bilmedikleri bir yerde buldular.<span class=\"excerpt-hellip\"> [\u2026]<\/span><\/p>\n","protected":false},"featured_media":0,"template":"","meta":{"_monsterinsights_skip_tracking":false,"_monsterinsights_sitenote_active":false,"_monsterinsights_sitenote_note":"","_monsterinsights_sitenote_category":0},"product_brand":[],"product_cat":[12689,12274],"product_tag":[],"class_list":{"0":"post-710401","1":"product","2":"type-product","3":"status-publish","5":"product_cat-cizgi-roman-cocuk-ve-genclik-kitaplari","6":"product_cat-cocuk-ve-genclik-kitaplari","7":"pa_cilt-ciltsiz","8":"pa_tur-kitap","9":"pa_yayinevi-kurukafa","10":"pa_yazar-hiroya-oku","12":"first","13":"instock","14":"sale","15":"shipping-taxable","16":"purchasable","17":"product-type-simple"},"_links":{"self":[{"href":"https:\/\/roveyayinevi.com.tr\/index.php\/wp-json\/wp\/v2\/product\/710401","targetHints":{"allow":["GET"]}}],"collection":[{"href":"https:\/\/roveyayinevi.com.tr\/index.php\/wp-json\/wp\/v2\/product"}],"about":[{"href":"https:\/\/roveyayinevi.com.tr\/index.php\/wp-json\/wp\/v2\/types\/product"}],"wp:attachment":[{"href":"https:\/\/roveyayinevi.com.tr\/index.php\/wp-json\/wp\/v2\/media?parent=710401"}],"wp:term":[{"taxonomy":"product_brand","embeddable":true,"href":"https:\/\/roveyayinevi.com.tr\/index.php\/wp-json\/wp\/v2\/product_brand?post=710401"},{"taxonomy":"product_cat","embeddable":true,"href":"https:\/\/roveyayinevi.com.tr\/index.php\/wp-json\/wp\/v2\/product_cat?post=710401"},{"taxonomy":"product_tag","embeddable":true,"href":"https:\/\/roveyayinevi.com.tr\/index.php\/wp-json\/wp\/v2\/product_tag?post=710401"}],"curies":[{"name":"wp","href":"https:\/\/api.w.org\/{rel}","templated":true}]}}