{"id":710399,"date":"2025-08-27T16:35:17","date_gmt":"2025-08-27T13:35:17","guid":{"rendered":"https:\/\/roveyayinevi.com.tr\/index.php\/urun\/kefaret\/"},"modified":"2026-04-16T02:19:17","modified_gmt":"2026-04-15T23:19:17","slug":"kefaret","status":"publish","type":"product","link":"https:\/\/roveyayinevi.com.tr\/index.php\/urun\/kefaret\/","title":{"rendered":"Kefaret"},"content":{"rendered":"<p>\u201cV\u00fccudum g\u00fcne\u015fe do\u011fru b\u00fck\u00fclen bir \u00e7i\u00e7ek misali g\u00f6n\u00fcls\u00fczce ona yaslan\u0131nca i\u00e7 \u00e7ektim verdi\u011fi zevkle&#8230; Beni kendisine s\u0131ms\u0131k\u0131 bast\u0131rd\u0131. Boynumun kokusunu i\u00e7ine \u00e7ekti. Kalp at\u0131\u015flar\u0131m\u0131n k\u00fckreyip h\u0131zlanmas\u0131n\u0131 hissettim. Oyunca\u011f\u0131yd\u0131m onun; enerjisi i\u00e7imde dola\u015f\u0131yordu. S\u0131rt\u0131mdaki g\u00f6r\u00fcnmez anahtar\u0131 \u00e7evirdi ve zevk, i\u00e7imde kaynay\u0131p \u00e7ark gibi d\u00f6nd\u00fc. T\u0131k&#8230; T\u0131k&#8230; T\u0131k\u2026\u201d Evie, Reed ve arkada\u015flar\u0131, bir yanda Brennus\u2019un di\u011fer yanda Tau ve Xavier\u2019\u0131n ordular\u0131ndan gizlenmekteydi. Ancak \u00e7ok kadim ve k\u00f6t\u00fcc\u00fcl bir ruhun uzun zamand\u0131r Evie ile kar\u015f\u0131la\u015faca\u011f\u0131 \u00e2n\u0131 bekledi\u011finden habersizlerdi. Evie\u2019nin unutulmu\u015f an\u0131lar\u0131ndan gelen bu eski d\u00fc\u015fman, hem Evie\u2019nin karanl\u0131k ge\u00e7mi\u015finin kap\u0131lar\u0131n\u0131 ard\u0131na kadar a\u00e7acak hem de cennet ve Sheol aras\u0131ndaki en b\u00fcy\u00fck sava\u015f\u0131 ba\u015flatacakt\u0131. <\/p>\n","protected":false},"excerpt":{"rendered":"<p>\u201cV\u00fccudum g\u00fcne\u015fe do\u011fru b\u00fck\u00fclen bir \u00e7i\u00e7ek misali g\u00f6n\u00fcls\u00fczce ona yaslan\u0131nca i\u00e7 \u00e7ektim verdi\u011fi zevkle&#8230; Beni kendisine s\u0131ms\u0131k\u0131 bast\u0131rd\u0131. Boynumun kokusunu i\u00e7ine \u00e7ekti. Kalp at\u0131\u015flar\u0131m\u0131n k\u00fckreyip h\u0131zlanmas\u0131n\u0131<span class=\"excerpt-hellip\"> [\u2026]<\/span><\/p>\n","protected":false},"featured_media":0,"template":"","meta":{"_monsterinsights_skip_tracking":false,"_monsterinsights_sitenote_active":false,"_monsterinsights_sitenote_note":"","_monsterinsights_sitenote_category":0},"product_brand":[],"product_cat":[12291,14777],"product_tag":[],"class_list":{"0":"post-710399","1":"product","2":"type-product","3":"status-publish","5":"product_cat-edebiyat","6":"product_cat-fantastik","7":"pa_cilt-ciltsiz","8":"pa_tur-kitap","9":"pa_yayinevi-yabanci-yayinevi","10":"pa_yazar-amy-a-bartol","12":"first","13":"instock","14":"sale","15":"shipping-taxable","16":"purchasable","17":"product-type-simple"},"_links":{"self":[{"href":"https:\/\/roveyayinevi.com.tr\/index.php\/wp-json\/wp\/v2\/product\/710399","targetHints":{"allow":["GET"]}}],"collection":[{"href":"https:\/\/roveyayinevi.com.tr\/index.php\/wp-json\/wp\/v2\/product"}],"about":[{"href":"https:\/\/roveyayinevi.com.tr\/index.php\/wp-json\/wp\/v2\/types\/product"}],"wp:attachment":[{"href":"https:\/\/roveyayinevi.com.tr\/index.php\/wp-json\/wp\/v2\/media?parent=710399"}],"wp:term":[{"taxonomy":"product_brand","embeddable":true,"href":"https:\/\/roveyayinevi.com.tr\/index.php\/wp-json\/wp\/v2\/product_brand?post=710399"},{"taxonomy":"product_cat","embeddable":true,"href":"https:\/\/roveyayinevi.com.tr\/index.php\/wp-json\/wp\/v2\/product_cat?post=710399"},{"taxonomy":"product_tag","embeddable":true,"href":"https:\/\/roveyayinevi.com.tr\/index.php\/wp-json\/wp\/v2\/product_tag?post=710399"}],"curies":[{"name":"wp","href":"https:\/\/api.w.org\/{rel}","templated":true}]}}