{"id":710397,"date":"2025-08-27T16:35:16","date_gmt":"2025-08-27T13:35:16","guid":{"rendered":"https:\/\/roveyayinevi.com.tr\/index.php\/urun\/kultur-sosyolojisi\/"},"modified":"2026-04-16T02:19:17","modified_gmt":"2026-04-15T23:19:17","slug":"kultur-sosyolojisi","status":"publish","type":"product","link":"https:\/\/roveyayinevi.com.tr\/index.php\/urun\/kultur-sosyolojisi\/","title":{"rendered":"K\u00fclt\u00fcr Sosyolojisi"},"content":{"rendered":"<p>Sosyolojik d\u00fc\u015f\u00fcnce anlam\u0131nda sosyolojinin kurucu ku\u015fa\u011f\u0131ndan Marx ile Weber\u2019in yan\u0131 s\u0131ra, derslerine kat\u0131larak \u00f6\u011frencisi oldu\u011fu Simmel ve Lukacs\u2019tan, ayr\u0131ca Dilthey ile Freud\u2019dan etkilendi\u011fi s\u00f6ylenen Karl Mannheim T\u00fcrkiye\u2019de yaln\u0131zca \u0130deoloji ve \u00dctopya ba\u015fl\u0131kl\u0131 kitab\u0131 ile tan\u0131n\u0131yor. \u015eimdi bu kitap ile Mannheim literat\u00fcr\u00fcne \u00f6nemli bir katk\u0131 sunulmu\u015f oluyor. <\/p>\n","protected":false},"excerpt":{"rendered":"<p>Sosyolojik d\u00fc\u015f\u00fcnce anlam\u0131nda sosyolojinin kurucu ku\u015fa\u011f\u0131ndan Marx ile Weber\u2019in yan\u0131 s\u0131ra, derslerine kat\u0131larak \u00f6\u011frencisi oldu\u011fu Simmel ve Lukacs\u2019tan, ayr\u0131ca Dilthey ile Freud\u2019dan etkilendi\u011fi s\u00f6ylenen Karl Mannheim<span class=\"excerpt-hellip\"> [\u2026]<\/span><\/p>\n","protected":false},"featured_media":0,"template":"","meta":{"_monsterinsights_skip_tracking":false,"_monsterinsights_sitenote_active":false,"_monsterinsights_sitenote_note":"","_monsterinsights_sitenote_category":0},"product_brand":[],"product_cat":[12312,12304],"product_tag":[],"class_list":{"0":"post-710397","1":"product","2":"type-product","3":"status-publish","5":"product_cat-diger","6":"product_cat-tarih","7":"pa_cilt-ciltsiz","8":"pa_tur-kitap","9":"pa_yayinevi-pinhan-yayincilik","10":"pa_yazar-karl-mannheim","12":"first","13":"instock","14":"sale","15":"shipping-taxable","16":"purchasable","17":"product-type-simple"},"_links":{"self":[{"href":"https:\/\/roveyayinevi.com.tr\/index.php\/wp-json\/wp\/v2\/product\/710397","targetHints":{"allow":["GET"]}}],"collection":[{"href":"https:\/\/roveyayinevi.com.tr\/index.php\/wp-json\/wp\/v2\/product"}],"about":[{"href":"https:\/\/roveyayinevi.com.tr\/index.php\/wp-json\/wp\/v2\/types\/product"}],"wp:attachment":[{"href":"https:\/\/roveyayinevi.com.tr\/index.php\/wp-json\/wp\/v2\/media?parent=710397"}],"wp:term":[{"taxonomy":"product_brand","embeddable":true,"href":"https:\/\/roveyayinevi.com.tr\/index.php\/wp-json\/wp\/v2\/product_brand?post=710397"},{"taxonomy":"product_cat","embeddable":true,"href":"https:\/\/roveyayinevi.com.tr\/index.php\/wp-json\/wp\/v2\/product_cat?post=710397"},{"taxonomy":"product_tag","embeddable":true,"href":"https:\/\/roveyayinevi.com.tr\/index.php\/wp-json\/wp\/v2\/product_tag?post=710397"}],"curies":[{"name":"wp","href":"https:\/\/api.w.org\/{rel}","templated":true}]}}