{"id":710396,"date":"2025-08-27T16:35:15","date_gmt":"2025-08-27T13:35:15","guid":{"rendered":"https:\/\/roveyayinevi.com.tr\/index.php\/urun\/turk-yildizlari-bir-yildizin-dogusu\/"},"modified":"2026-04-16T02:19:17","modified_gmt":"2026-04-15T23:19:17","slug":"turk-yildizlari-bir-yildizin-dogusu","status":"publish","type":"product","link":"https:\/\/roveyayinevi.com.tr\/index.php\/urun\/turk-yildizlari-bir-yildizin-dogusu\/","title":{"rendered":"T\u00fcrk Y\u0131ld\u0131zlar\u0131 &#8211; Bir Y\u0131ld\u0131z\u0131n Do\u011fu\u015fu"},"content":{"rendered":"<p>1920\u2019li y\u0131llarda i\u015fgal kuvvetleri kar\u015f\u0131s\u0131nda hi\u00e7bir \u015feyimiz yokken ka\u011fn\u0131lara koyduk umutlar\u0131m\u0131z\u0131 ve ba\u011f\u0131ms\u0131zl\u0131\u011fa do\u011fru y\u00fcr\u00fcd\u00fck, sonra ise \u00f6zg\u00fcrle\u015ftirdi\u011fimiz topraklarda yapt\u0131\u011f\u0131m\u0131z u\u00e7aklara ka\u011fn\u0131lar\u0131 resmedip g\u00f6ky\u00fcz\u00fcne ta\u015f\u0131d\u0131k. O duygu T\u00fcrk Y\u0131ld\u0131zlar\u0131\u2019d\u0131r, T\u00fcrk Y\u0131ld\u0131zlar\u0131\u2019n\u0131n ger\u00e7ek tarihidir. (Sunay Ak\u0131n) Her \u015feyden \u00f6nce bizimkiler iyi birer sava\u015f\u00e7\u0131, asl\u0131nda bu kadar basit. Ortada teknik bilgimiz de var. \u0130\u015fte T\u00fcrk Y\u0131ld\u0131zlar\u0131 bu ikisinin kar\u0131\u015f\u0131m\u0131. Sava\u015f\u00e7\u0131 insanlara has meraklar\u0131 ve \u00e7\u0131lg\u0131nl\u0131klar\u0131 var. Ortaya da yapt\u0131klar\u0131 g\u00f6steriler \u00e7\u0131k\u0131yor. (Prof.Dr. \u0130lber Ortayl\u0131) Tayyare -ne kadar muhte\u015fem olursa olsun- nihayet bir makinedir. O makinenin marifetleri, \u00fczerindeki pilotun becerisine ba\u011fl\u0131d\u0131r. T\u00fcrk Y\u0131ld\u0131zlar\u0131, T\u00fcrk Hava Kuvvetleri pilotlar\u0131n\u0131n becerilerinin sembol\u00fcd\u00fcrler ve b\u00fct\u00fcn d\u00fcnyada T\u00fcrk Hava g\u00fcc\u00fcn\u00fcn en \u00e7arp\u0131c\u0131 temsilcileridirler. (Prof.Dr. A.M. Cel\u00e2l \u015eeng\u00f6r) Onlara \u201cModern \u00c7a\u011f Kahramanlar\u0131\u201d desek abartm\u0131\u015f say\u0131lmay\u0131z. Sonu\u00e7ta NF-5 u\u00e7aklar\u0131yla zorluk derecesi y\u00fcksek i\u015fler yapmalar\u0131 ger\u00e7ekten de kabiliyet, disiplin, e\u011fitim, \u00e7al\u0131\u015fma ve \u00f6zveri gerektiren bir durum. (maNga Grubu) G\u00f6ky\u00fcz\u00fcnde yapt\u0131klar\u0131 sadece bir makinenin performans limitlerini en iyi \u015fekilde kullanmak de\u011fil, insano\u011flunun irade ve kabiliyetinin ne denli kontrol edilebildi\u011finin de en \u00fcst seviyede \u00f6rne\u011fini vermektedir. B\u00fct\u00fcn bunlarla birlikte T\u00fcrk Y\u0131ld\u0131zlar\u0131m\u0131z\u0131 havada tutan, onlar\u0131n emniyetle u\u00e7malar\u0131 i\u00e7in b\u00fcy\u00fck gayretle \u00e7al\u0131\u015fan bir yer\/teknik ekibi vard\u0131r. Kanaatimce onlar da \u201cG\u00f6klerdeki Ba\u015far\u0131n\u0131n Gizli Kahramanlar\u0131\u201dd\u0131r. (Ali \u0130smet \u00d6zt\u00fcrk) <\/p>\n","protected":false},"excerpt":{"rendered":"<p>1920\u2019li y\u0131llarda i\u015fgal kuvvetleri kar\u015f\u0131s\u0131nda hi\u00e7bir \u015feyimiz yokken ka\u011fn\u0131lara koyduk umutlar\u0131m\u0131z\u0131 ve ba\u011f\u0131ms\u0131zl\u0131\u011fa do\u011fru y\u00fcr\u00fcd\u00fck, sonra ise \u00f6zg\u00fcrle\u015ftirdi\u011fimiz topraklarda yapt\u0131\u011f\u0131m\u0131z u\u00e7aklara ka\u011fn\u0131lar\u0131 resmedip g\u00f6ky\u00fcz\u00fcne ta\u015f\u0131d\u0131k. O<span class=\"excerpt-hellip\"> [\u2026]<\/span><\/p>\n","protected":false},"featured_media":0,"template":"","meta":{"_monsterinsights_skip_tracking":false,"_monsterinsights_sitenote_active":false,"_monsterinsights_sitenote_note":"","_monsterinsights_sitenote_category":0},"product_brand":[],"product_cat":[13590,12337],"product_tag":[],"class_list":{"0":"post-710396","1":"product","2":"type-product","3":"status-publish","5":"product_cat-arastirma-inceleme-politika-siyaset","6":"product_cat-politika-siyaset","7":"pa_cilt-ciltsiz","8":"pa_tur-kitap","9":"pa_yayinevi-bilgi-yayinevi","10":"pa_yazar-fatih-danaci","12":"first","13":"instock","14":"sale","15":"shipping-taxable","16":"purchasable","17":"product-type-simple"},"_links":{"self":[{"href":"https:\/\/roveyayinevi.com.tr\/index.php\/wp-json\/wp\/v2\/product\/710396","targetHints":{"allow":["GET"]}}],"collection":[{"href":"https:\/\/roveyayinevi.com.tr\/index.php\/wp-json\/wp\/v2\/product"}],"about":[{"href":"https:\/\/roveyayinevi.com.tr\/index.php\/wp-json\/wp\/v2\/types\/product"}],"wp:attachment":[{"href":"https:\/\/roveyayinevi.com.tr\/index.php\/wp-json\/wp\/v2\/media?parent=710396"}],"wp:term":[{"taxonomy":"product_brand","embeddable":true,"href":"https:\/\/roveyayinevi.com.tr\/index.php\/wp-json\/wp\/v2\/product_brand?post=710396"},{"taxonomy":"product_cat","embeddable":true,"href":"https:\/\/roveyayinevi.com.tr\/index.php\/wp-json\/wp\/v2\/product_cat?post=710396"},{"taxonomy":"product_tag","embeddable":true,"href":"https:\/\/roveyayinevi.com.tr\/index.php\/wp-json\/wp\/v2\/product_tag?post=710396"}],"curies":[{"name":"wp","href":"https:\/\/api.w.org\/{rel}","templated":true}]}}