{"id":710393,"date":"2025-08-27T16:35:14","date_gmt":"2025-08-27T13:35:14","guid":{"rendered":"https:\/\/roveyayinevi.com.tr\/index.php\/urun\/maria-ile-yunanistan\/"},"modified":"2026-04-16T02:19:16","modified_gmt":"2026-04-15T23:19:16","slug":"maria-ile-yunanistan","status":"publish","type":"product","link":"https:\/\/roveyayinevi.com.tr\/index.php\/urun\/maria-ile-yunanistan\/","title":{"rendered":"Maria ile Yunanistan"},"content":{"rendered":"<p>Maria Ekmek\u00e7io\u011flu\u2019nun t\u00fcyolar\u0131 sayesinde Yunanistan\u2019da hi\u00e7bir tur rehberinin bilemeyece\u011fi gizli sakl\u0131 k\u00f6\u015feleri g\u00f6rebilecek, Ege\u2019nin \u00f6te yakas\u0131nda esen \u0131l\u0131k meltemle nefes alacak, keyifli bir tatil ge\u00e7ireceksiniz.Maria, Yunanistan\u2019\u0131n orada ya\u015fayanlar\u0131n dahi bilmedi\u011fi gizli k\u00f6\u015felerini t\u00fcm romantikli\u011fiyle sizler i\u00e7in anlatt\u0131\u2026 En g\u00fczel g\u00fcnbat\u0131mlar\u0131, en lezzetli mezeler,  y\u00fcz\u00fclmezse  pi\u015fman olunacak koylar, g\u00f6r\u00fclmesi gereken m\u00fczeler, farkl\u0131 oteller, en e\u011flenceli tavernalar, tarih-k\u00fclt\u00fcr ve gastronomi ekseninde bu kitapta bir araya geldi.Atina\u2019dan Selanik\u2019e, Rodos\u2019tan Sak\u0131z\u2019a, Girit\u2019ten Midilli\u2019ye Yunanistan\u2019\u0131n daha pek \u00e7ok \u015fehrini, adas\u0131n\u0131, Maria Ekmek\u00e7io\u011flu\u2019nun ayakizlerini takip ederek dola\u015fabilirsiniz. G\u00f6receksiniz ki, en g\u00fczel otellerde konaklayacak, en lezzetli mezeleri tadacak, en g\u00fczel hediyelik e\u015fyalar\u0131 elinizle koymu\u015f gibi bulacaks\u0131n\u0131z. <\/p>\n","protected":false},"excerpt":{"rendered":"<p>Maria Ekmek\u00e7io\u011flu\u2019nun t\u00fcyolar\u0131 sayesinde Yunanistan\u2019da hi\u00e7bir tur rehberinin bilemeyece\u011fi gizli sakl\u0131 k\u00f6\u015feleri g\u00f6rebilecek, Ege\u2019nin \u00f6te yakas\u0131nda esen \u0131l\u0131k meltemle nefes alacak, keyifli bir tatil ge\u00e7ireceksiniz.Maria, Yunanistan\u2019\u0131n<span class=\"excerpt-hellip\"> [\u2026]<\/span><\/p>\n","protected":false},"featured_media":0,"template":"","meta":{"_monsterinsights_skip_tracking":false,"_monsterinsights_sitenote_active":false,"_monsterinsights_sitenote_note":"","_monsterinsights_sitenote_category":0},"product_brand":[],"product_cat":[13055,13054],"product_tag":[],"class_list":{"0":"post-710393","1":"product","2":"type-product","3":"status-publish","5":"product_cat-gezi-rehberi","6":"product_cat-gezi-ve-rehber-kitaplari","7":"pa_cilt-ciltsiz","8":"pa_tur-kitap","9":"pa_yayinevi-inkilap-kitabevi","10":"pa_yazar-maria-ekmekcioglu","12":"first","13":"instock","14":"sale","15":"shipping-taxable","16":"purchasable","17":"product-type-simple"},"_links":{"self":[{"href":"https:\/\/roveyayinevi.com.tr\/index.php\/wp-json\/wp\/v2\/product\/710393","targetHints":{"allow":["GET"]}}],"collection":[{"href":"https:\/\/roveyayinevi.com.tr\/index.php\/wp-json\/wp\/v2\/product"}],"about":[{"href":"https:\/\/roveyayinevi.com.tr\/index.php\/wp-json\/wp\/v2\/types\/product"}],"wp:attachment":[{"href":"https:\/\/roveyayinevi.com.tr\/index.php\/wp-json\/wp\/v2\/media?parent=710393"}],"wp:term":[{"taxonomy":"product_brand","embeddable":true,"href":"https:\/\/roveyayinevi.com.tr\/index.php\/wp-json\/wp\/v2\/product_brand?post=710393"},{"taxonomy":"product_cat","embeddable":true,"href":"https:\/\/roveyayinevi.com.tr\/index.php\/wp-json\/wp\/v2\/product_cat?post=710393"},{"taxonomy":"product_tag","embeddable":true,"href":"https:\/\/roveyayinevi.com.tr\/index.php\/wp-json\/wp\/v2\/product_tag?post=710393"}],"curies":[{"name":"wp","href":"https:\/\/api.w.org\/{rel}","templated":true}]}}