{"id":710392,"date":"2025-08-27T16:35:14","date_gmt":"2025-08-27T13:35:14","guid":{"rendered":"https:\/\/roveyayinevi.com.tr\/index.php\/urun\/dinler-tarihine-giris\/"},"modified":"2025-11-13T04:19:43","modified_gmt":"2025-11-13T01:19:43","slug":"dinler-tarihine-giris","status":"publish","type":"product","link":"https:\/\/roveyayinevi.com.tr\/index.php\/urun\/dinler-tarihine-giris\/","title":{"rendered":"Dinler Tarihine Giri\u015f"},"content":{"rendered":"<p>Mircea Eliade bir kere daha derin bilgisini ve sentez yapma konusundaki g\u00fcc\u00fcn\u00fc ortaya koyarak d\u00fcnyadaki dinlerin anlamlar\u0131n\u0131 ve tarihlerini ayd\u0131nlatmay\u0131 ama\u00e7l\u0131yor. Bunun i\u00e7in de dinsel tecr\u00fcbeyi insan\u0131n, ge\u00e7mi\u015ften g\u00fcn\u00fcm\u00fcze kadar pek \u00e7ok k\u00fclt\u00fcrde farkl\u0131 \u015fekillerde tezah\u00fcr eden kutsal alan i\u00e7erisinde ya\u015fama gayreti \u00fczerinden \u00e7er\u00e7evelendiriyor.  \u201cKutsal, g\u00fcne\u015f ve ay tap\u0131mlar\u0131, su simgeleri, kutsal ta\u015flar, do\u011furganl\u0131k k\u00fcltleri, yery\u00fcz\u00fc ana, yenilenme ayinleri ve ebedi yenilenme miti gibi konular\u0131n incelenmesi, bilimin yan\u0131 s\u0131ra genel okurlar\u0131n da ilgisini \u00e7ekiyor.\u201d  \u2013New York Times \u201cOlduk\u00e7a \u00f6nemli ve de\u011ferli bir kitap.\u201d \u2013Library Journal \u201cDerin bilginin ve keskin bir kavray\u0131\u015f\u0131n \u00fcr\u00fcn\u00fc olan bu kitaptan daha etkili bir eserle kar\u015f\u0131la\u015fmak olduk\u00e7a zor&#8230; Dinler \u00fczerine \u00e7al\u0131\u015fan \u00f6\u011frencilerin okuyarak kendilerine \u00e7ok \u015fey katacaklar\u0131 kesin.\u201d  \u2013Kirkus <\/p>\n","protected":false},"excerpt":{"rendered":"<p>Mircea Eliade bir kere daha derin bilgisini ve sentez yapma konusundaki g\u00fcc\u00fcn\u00fc ortaya koyarak d\u00fcnyadaki dinlerin anlamlar\u0131n\u0131 ve tarihlerini ayd\u0131nlatmay\u0131 ama\u00e7l\u0131yor. Bunun i\u00e7in de dinsel tecr\u00fcbeyi<span class=\"excerpt-hellip\"> [\u2026]<\/span><\/p>\n","protected":false},"featured_media":0,"template":"","meta":{"_monsterinsights_skip_tracking":false,"_monsterinsights_sitenote_active":false,"_monsterinsights_sitenote_note":"","_monsterinsights_sitenote_category":0},"product_brand":[],"product_cat":[12718,12858],"product_tag":[],"class_list":{"0":"post-710392","1":"product","2":"type-product","3":"status-publish","5":"product_cat-din","6":"product_cat-mitolojiler","7":"pa_cilt-ciltsiz","8":"pa_tur-kitap","9":"pa_yayinevi-alfa-yayinlari","10":"pa_yazar-mircea-eliade","12":"first","13":"instock","14":"sale","15":"shipping-taxable","16":"purchasable","17":"product-type-simple"},"_links":{"self":[{"href":"https:\/\/roveyayinevi.com.tr\/index.php\/wp-json\/wp\/v2\/product\/710392","targetHints":{"allow":["GET"]}}],"collection":[{"href":"https:\/\/roveyayinevi.com.tr\/index.php\/wp-json\/wp\/v2\/product"}],"about":[{"href":"https:\/\/roveyayinevi.com.tr\/index.php\/wp-json\/wp\/v2\/types\/product"}],"wp:attachment":[{"href":"https:\/\/roveyayinevi.com.tr\/index.php\/wp-json\/wp\/v2\/media?parent=710392"}],"wp:term":[{"taxonomy":"product_brand","embeddable":true,"href":"https:\/\/roveyayinevi.com.tr\/index.php\/wp-json\/wp\/v2\/product_brand?post=710392"},{"taxonomy":"product_cat","embeddable":true,"href":"https:\/\/roveyayinevi.com.tr\/index.php\/wp-json\/wp\/v2\/product_cat?post=710392"},{"taxonomy":"product_tag","embeddable":true,"href":"https:\/\/roveyayinevi.com.tr\/index.php\/wp-json\/wp\/v2\/product_tag?post=710392"}],"curies":[{"name":"wp","href":"https:\/\/api.w.org\/{rel}","templated":true}]}}