{"id":710391,"date":"2025-08-27T16:35:13","date_gmt":"2025-08-27T13:35:13","guid":{"rendered":"https:\/\/roveyayinevi.com.tr\/index.php\/urun\/olaganustu-yolculuklar-serisi-13-misel-strogof\/"},"modified":"2026-04-16T02:19:16","modified_gmt":"2026-04-15T23:19:16","slug":"olaganustu-yolculuklar-serisi-13-misel-strogof","status":"publish","type":"product","link":"https:\/\/roveyayinevi.com.tr\/index.php\/urun\/olaganustu-yolculuklar-serisi-13-misel-strogof\/","title":{"rendered":"Ola\u011fan\u00fcst\u00fc Yolculuklar Serisi 13 &#8211; Mi\u015fel Strogof"},"content":{"rendered":"<p>Sibirya eyaletleri, \u0130van Ogaref\u2019in ba\u015f\u0131n\u0131 \u00e7ekti\u011fi g\u00f6\u00e7ebe Tatar boylar\u0131 taraf\u0131ndan istila edilmektedir. Bu hain, Rus \u0130mparatorlu\u011funa sald\u0131rmak gibi ak\u0131ls\u0131zca bir d\u00fc\u015f\u00fcncenin pe\u015finde d\u00fc\u015fm\u00fc\u015fken \u00e7ar\u0131n karde\u015fi de Moskova\u2019ya binlerce kilometre uzakl\u0131ktaki \u0130rkutsk\u2019ta mahsur kalm\u0131\u015f ve \u00e7arla ileti\u015fimleri kopmu\u015ftur. Bir \u015fekilde onu uyarmak gerekmektedir. Bu say\u0131s\u0131z ve a\u015f\u0131lmas\u0131 neredeyse imk\u00e2ns\u0131z zorluklar\u0131n \u00fcstesinden gelebilmek i\u00e7in insan\u00fcst\u00fc bir cesaret ve akla ihtiya\u00e7 vard\u0131r. \u0130\u015fte, bu zorlu g\u00f6rev i\u00e7in \u00e7ar\u0131n ulak birli\u011finde Y\u00fczba\u015f\u0131 Mi\u015fel Strogof se\u00e7ilmi\u015ftir.   Ola\u011fan\u00fcst\u00fc yolculuklar serisinin en sevilen kitaplar\u0131ndan biri olan Mi\u015fel Strogof, son sayfas\u0131na kadar soluksuz okunacak bir macera sunuyor. <\/p>\n","protected":false},"excerpt":{"rendered":"<p>Sibirya eyaletleri, \u0130van Ogaref\u2019in ba\u015f\u0131n\u0131 \u00e7ekti\u011fi g\u00f6\u00e7ebe Tatar boylar\u0131 taraf\u0131ndan istila edilmektedir. Bu hain, Rus \u0130mparatorlu\u011funa sald\u0131rmak gibi ak\u0131ls\u0131zca bir d\u00fc\u015f\u00fcncenin pe\u015finde d\u00fc\u015fm\u00fc\u015fken \u00e7ar\u0131n karde\u015fi de<span class=\"excerpt-hellip\"> [\u2026]<\/span><\/p>\n","protected":false},"featured_media":0,"template":"","meta":{"_monsterinsights_skip_tracking":false,"_monsterinsights_sitenote_active":false,"_monsterinsights_sitenote_note":"","_monsterinsights_sitenote_category":0},"product_brand":[],"product_cat":[12291,14777],"product_tag":[],"class_list":{"0":"post-710391","1":"product","2":"type-product","3":"status-publish","5":"product_cat-edebiyat","6":"product_cat-fantastik","7":"pa_cilt-ciltsiz","8":"pa_tur-kitap","9":"pa_yayinevi-alfa-yayinlari","10":"pa_yazar-jules-verne","12":"first","13":"instock","14":"sale","15":"shipping-taxable","16":"purchasable","17":"product-type-simple"},"_links":{"self":[{"href":"https:\/\/roveyayinevi.com.tr\/index.php\/wp-json\/wp\/v2\/product\/710391","targetHints":{"allow":["GET"]}}],"collection":[{"href":"https:\/\/roveyayinevi.com.tr\/index.php\/wp-json\/wp\/v2\/product"}],"about":[{"href":"https:\/\/roveyayinevi.com.tr\/index.php\/wp-json\/wp\/v2\/types\/product"}],"wp:attachment":[{"href":"https:\/\/roveyayinevi.com.tr\/index.php\/wp-json\/wp\/v2\/media?parent=710391"}],"wp:term":[{"taxonomy":"product_brand","embeddable":true,"href":"https:\/\/roveyayinevi.com.tr\/index.php\/wp-json\/wp\/v2\/product_brand?post=710391"},{"taxonomy":"product_cat","embeddable":true,"href":"https:\/\/roveyayinevi.com.tr\/index.php\/wp-json\/wp\/v2\/product_cat?post=710391"},{"taxonomy":"product_tag","embeddable":true,"href":"https:\/\/roveyayinevi.com.tr\/index.php\/wp-json\/wp\/v2\/product_tag?post=710391"}],"curies":[{"name":"wp","href":"https:\/\/api.w.org\/{rel}","templated":true}]}}