{"id":710387,"date":"2025-08-27T16:35:11","date_gmt":"2025-08-27T13:35:11","guid":{"rendered":"https:\/\/roveyayinevi.com.tr\/index.php\/urun\/collins-kolay-ogreniyorum-serisi-toplama-ve-cikarma-alistirmalar-2-5-7-yas\/"},"modified":"2026-04-01T02:26:04","modified_gmt":"2026-03-31T23:26:04","slug":"collins-kolay-ogreniyorum-serisi-toplama-ve-cikarma-alistirmalar-2-5-7-yas","status":"publish","type":"product","link":"https:\/\/roveyayinevi.com.tr\/index.php\/urun\/collins-kolay-ogreniyorum-serisi-toplama-ve-cikarma-alistirmalar-2-5-7-yas\/","title":{"rendered":"Collins Kolay \u00d6\u011freniyorum Serisi &#8211; Toplama ve \u00c7\u0131karma Al\u0131\u015ft\u0131rmalar 2 (5-7 Ya\u015f)"},"content":{"rendered":"<p>Kolay \u00d6\u011freniyorum serisi, \u00d6\u011frenme iste\u011fi ve sevgisini geli\u015ftirir. Say\u0131sal d\u00fc\u015f\u00fcnme becerisi kazand\u0131r\u0131r. \u00c7ocuklar\u0131n kendilerine g\u00fcvenmelerini sa\u011flar. Kolay \u00d6\u011freniyorum serisi, \u00e7ocuklar\u0131n say\u0131sal d\u00fc\u015f\u00fcnme becerilerini geli\u015ftirmeyi ama\u00e7l\u0131yor. Renkli ve e\u011flenceli etkinlikler \u00e7ocuklar\u0131n \u00f6\u011frenme iste\u011fini ve merak\u0131n\u0131 s\u00fcrekli canl\u0131 tutarken, \u00f6\u011frenme s\u00fcrecini de bir e\u011flenceye d\u00f6n\u00fc\u015ft\u00fcr\u00fcyor. <\/p>\n","protected":false},"excerpt":{"rendered":"<p>Kolay \u00d6\u011freniyorum serisi, \u00d6\u011frenme iste\u011fi ve sevgisini geli\u015ftirir. Say\u0131sal d\u00fc\u015f\u00fcnme becerisi kazand\u0131r\u0131r. \u00c7ocuklar\u0131n kendilerine g\u00fcvenmelerini sa\u011flar. Kolay \u00d6\u011freniyorum serisi, \u00e7ocuklar\u0131n say\u0131sal d\u00fc\u015f\u00fcnme becerilerini geli\u015ftirmeyi ama\u00e7l\u0131yor. Renkli<span class=\"excerpt-hellip\"> [\u2026]<\/span><\/p>\n","protected":false},"featured_media":0,"template":"","meta":{"_monsterinsights_skip_tracking":false,"_monsterinsights_sitenote_active":false,"_monsterinsights_sitenote_note":"","_monsterinsights_sitenote_category":0},"product_brand":[],"product_cat":[12274,15842],"product_tag":[],"class_list":{"0":"post-710387","1":"product","2":"type-product","3":"status-publish","5":"product_cat-cocuk-ve-genclik-kitaplari","6":"product_cat-egitici-kitaplar","7":"pa_cilt-ciltsiz","8":"pa_tur-kitap","9":"pa_yayinevi-mavi-kelebek-yayinlari","10":"pa_yazar-peter-clarke","12":"first","13":"instock","14":"sale","15":"shipping-taxable","16":"purchasable","17":"product-type-simple"},"_links":{"self":[{"href":"https:\/\/roveyayinevi.com.tr\/index.php\/wp-json\/wp\/v2\/product\/710387","targetHints":{"allow":["GET"]}}],"collection":[{"href":"https:\/\/roveyayinevi.com.tr\/index.php\/wp-json\/wp\/v2\/product"}],"about":[{"href":"https:\/\/roveyayinevi.com.tr\/index.php\/wp-json\/wp\/v2\/types\/product"}],"wp:attachment":[{"href":"https:\/\/roveyayinevi.com.tr\/index.php\/wp-json\/wp\/v2\/media?parent=710387"}],"wp:term":[{"taxonomy":"product_brand","embeddable":true,"href":"https:\/\/roveyayinevi.com.tr\/index.php\/wp-json\/wp\/v2\/product_brand?post=710387"},{"taxonomy":"product_cat","embeddable":true,"href":"https:\/\/roveyayinevi.com.tr\/index.php\/wp-json\/wp\/v2\/product_cat?post=710387"},{"taxonomy":"product_tag","embeddable":true,"href":"https:\/\/roveyayinevi.com.tr\/index.php\/wp-json\/wp\/v2\/product_tag?post=710387"}],"curies":[{"name":"wp","href":"https:\/\/api.w.org\/{rel}","templated":true}]}}