{"id":710386,"date":"2025-08-27T16:35:10","date_gmt":"2025-08-27T13:35:10","guid":{"rendered":"https:\/\/roveyayinevi.com.tr\/index.php\/urun\/mevlanadan-sirli-hikayeler\/"},"modified":"2026-04-16T02:19:16","modified_gmt":"2026-04-15T23:19:16","slug":"mevlanadan-sirli-hikayeler","status":"publish","type":"product","link":"https:\/\/roveyayinevi.com.tr\/index.php\/urun\/mevlanadan-sirli-hikayeler\/","title":{"rendered":"Mevlana&#8217;dan S\u0131rl\u0131 Hikayeler"},"content":{"rendered":"<p>Bu kitapki \u00f6yk\u00fcler akl\u0131 diri, y\u00fcre\u011fi s\u0131cak tutar. Kimine g\u00f6re \u015eark masal\u0131, kimine g\u00f6re hakikat \u0131\u015f\u0131\u011f\u0131&#8230;B\u00fcy\u00fck bilge Mevlana\u2019n\u0131n hayattan s\u00fcz\u00fcp Mesnevi\u2019sine ald\u0131\u011f\u0131, insanl\u0131k tarihinde hi\u00e7bir zaman eskimeyen, y\u00fczy\u0131llard\u0131r her \u00e7a\u011fda okuyanlar\u0131n ya\u015famlar\u0131na y\u00f6n veren bilgelik \u00f6yk\u00fcleri&#8230;Edebiyat\u0131m\u0131z\u0131n \u00f6nemli isimlerinden Metin Cel\u00e2l derledi.Hayat\u0131n f\u0131s\u0131lt\u0131lar\u0131na kulak verenler, s\u0131r tutmay\u0131 bilenler i\u00e7in\u2026 <\/p>\n","protected":false},"excerpt":{"rendered":"<p>Bu kitapki \u00f6yk\u00fcler akl\u0131 diri, y\u00fcre\u011fi s\u0131cak tutar. Kimine g\u00f6re \u015eark masal\u0131, kimine g\u00f6re hakikat \u0131\u015f\u0131\u011f\u0131&#8230;B\u00fcy\u00fck bilge Mevlana\u2019n\u0131n hayattan s\u00fcz\u00fcp Mesnevi\u2019sine ald\u0131\u011f\u0131, insanl\u0131k tarihinde hi\u00e7bir zaman<span class=\"excerpt-hellip\"> [\u2026]<\/span><\/p>\n","protected":false},"featured_media":0,"template":"","meta":{"_monsterinsights_skip_tracking":false,"_monsterinsights_sitenote_active":false,"_monsterinsights_sitenote_note":"","_monsterinsights_sitenote_category":0},"product_brand":[],"product_cat":[12291,12711],"product_tag":[],"class_list":{"0":"post-710386","1":"product","2":"type-product","3":"status-publish","5":"product_cat-edebiyat","6":"product_cat-roman-oyku","7":"pa_cilt-ciltsiz","8":"pa_tur-kitap","9":"pa_yayinevi-carpe-diem-kitaplari","10":"pa_yazar-metin-celal","12":"first","13":"instock","14":"sale","15":"shipping-taxable","16":"purchasable","17":"product-type-simple"},"_links":{"self":[{"href":"https:\/\/roveyayinevi.com.tr\/index.php\/wp-json\/wp\/v2\/product\/710386","targetHints":{"allow":["GET"]}}],"collection":[{"href":"https:\/\/roveyayinevi.com.tr\/index.php\/wp-json\/wp\/v2\/product"}],"about":[{"href":"https:\/\/roveyayinevi.com.tr\/index.php\/wp-json\/wp\/v2\/types\/product"}],"wp:attachment":[{"href":"https:\/\/roveyayinevi.com.tr\/index.php\/wp-json\/wp\/v2\/media?parent=710386"}],"wp:term":[{"taxonomy":"product_brand","embeddable":true,"href":"https:\/\/roveyayinevi.com.tr\/index.php\/wp-json\/wp\/v2\/product_brand?post=710386"},{"taxonomy":"product_cat","embeddable":true,"href":"https:\/\/roveyayinevi.com.tr\/index.php\/wp-json\/wp\/v2\/product_cat?post=710386"},{"taxonomy":"product_tag","embeddable":true,"href":"https:\/\/roveyayinevi.com.tr\/index.php\/wp-json\/wp\/v2\/product_tag?post=710386"}],"curies":[{"name":"wp","href":"https:\/\/api.w.org\/{rel}","templated":true}]}}