{"id":710382,"date":"2025-08-27T16:35:08","date_gmt":"2025-08-27T13:35:08","guid":{"rendered":"https:\/\/roveyayinevi.com.tr\/index.php\/urun\/mevlana-jalaluddin-rumi-and-sufism-a-dervishs-logbook\/"},"modified":"2025-11-21T04:23:58","modified_gmt":"2025-11-21T01:23:58","slug":"mevlana-jalaluddin-rumi-and-sufism-a-dervishs-logbook","status":"publish","type":"product","link":"https:\/\/roveyayinevi.com.tr\/index.php\/urun\/mevlana-jalaluddin-rumi-and-sufism-a-dervishs-logbook\/","title":{"rendered":"Mevlana Jalaluddin Rumi and Sufism (A Dervish&#8217;s Logbook)"},"content":{"rendered":"<p>\u201cDertli ile dertlenir misin, onun derdine ortak olur musun?\u201dTasavvuf, yola ba\u015f koyan dervi\u015f aday\u0131n\u0131n, m\u00fcr\u015fidinin rehberli\u011finde nefsinin yedi mertebesini a\u015fmaya \u00e7al\u0131\u015ft\u0131\u011f\u0131 uzun bir yolculuktur. Tasavvuf\u00ee anlat\u0131larda, bu s\u00fcre\u00e7 denizcilerin \u201cVira Bismillah!\u201d diyerek ba\u015flad\u0131\u011f\u0131 bir sefere benzetilir. Fakat bu yolculu\u011fun pusulas\u0131 Allah\u2019a ve vahdete giden sularda ilerleyen yolcunun gemisindedir. <\/p>\n","protected":false},"excerpt":{"rendered":"<p>\u201cDertli ile dertlenir misin, onun derdine ortak olur musun?\u201dTasavvuf, yola ba\u015f koyan dervi\u015f aday\u0131n\u0131n, m\u00fcr\u015fidinin rehberli\u011finde nefsinin yedi mertebesini a\u015fmaya \u00e7al\u0131\u015ft\u0131\u011f\u0131 uzun bir yolculuktur. Tasavvuf\u00ee anlat\u0131larda,<span class=\"excerpt-hellip\"> [\u2026]<\/span><\/p>\n","protected":false},"featured_media":0,"template":"","meta":{"_monsterinsights_skip_tracking":false,"_monsterinsights_sitenote_active":false,"_monsterinsights_sitenote_note":"","_monsterinsights_sitenote_category":0},"product_brand":[],"product_cat":[12718,12719,15238],"product_tag":[],"class_list":{"0":"post-710382","1":"product","2":"type-product","3":"status-publish","5":"product_cat-din","6":"product_cat-islam","7":"product_cat-tasavvuf","8":"pa_cilt-ciltsiz","9":"pa_tur-kitap","10":"pa_yayinevi-sufi-kitap","11":"pa_yazar-mim-kemal-oke","13":"first","14":"instock","15":"sale","16":"shipping-taxable","17":"purchasable","18":"product-type-simple"},"_links":{"self":[{"href":"https:\/\/roveyayinevi.com.tr\/index.php\/wp-json\/wp\/v2\/product\/710382","targetHints":{"allow":["GET"]}}],"collection":[{"href":"https:\/\/roveyayinevi.com.tr\/index.php\/wp-json\/wp\/v2\/product"}],"about":[{"href":"https:\/\/roveyayinevi.com.tr\/index.php\/wp-json\/wp\/v2\/types\/product"}],"wp:attachment":[{"href":"https:\/\/roveyayinevi.com.tr\/index.php\/wp-json\/wp\/v2\/media?parent=710382"}],"wp:term":[{"taxonomy":"product_brand","embeddable":true,"href":"https:\/\/roveyayinevi.com.tr\/index.php\/wp-json\/wp\/v2\/product_brand?post=710382"},{"taxonomy":"product_cat","embeddable":true,"href":"https:\/\/roveyayinevi.com.tr\/index.php\/wp-json\/wp\/v2\/product_cat?post=710382"},{"taxonomy":"product_tag","embeddable":true,"href":"https:\/\/roveyayinevi.com.tr\/index.php\/wp-json\/wp\/v2\/product_tag?post=710382"}],"curies":[{"name":"wp","href":"https:\/\/api.w.org\/{rel}","templated":true}]}}