{"id":710381,"date":"2025-08-27T16:35:08","date_gmt":"2025-08-27T13:35:08","guid":{"rendered":"https:\/\/roveyayinevi.com.tr\/index.php\/urun\/ponpon-kediye-ne-oldu\/"},"modified":"2026-04-16T02:19:16","modified_gmt":"2026-04-15T23:19:16","slug":"ponpon-kediye-ne-oldu","status":"publish","type":"product","link":"https:\/\/roveyayinevi.com.tr\/index.php\/urun\/ponpon-kediye-ne-oldu\/","title":{"rendered":"Ponpon Kedi&#8217;ye ne Oldu?"},"content":{"rendered":"<p>&#8220;\u00dc\u00e7 kafadar k\u0131k\u0131r k\u0131k\u0131r g\u00fcl\u00fcyor. Bu kadar komik ne olabilir ki? \u0130nsan merklan\u0131yor.&#8221;Ponpon ve \u00fc\u00e7 afacan birlikte \u00e7ok e\u011flenen arkada\u015flar. Fakat bir g\u00fcn afacanlar, pofuduk Ponpon&#8217;u her zamankinden daha farkl\u0131 bir halde buluyorlar!Sonra bak\u0131n sevimli dostlar\u0131m\u0131z neler ya\u015f\u0131yor&#8230;Empati, farkl\u0131l\u0131klara sayg\u0131 duyma, ki\u015fileri oldu\u011fu gibi kabul etme, yard\u0131msever ve \u00e7evreye duyarl\u0131 olma gibi beceriler ku\u015fkusuz \u00e7ocuklar\u0131m\u0131za kazand\u0131rmak istedi\u011fimiz temel de\u011ferler aras\u0131nda. Bu kitap, her halleriyle g\u00fczel olan \u00e7ocuklar\u0131m\u0131z\u0131n duygusal ve sosyal geli\u015fimleri i\u00e7in \u00e7ok k\u0131ymetli bir kaynak niteli\u011finde. <\/p>\n","protected":false},"excerpt":{"rendered":"<p>&#8220;\u00dc\u00e7 kafadar k\u0131k\u0131r k\u0131k\u0131r g\u00fcl\u00fcyor. Bu kadar komik ne olabilir ki? \u0130nsan merklan\u0131yor.&#8221;Ponpon ve \u00fc\u00e7 afacan birlikte \u00e7ok e\u011flenen arkada\u015flar. Fakat bir g\u00fcn afacanlar, pofuduk Ponpon&#8217;u<span class=\"excerpt-hellip\"> [\u2026]<\/span><\/p>\n","protected":false},"featured_media":0,"template":"","meta":{"_monsterinsights_skip_tracking":false,"_monsterinsights_sitenote_active":false,"_monsterinsights_sitenote_note":"","_monsterinsights_sitenote_category":0},"product_brand":[],"product_cat":[12913,12274],"product_tag":[],"class_list":{"0":"post-710381","1":"product","2":"type-product","3":"status-publish","5":"product_cat-3-6-yas-kitaplari","6":"product_cat-cocuk-ve-genclik-kitaplari","7":"pa_cilt-ciltsiz","8":"pa_tur-kitap","9":"pa_yayinevi-timas-cocuk","10":"pa_yazar-sevde-tuba-okcu","12":"first","13":"instock","14":"sale","15":"shipping-taxable","16":"purchasable","17":"product-type-simple"},"_links":{"self":[{"href":"https:\/\/roveyayinevi.com.tr\/index.php\/wp-json\/wp\/v2\/product\/710381","targetHints":{"allow":["GET"]}}],"collection":[{"href":"https:\/\/roveyayinevi.com.tr\/index.php\/wp-json\/wp\/v2\/product"}],"about":[{"href":"https:\/\/roveyayinevi.com.tr\/index.php\/wp-json\/wp\/v2\/types\/product"}],"wp:attachment":[{"href":"https:\/\/roveyayinevi.com.tr\/index.php\/wp-json\/wp\/v2\/media?parent=710381"}],"wp:term":[{"taxonomy":"product_brand","embeddable":true,"href":"https:\/\/roveyayinevi.com.tr\/index.php\/wp-json\/wp\/v2\/product_brand?post=710381"},{"taxonomy":"product_cat","embeddable":true,"href":"https:\/\/roveyayinevi.com.tr\/index.php\/wp-json\/wp\/v2\/product_cat?post=710381"},{"taxonomy":"product_tag","embeddable":true,"href":"https:\/\/roveyayinevi.com.tr\/index.php\/wp-json\/wp\/v2\/product_tag?post=710381"}],"curies":[{"name":"wp","href":"https:\/\/api.w.org\/{rel}","templated":true}]}}