{"id":710379,"date":"2025-08-27T16:35:07","date_gmt":"2025-08-27T13:35:07","guid":{"rendered":"https:\/\/roveyayinevi.com.tr\/index.php\/urun\/gonul-ceragani-uyandirmak\/"},"modified":"2026-04-16T02:19:16","modified_gmt":"2026-04-15T23:19:16","slug":"gonul-ceragani-uyandirmak","status":"publish","type":"product","link":"https:\/\/roveyayinevi.com.tr\/index.php\/urun\/gonul-ceragani-uyandirmak\/","title":{"rendered":"G\u00f6n\u00fcl \u00c7era\u011fan\u0131 Uyand\u0131rmak"},"content":{"rendered":"<p>\u201cKalbin, cilal\u0131 bir aynad\u0131r. \u00dczerinde biriken toz \u00f6rt\u00fcs\u00fcn\u00fc temizlemelisin, \u00e7\u00fcnk\u00fc onun vazifesi ilahi s\u0131rlar\u0131n nurunu yans\u0131tmakt\u0131r. Kalp \u00e2lemlerinin \u00fczerinde, \u201cyerlerin ve g\u00f6g\u00fcn nuru olan Allah\u2019\u0131n nuru\u201d parlamaya baslad\u0131g\u0131nda, kalbin \u00e7erag\u0131 uyan\u0131r. Kalbin \u00e7erag\u0131; \u201cbir fanus i\u00e7indedir, o fanus da inciye benzer bir y\u0131ld\u0131z gibidir.\u201d <\/p>\n","protected":false},"excerpt":{"rendered":"<p>\u201cKalbin, cilal\u0131 bir aynad\u0131r. \u00dczerinde biriken toz \u00f6rt\u00fcs\u00fcn\u00fc temizlemelisin, \u00e7\u00fcnk\u00fc onun vazifesi ilahi s\u0131rlar\u0131n nurunu yans\u0131tmakt\u0131r. Kalp \u00e2lemlerinin \u00fczerinde, \u201cyerlerin ve g\u00f6g\u00fcn nuru olan Allah\u2019\u0131n nuru\u201d<span class=\"excerpt-hellip\"> [\u2026]<\/span><\/p>\n","protected":false},"featured_media":0,"template":"","meta":{"_monsterinsights_skip_tracking":false,"_monsterinsights_sitenote_active":false,"_monsterinsights_sitenote_note":"","_monsterinsights_sitenote_category":0},"product_brand":[],"product_cat":[12718,12719,15238],"product_tag":[],"class_list":{"0":"post-710379","1":"product","2":"type-product","3":"status-publish","5":"product_cat-din","6":"product_cat-islam","7":"product_cat-tasavvuf","8":"pa_cilt-ciltsiz","9":"pa_tur-kitap","10":"pa_yayinevi-sufi-kitap","11":"pa_yazar-tosun-bekir-bayraktaroglu","13":"first","14":"instock","15":"sale","16":"shipping-taxable","17":"purchasable","18":"product-type-simple"},"_links":{"self":[{"href":"https:\/\/roveyayinevi.com.tr\/index.php\/wp-json\/wp\/v2\/product\/710379","targetHints":{"allow":["GET"]}}],"collection":[{"href":"https:\/\/roveyayinevi.com.tr\/index.php\/wp-json\/wp\/v2\/product"}],"about":[{"href":"https:\/\/roveyayinevi.com.tr\/index.php\/wp-json\/wp\/v2\/types\/product"}],"wp:attachment":[{"href":"https:\/\/roveyayinevi.com.tr\/index.php\/wp-json\/wp\/v2\/media?parent=710379"}],"wp:term":[{"taxonomy":"product_brand","embeddable":true,"href":"https:\/\/roveyayinevi.com.tr\/index.php\/wp-json\/wp\/v2\/product_brand?post=710379"},{"taxonomy":"product_cat","embeddable":true,"href":"https:\/\/roveyayinevi.com.tr\/index.php\/wp-json\/wp\/v2\/product_cat?post=710379"},{"taxonomy":"product_tag","embeddable":true,"href":"https:\/\/roveyayinevi.com.tr\/index.php\/wp-json\/wp\/v2\/product_tag?post=710379"}],"curies":[{"name":"wp","href":"https:\/\/api.w.org\/{rel}","templated":true}]}}