{"id":710378,"date":"2025-08-27T16:35:06","date_gmt":"2025-08-27T13:35:06","guid":{"rendered":"https:\/\/roveyayinevi.com.tr\/index.php\/urun\/hay-sultan-bir-abdulkadir-geylani-romani\/"},"modified":"2026-04-16T02:19:16","modified_gmt":"2026-04-15T23:19:16","slug":"hay-sultan-bir-abdulkadir-geylani-romani","status":"publish","type":"product","link":"https:\/\/roveyayinevi.com.tr\/index.php\/urun\/hay-sultan-bir-abdulkadir-geylani-romani\/","title":{"rendered":"Hay Sultan (Bir Abd\u00fclkadir Geylani Roman\u0131)"},"content":{"rendered":"<p>\u201cEvliyalar ser\u00e7e\u015fmesi, g\u00fczeli, Abd\u00fclk\u00e2dir gibi Sultan bulunmaz\u201d\u201cBen zahirde sizinle beraberim, fakat hakikatte ba\u015fkalar\u0131ylay\u0131m. Benimle sizin ve halk\u0131n aras\u0131, g\u00f6kle yer aras\u0131 kadard\u0131r.\u201d Manevi \u00e2lemler ak\u0131n etmi\u015fti. Y\u00fcksek sesle ba\u011f\u0131rd\u0131:\u201cEy \u00f6l\u00fcm mele\u011fi! Bizi dostumuzla, en yak\u0131n\u0131m\u0131z olanla ba\u015f ba\u015fa b\u0131rak!\u201d <\/p>\n","protected":false},"excerpt":{"rendered":"<p>\u201cEvliyalar ser\u00e7e\u015fmesi, g\u00fczeli, Abd\u00fclk\u00e2dir gibi Sultan bulunmaz\u201d\u201cBen zahirde sizinle beraberim, fakat hakikatte ba\u015fkalar\u0131ylay\u0131m. Benimle sizin ve halk\u0131n aras\u0131, g\u00f6kle yer aras\u0131 kadard\u0131r.\u201d Manevi \u00e2lemler ak\u0131n etmi\u015fti.<span class=\"excerpt-hellip\"> [\u2026]<\/span><\/p>\n","protected":false},"featured_media":0,"template":"","meta":{"_monsterinsights_skip_tracking":false,"_monsterinsights_sitenote_active":false,"_monsterinsights_sitenote_note":"","_monsterinsights_sitenote_category":0},"product_brand":[],"product_cat":[12291,12711],"product_tag":[],"class_list":{"0":"post-710378","1":"product","2":"type-product","3":"status-publish","5":"product_cat-edebiyat","6":"product_cat-roman-oyku","7":"pa_cilt-ciltsiz","8":"pa_tur-kitap","9":"pa_yayinevi-timas-yayinlari","10":"pa_yazar-nuriye-celegen","12":"first","13":"instock","14":"sale","15":"shipping-taxable","16":"purchasable","17":"product-type-simple"},"_links":{"self":[{"href":"https:\/\/roveyayinevi.com.tr\/index.php\/wp-json\/wp\/v2\/product\/710378","targetHints":{"allow":["GET"]}}],"collection":[{"href":"https:\/\/roveyayinevi.com.tr\/index.php\/wp-json\/wp\/v2\/product"}],"about":[{"href":"https:\/\/roveyayinevi.com.tr\/index.php\/wp-json\/wp\/v2\/types\/product"}],"wp:attachment":[{"href":"https:\/\/roveyayinevi.com.tr\/index.php\/wp-json\/wp\/v2\/media?parent=710378"}],"wp:term":[{"taxonomy":"product_brand","embeddable":true,"href":"https:\/\/roveyayinevi.com.tr\/index.php\/wp-json\/wp\/v2\/product_brand?post=710378"},{"taxonomy":"product_cat","embeddable":true,"href":"https:\/\/roveyayinevi.com.tr\/index.php\/wp-json\/wp\/v2\/product_cat?post=710378"},{"taxonomy":"product_tag","embeddable":true,"href":"https:\/\/roveyayinevi.com.tr\/index.php\/wp-json\/wp\/v2\/product_tag?post=710378"}],"curies":[{"name":"wp","href":"https:\/\/api.w.org\/{rel}","templated":true}]}}