{"id":710376,"date":"2025-08-27T16:35:05","date_gmt":"2025-08-27T13:35:05","guid":{"rendered":"https:\/\/roveyayinevi.com.tr\/index.php\/urun\/kutull-amare-kayitlara-gecen-son-zafer\/"},"modified":"2026-04-16T02:19:16","modified_gmt":"2026-04-15T23:19:16","slug":"kutull-amare-kayitlara-gecen-son-zafer","status":"publish","type":"product","link":"https:\/\/roveyayinevi.com.tr\/index.php\/urun\/kutull-amare-kayitlara-gecen-son-zafer\/","title":{"rendered":"Kut\u00fcl&#8217;l Amare (Kay\u0131tlara Ge\u00e7en Son Zafer)"},"content":{"rendered":"<p>\u00c7anakkale\u2019den k\u0131sa bir s\u00fcre sonra yaz\u0131lan bir kahramanl\u0131k daha vard\u0131r Osmanl\u0131 tarihinde\u2026 Diger zaferlerden hi\u00e7bir eksigi olmayan hatta fazlas\u0131 olan bu m\u00fckemmel zaferde;\u2022 K\u0131sa s\u00fcre i\u00e7erisinde Ingilizlere iki ag\u0131r darbe indirilmis,\u2022 Hasta adam olarak nitelendirilen Osmanl\u0131, Ingilizlere unutamayacaklar\u0131 bir ders vermis,\u2022 Ingiliz tarihine bu kadar b\u00fcy\u00fck \u00e7apta \u201cesir\u201d verdikleri tek savas olarak ge\u00e7mis,\u2022 Erinden en \u00fcst d\u00fczey komutan\u0131na kadar m\u00fcthis bir kahramanl\u0131k destan\u0131 g\u00f6sterilmis,\u2022 Birinci D\u00fcnya Savas\u0131\u2019n\u0131n belirleyici savaslar\u0131ndan birisi olmus,\u2022 Ingilizlerin \u00c7anakkale\u2019de ald\u0131g\u0131 yenilginin r\u00f6vans\u0131 verilmemis,\u2022 Inan\u0131lmaz kahramanl\u0131k hik\u00e2yelerine tan\u0131kl\u0131k edilmis, <\/p>\n","protected":false},"excerpt":{"rendered":"<p>\u00c7anakkale\u2019den k\u0131sa bir s\u00fcre sonra yaz\u0131lan bir kahramanl\u0131k daha vard\u0131r Osmanl\u0131 tarihinde\u2026 Diger zaferlerden hi\u00e7bir eksigi olmayan hatta fazlas\u0131 olan bu m\u00fckemmel zaferde;\u2022 K\u0131sa s\u00fcre i\u00e7erisinde<span class=\"excerpt-hellip\"> [\u2026]<\/span><\/p>\n","protected":false},"featured_media":0,"template":"","meta":{"_monsterinsights_skip_tracking":false,"_monsterinsights_sitenote_active":false,"_monsterinsights_sitenote_note":"","_monsterinsights_sitenote_category":0},"product_brand":[],"product_cat":[12274,15842],"product_tag":[],"class_list":{"0":"post-710376","1":"product","2":"type-product","3":"status-publish","5":"product_cat-cocuk-ve-genclik-kitaplari","6":"product_cat-egitici-kitaplar","7":"pa_cilt-ciltsiz","8":"pa_tur-kitap","9":"pa_yayinevi-eglenceli-bilgi-yayinlari","10":"pa_yazar-metin-ozdamarlar","12":"first","13":"instock","14":"sale","15":"shipping-taxable","16":"purchasable","17":"product-type-simple"},"_links":{"self":[{"href":"https:\/\/roveyayinevi.com.tr\/index.php\/wp-json\/wp\/v2\/product\/710376","targetHints":{"allow":["GET"]}}],"collection":[{"href":"https:\/\/roveyayinevi.com.tr\/index.php\/wp-json\/wp\/v2\/product"}],"about":[{"href":"https:\/\/roveyayinevi.com.tr\/index.php\/wp-json\/wp\/v2\/types\/product"}],"wp:attachment":[{"href":"https:\/\/roveyayinevi.com.tr\/index.php\/wp-json\/wp\/v2\/media?parent=710376"}],"wp:term":[{"taxonomy":"product_brand","embeddable":true,"href":"https:\/\/roveyayinevi.com.tr\/index.php\/wp-json\/wp\/v2\/product_brand?post=710376"},{"taxonomy":"product_cat","embeddable":true,"href":"https:\/\/roveyayinevi.com.tr\/index.php\/wp-json\/wp\/v2\/product_cat?post=710376"},{"taxonomy":"product_tag","embeddable":true,"href":"https:\/\/roveyayinevi.com.tr\/index.php\/wp-json\/wp\/v2\/product_tag?post=710376"}],"curies":[{"name":"wp","href":"https:\/\/api.w.org\/{rel}","templated":true}]}}