{"id":710375,"date":"2025-08-27T16:35:05","date_gmt":"2025-08-27T13:35:05","guid":{"rendered":"https:\/\/roveyayinevi.com.tr\/index.php\/urun\/insanin-anlama-yetisi-uzerine-bir-sorusturma\/"},"modified":"2026-04-16T02:19:16","modified_gmt":"2026-04-15T23:19:16","slug":"insanin-anlama-yetisi-uzerine-bir-sorusturma","status":"publish","type":"product","link":"https:\/\/roveyayinevi.com.tr\/index.php\/urun\/insanin-anlama-yetisi-uzerine-bir-sorusturma\/","title":{"rendered":"\u0130nsan\u0131n Anlama Yetisi \u00dczerine Bir Soru\u015fturma"},"content":{"rendered":"<p>18. y\u00fczy\u0131l\u0131n \u00f6nemli d\u00fc\u015f\u00fcn\u00fcrlerinden David Hume, \u0130nsan\u0131n Anlama Yetisi \u00dczerine Bir Soru\u015fturma adl\u0131 eserinde felsefe anlay\u0131\u015f\u0131n\u0131 ve bu anlay\u0131\u015f\u0131n\u0131n temel ilkelerini ortaya koyar. Nedensellik ilkesine getirdi\u011fi ele\u015ftirilerle felsefe tarihine b\u00fcy\u00fck bir katk\u0131da bulunan Hume, insan bilimini ve do\u011fas\u0131n\u0131 incelemek amac\u0131yla zihnin i\u00e7eri\u011fine ve anlama yetisine y\u00f6nelir. Ona g\u00f6re zihnin alg\u0131lar\u0131 iki forma b\u00fcr\u00fcn\u00fcr; idealar ve izlenimler.  B\u00fct\u00fcn idealar\u0131m\u0131z\u0131n izlenimlerimizden geldi\u011fini \u00f6ne s\u00fcrerek nedensellik ideas\u0131na kar\u015f\u0131l\u0131k gelecek hi\u00e7bir izlenim olmad\u0131\u011f\u0131n\u0131, bu ilkenin ne ak\u0131lla ne de deneyle kan\u0131tlanabildi\u011fini, yaln\u0131zca zihinsel bir al\u0131\u015fkanl\u0131ktan ibaret oldu\u011funu savunur. <\/p>\n","protected":false},"excerpt":{"rendered":"<p>18. y\u00fczy\u0131l\u0131n \u00f6nemli d\u00fc\u015f\u00fcn\u00fcrlerinden David Hume, \u0130nsan\u0131n Anlama Yetisi \u00dczerine Bir Soru\u015fturma adl\u0131 eserinde felsefe anlay\u0131\u015f\u0131n\u0131 ve bu anlay\u0131\u015f\u0131n\u0131n temel ilkelerini ortaya koyar. Nedensellik ilkesine getirdi\u011fi<span class=\"excerpt-hellip\"> [\u2026]<\/span><\/p>\n","protected":false},"featured_media":0,"template":"","meta":{"_monsterinsights_skip_tracking":false,"_monsterinsights_sitenote_active":false,"_monsterinsights_sitenote_note":"","_monsterinsights_sitenote_category":0},"product_brand":[],"product_cat":[12312,12304],"product_tag":[],"class_list":{"0":"post-710375","1":"product","2":"type-product","3":"status-publish","5":"product_cat-diger","6":"product_cat-tarih","7":"pa_cilt-ciltsiz","8":"pa_tur-kitap","9":"pa_yayinevi-say-yayinlari","10":"pa_yazar-david-hume","12":"first","13":"instock","14":"sale","15":"shipping-taxable","16":"purchasable","17":"product-type-simple"},"_links":{"self":[{"href":"https:\/\/roveyayinevi.com.tr\/index.php\/wp-json\/wp\/v2\/product\/710375","targetHints":{"allow":["GET"]}}],"collection":[{"href":"https:\/\/roveyayinevi.com.tr\/index.php\/wp-json\/wp\/v2\/product"}],"about":[{"href":"https:\/\/roveyayinevi.com.tr\/index.php\/wp-json\/wp\/v2\/types\/product"}],"wp:attachment":[{"href":"https:\/\/roveyayinevi.com.tr\/index.php\/wp-json\/wp\/v2\/media?parent=710375"}],"wp:term":[{"taxonomy":"product_brand","embeddable":true,"href":"https:\/\/roveyayinevi.com.tr\/index.php\/wp-json\/wp\/v2\/product_brand?post=710375"},{"taxonomy":"product_cat","embeddable":true,"href":"https:\/\/roveyayinevi.com.tr\/index.php\/wp-json\/wp\/v2\/product_cat?post=710375"},{"taxonomy":"product_tag","embeddable":true,"href":"https:\/\/roveyayinevi.com.tr\/index.php\/wp-json\/wp\/v2\/product_tag?post=710375"}],"curies":[{"name":"wp","href":"https:\/\/api.w.org\/{rel}","templated":true}]}}