{"id":710372,"date":"2025-08-27T16:35:03","date_gmt":"2025-08-27T13:35:03","guid":{"rendered":"https:\/\/roveyayinevi.com.tr\/index.php\/urun\/kultur-ve-toplum-1780-1950\/"},"modified":"2026-03-12T02:26:42","modified_gmt":"2026-03-11T23:26:42","slug":"kultur-ve-toplum-1780-1950","status":"publish","type":"product","link":"https:\/\/roveyayinevi.com.tr\/index.php\/urun\/kultur-ve-toplum-1780-1950\/","title":{"rendered":"K\u00fclt\u00fcr ve Toplum (1780-1950)"},"content":{"rendered":"<p>Raymond Williams, 1958\u2019de bas\u0131lan ve k\u00fclt\u00fcrel \u00e7al\u0131\u015fmalar disiplininin kurucu eseri olan bu kitab\u0131nda, modern anlam\u0131yla \u201ck\u00fclt\u00fcr\u201d kavram\u0131n\u0131n ilk defa Sanayi Devrimi s\u0131ras\u0131nda kullan\u0131ma girdi\u011fini \u00f6ne s\u00fcr\u00fcyor. Sanayi Devrimi\u2019nin be\u015fi\u011fi \u0130ngiltere\u2019de kavram\u0131n o tarihten beri ge\u00e7irdi\u011fi d\u00f6n\u00fc\u015f\u00fcmlerin izini s\u00fcr\u00fcyor. Coleridge\u2019den John Stuart Mill\u2019e, Matthew Arnold\u2019dan William Morris, John Ruskin ve Oscar Wilde\u2019a kadar k\u0131rktan fazla d\u00fc\u015f\u00fcn\u00fcr ve edebiyat\u00e7\u0131n\u0131n eserlerine bak\u0131yor, \u201ck\u00fclt\u00fcr fikri\u201dnin evrimini inceliyor. Sanayi Devrimi\u2019nin yol a\u00e7t\u0131\u011f\u0131 makinele\u015fme, i\u015fb\u00f6l\u00fcm\u00fc, yabanc\u0131la\u015fma gibi s\u00fcre\u00e7ler kar\u015f\u0131s\u0131nda sanat\u0131n toplumla ili\u015fkisine dair fikirler de de\u011fi\u015fiyor. Sanata ve sanat\u00e7\u0131ya toplumsal de\u011fi\u015fimin \u00f6nc\u00fcs\u00fc olma g\u00f6revi y\u00fckleniyor. Bu d\u00f6nemde olu\u015fmaya ba\u015flayan \u201cedebiyat piyasas\u0131\u201dna ve sanat\u00e7\u0131y\u0131 piyasa \u00f6l\u00e7\u00fctlerine tabi k\u0131lma giri\u015fimlerine tepki olarak \u201csanat i\u00e7in sanat\u201d ilkesi ve estetizm filizleniyor. Sanat\u0131 ve k\u00fclt\u00fcr\u00fc geni\u015f toplum kesimleriyle kayna\u015ft\u0131rma \u00e7abalar\u0131 canlan\u0131yor. K\u00fclt\u00fcr ve Toplum, b\u00fct\u00fcn bu de\u011fi\u015fimlerin arkas\u0131ndaki ekonomik ve toplumsal yap\u0131y\u0131 g\u00f6zler \u00f6n\u00fcne seriyor.<\/p>\n","protected":false},"excerpt":{"rendered":"<p>Raymond Williams, 1958\u2019de bas\u0131lan ve k\u00fclt\u00fcrel \u00e7al\u0131\u015fmalar disiplininin kurucu eseri olan bu kitab\u0131nda, modern anlam\u0131yla \u201ck\u00fclt\u00fcr\u201d kavram\u0131n\u0131n ilk defa Sanayi Devrimi s\u0131ras\u0131nda kullan\u0131ma girdi\u011fini \u00f6ne s\u00fcr\u00fcyor.<span class=\"excerpt-hellip\"> [\u2026]<\/span><\/p>\n","protected":false},"featured_media":0,"template":"","meta":{"_monsterinsights_skip_tracking":false,"_monsterinsights_sitenote_active":false,"_monsterinsights_sitenote_note":"","_monsterinsights_sitenote_category":0},"product_brand":[],"product_cat":[12312,12304],"product_tag":[],"class_list":{"0":"post-710372","1":"product","2":"type-product","3":"status-publish","5":"product_cat-diger","6":"product_cat-tarih","7":"pa_cilt-ciltsiz","8":"pa_tur-kitap","9":"pa_yayinevi-iletisim-yayinlari","10":"pa_yazar-raymond-williams","12":"first","13":"instock","14":"sale","15":"shipping-taxable","16":"purchasable","17":"product-type-simple"},"_links":{"self":[{"href":"https:\/\/roveyayinevi.com.tr\/index.php\/wp-json\/wp\/v2\/product\/710372","targetHints":{"allow":["GET"]}}],"collection":[{"href":"https:\/\/roveyayinevi.com.tr\/index.php\/wp-json\/wp\/v2\/product"}],"about":[{"href":"https:\/\/roveyayinevi.com.tr\/index.php\/wp-json\/wp\/v2\/types\/product"}],"wp:attachment":[{"href":"https:\/\/roveyayinevi.com.tr\/index.php\/wp-json\/wp\/v2\/media?parent=710372"}],"wp:term":[{"taxonomy":"product_brand","embeddable":true,"href":"https:\/\/roveyayinevi.com.tr\/index.php\/wp-json\/wp\/v2\/product_brand?post=710372"},{"taxonomy":"product_cat","embeddable":true,"href":"https:\/\/roveyayinevi.com.tr\/index.php\/wp-json\/wp\/v2\/product_cat?post=710372"},{"taxonomy":"product_tag","embeddable":true,"href":"https:\/\/roveyayinevi.com.tr\/index.php\/wp-json\/wp\/v2\/product_tag?post=710372"}],"curies":[{"name":"wp","href":"https:\/\/api.w.org\/{rel}","templated":true}]}}