{"id":710370,"date":"2025-08-27T16:35:02","date_gmt":"2025-08-27T13:35:02","guid":{"rendered":"https:\/\/roveyayinevi.com.tr\/index.php\/urun\/esik\/"},"modified":"2025-12-30T10:08:51","modified_gmt":"2025-12-30T07:08:51","slug":"esik","status":"publish","type":"product","link":"https:\/\/roveyayinevi.com.tr\/index.php\/urun\/esik\/","title":{"rendered":"E\u015fik"},"content":{"rendered":"<p>&#8220;\u00d6ld\u00fc dirildi \u00f6ld\u00fc dirildi \u00f6ld\u00fc dirildi  \u00f6ld\u00fc \u00f6ld\u00fc \u00f6ld\u00fc \u00f6ld\u00fc. Ka\u00e7 kez bilmiyor.  Bir g\u00fcn, sonuncusunda, dirilmedi.  \u0130\u015fte bunu ummazd\u0131.\u201d   G\u00f6lgesinde ve G\u00f6zlerini Ka\u00e7\u0131rma romanlar\u0131yla edebiyattaki ilerleyi\u015fini emin ad\u0131mlarla s\u00fcrd\u00fcren Irmak Zileli\u2019nin, Yunus Nadi Roman \u00d6d\u00fcl\u00fc\u2019n\u00fc kazanan ilk yap\u0131t\u0131 E\u015fik, 12 Eyl\u00fcl 1980\u2019den iki y\u0131l \u00f6nce do\u011fan Eyl\u00fcl\u2019\u00fcn d\u00fcnyaya geli\u015f, d\u00fcnyada olu\u015f ve \u201cvar olu\u015f\u201d hik\u00e2yesini anlat\u0131yor. Devrimci ve Partili ailesi, iki y\u0131l sonras\u0131n\u0131 \u00f6ng\u00f6rebilseydi, hayatlar\u0131nda bir\u00e7ok \u015fey daha farkl\u0131 olurdu. En ba\u015fta ad\u0131\u2026   Eyl\u00fcl, siyasi kimlikleriyle \u00f6n saf larda yer alan ailesinin en k\u00fc\u00e7\u00fck bireyi olarak ideolojik \u00e7at\u0131\u015fmalar aras\u0131nda b\u00fcy\u00fcmekte; di\u011fer yandan, y\u0131k\u0131lan bir yuvan\u0131n enkaz\u0131 alt\u0131nda kendi yolunu bularak ilerlemeye \u00e7al\u0131\u015fmaktad\u0131r. E\u015fik\u2019te Eyl\u00fcl\u2019\u00fcn g\u00f6lgesinde, evin kap\u0131s\u0131ndan \u00e7\u0131kanlar ve bir daha d\u00f6nmeyenler, siyasetteki e\u015fikler, b\u00fcy\u00fcme e\u015fikleri, karar anlar\u0131, dayatmalar ve itirazlar, s\u00f6ylenmek istenip de \u2013o e\u015fik atlanamad\u0131\u011f\u0131 i\u00e7in\u2013 bir t\u00fcrl\u00fc s\u00f6ylenemeyenler; T\u00fcrkiye\u2019nin 80\u2019lerde ve sonras\u0131nda bekledi\u011fi o e\u015fik var. <\/p>\n","protected":false},"excerpt":{"rendered":"<p>&#8220;\u00d6ld\u00fc dirildi \u00f6ld\u00fc dirildi \u00f6ld\u00fc dirildi \u00f6ld\u00fc \u00f6ld\u00fc \u00f6ld\u00fc \u00f6ld\u00fc. Ka\u00e7 kez bilmiyor. Bir g\u00fcn, sonuncusunda, dirilmedi. \u0130\u015fte bunu ummazd\u0131.\u201d G\u00f6lgesinde ve G\u00f6zlerini Ka\u00e7\u0131rma romanlar\u0131yla edebiyattaki<span class=\"excerpt-hellip\"> [\u2026]<\/span><\/p>\n","protected":false},"featured_media":0,"template":"","meta":{"_monsterinsights_skip_tracking":false,"_monsterinsights_sitenote_active":false,"_monsterinsights_sitenote_note":"","_monsterinsights_sitenote_category":0},"product_brand":[],"product_cat":[12291,12711],"product_tag":[],"class_list":{"0":"post-710370","1":"product","2":"type-product","3":"status-publish","5":"product_cat-edebiyat","6":"product_cat-roman-oyku","7":"pa_cilt-ciltsiz","8":"pa_tur-kitap","9":"pa_yayinevi-everest-yayinlari","10":"pa_yazar-irmak-zileli","12":"first","13":"instock","14":"sale","15":"shipping-taxable","16":"purchasable","17":"product-type-simple"},"_links":{"self":[{"href":"https:\/\/roveyayinevi.com.tr\/index.php\/wp-json\/wp\/v2\/product\/710370","targetHints":{"allow":["GET"]}}],"collection":[{"href":"https:\/\/roveyayinevi.com.tr\/index.php\/wp-json\/wp\/v2\/product"}],"about":[{"href":"https:\/\/roveyayinevi.com.tr\/index.php\/wp-json\/wp\/v2\/types\/product"}],"wp:attachment":[{"href":"https:\/\/roveyayinevi.com.tr\/index.php\/wp-json\/wp\/v2\/media?parent=710370"}],"wp:term":[{"taxonomy":"product_brand","embeddable":true,"href":"https:\/\/roveyayinevi.com.tr\/index.php\/wp-json\/wp\/v2\/product_brand?post=710370"},{"taxonomy":"product_cat","embeddable":true,"href":"https:\/\/roveyayinevi.com.tr\/index.php\/wp-json\/wp\/v2\/product_cat?post=710370"},{"taxonomy":"product_tag","embeddable":true,"href":"https:\/\/roveyayinevi.com.tr\/index.php\/wp-json\/wp\/v2\/product_tag?post=710370"}],"curies":[{"name":"wp","href":"https:\/\/api.w.org\/{rel}","templated":true}]}}