{"id":710367,"date":"2025-08-27T16:35:01","date_gmt":"2025-08-27T13:35:01","guid":{"rendered":"https:\/\/roveyayinevi.com.tr\/index.php\/urun\/medan-geceleri-oykuler\/"},"modified":"2026-04-16T02:19:16","modified_gmt":"2026-04-15T23:19:16","slug":"medan-geceleri-oykuler","status":"publish","type":"product","link":"https:\/\/roveyayinevi.com.tr\/index.php\/urun\/medan-geceleri-oykuler\/","title":{"rendered":"Medan Geceleri (\u00d6yk\u00fcler)"},"content":{"rendered":"<p>Nat\u00fcralizmin \u00f6nc\u00fcs\u00fc \u00c9mile Zola\u2019n\u0131n M\u00e9dan\u2019daki evinde toplanan d\u00f6nemin \u00f6nde gelen yazarlar\u0131 ge\u00e7mi\u015fin an\u0131lar\u0131na dalarlar ve bu sohbet ortam\u0131n\u0131n sonucunda ortaya 1870 Fransa-Prusya Sava\u015f\u0131\u2019n\u0131 konu alan alt\u0131 \u00f6yk\u00fc \u00e7\u0131kar. 1880 y\u0131l\u0131nda yay\u0131nlanan ve M\u00e9dan Geceleri ad\u0131 verilen bu \u00f6yk\u00fc derlemesi edebiyat \u00e7evrelerinde geni\u015f yank\u0131 uyand\u0131r\u0131r. Cesetlerin ve y\u0131k\u0131nt\u0131lar\u0131n ortas\u0131nda \u201cZafer!\u201d naralar\u0131 atan aptal subaylardan, s\u00f6zde vatansever burjuvalar\u0131n sava\u015f ortam\u0131nda iyice su y\u00fcz\u00fcne \u00e7\u0131kan ikiy\u00fczl\u00fc ve a\u015fa\u011f\u0131l\u0131k ahlak\u0131na, \u201cd\u00fc\u015fman\u201dla sava\u015fmay\u0131 beklerken tek yapabildikleri \u015fey m\u00fcdavimi olduklar\u0131 genelevi yerle bir etmek olan \u201ckahraman\u201dlardan, tek bir emirle askerleri \u00f6l\u00fcme g\u00f6nderip kendileri zevk ve sefa i\u00e7inde g\u00fcn\u00fcn\u00fc g\u00fcn eden generallere ve askerlerin dostluk, korku, hastal\u0131k, g\u00f6zya\u015f\u0131, bit, pislik, \u00f6l\u00fcm ve firar\u0131na hi\u00e7 eskimeyen ve de\u011fi\u015fmeyen bir tablo&#8230; <\/p>\n","protected":false},"excerpt":{"rendered":"<p>Nat\u00fcralizmin \u00f6nc\u00fcs\u00fc \u00c9mile Zola\u2019n\u0131n M\u00e9dan\u2019daki evinde toplanan d\u00f6nemin \u00f6nde gelen yazarlar\u0131 ge\u00e7mi\u015fin an\u0131lar\u0131na dalarlar ve bu sohbet ortam\u0131n\u0131n sonucunda ortaya 1870 Fransa-Prusya Sava\u015f\u0131\u2019n\u0131 konu alan alt\u0131<span class=\"excerpt-hellip\"> [\u2026]<\/span><\/p>\n","protected":false},"featured_media":0,"template":"","meta":{"_monsterinsights_skip_tracking":false,"_monsterinsights_sitenote_active":false,"_monsterinsights_sitenote_note":"","_monsterinsights_sitenote_category":0},"product_brand":[],"product_cat":[12291,12711],"product_tag":[],"class_list":{"0":"post-710367","1":"product","2":"type-product","3":"status-publish","5":"product_cat-edebiyat","6":"product_cat-roman-oyku","7":"pa_cilt-ciltsiz","8":"pa_tur-kitap","9":"pa_yayinevi-sel-yayincilik","10":"pa_yazar-emile-zola-guy-de-maupassant-joris-karl-huysmans-henry-ceard-leon-hennique","12":"first","13":"instock","14":"sale","15":"shipping-taxable","16":"purchasable","17":"product-type-simple"},"_links":{"self":[{"href":"https:\/\/roveyayinevi.com.tr\/index.php\/wp-json\/wp\/v2\/product\/710367","targetHints":{"allow":["GET"]}}],"collection":[{"href":"https:\/\/roveyayinevi.com.tr\/index.php\/wp-json\/wp\/v2\/product"}],"about":[{"href":"https:\/\/roveyayinevi.com.tr\/index.php\/wp-json\/wp\/v2\/types\/product"}],"wp:attachment":[{"href":"https:\/\/roveyayinevi.com.tr\/index.php\/wp-json\/wp\/v2\/media?parent=710367"}],"wp:term":[{"taxonomy":"product_brand","embeddable":true,"href":"https:\/\/roveyayinevi.com.tr\/index.php\/wp-json\/wp\/v2\/product_brand?post=710367"},{"taxonomy":"product_cat","embeddable":true,"href":"https:\/\/roveyayinevi.com.tr\/index.php\/wp-json\/wp\/v2\/product_cat?post=710367"},{"taxonomy":"product_tag","embeddable":true,"href":"https:\/\/roveyayinevi.com.tr\/index.php\/wp-json\/wp\/v2\/product_tag?post=710367"}],"curies":[{"name":"wp","href":"https:\/\/api.w.org\/{rel}","templated":true}]}}