{"id":710366,"date":"2025-08-27T16:35:00","date_gmt":"2025-08-27T13:35:00","guid":{"rendered":"https:\/\/roveyayinevi.com.tr\/index.php\/urun\/sigaranin-kulturel-tarihi\/"},"modified":"2026-04-16T02:19:16","modified_gmt":"2026-04-15T23:19:16","slug":"sigaranin-kulturel-tarihi","status":"publish","type":"product","link":"https:\/\/roveyayinevi.com.tr\/index.php\/urun\/sigaranin-kulturel-tarihi\/","title":{"rendered":"Sigaran\u0131n K\u00fclt\u00fcrel Tarihi"},"content":{"rendered":"<p>Didier Nourrisson, t\u00fct\u00fcn\u00fcn K\u0131z\u0131lderililerce ilk kullan\u0131m\u0131ndan g\u00fcn\u00fcm\u00fcze, sigaran\u0131n d\u00f6rt ba\u015f\u0131 mamur bir k\u00fclt\u00fcrel tarihini yaz\u0131yor.Nourrisson, Sigaran\u0131n K\u00fclt\u00fcrel Tarihi\u2019nde anlat\u0131m\u0131na edebi bir lezzet katmakla kalm\u0131yor, t\u00fct\u00fcn\u00fcn Yeni D\u00fcnya\u2019daki ke\u015ffinden zaman i\u00e7erisinde bir ihtiya\u00e7 malzemesine d\u00f6n\u00fc\u015ft\u00fcr\u00fclerek metala\u015ft\u0131r\u0131lma, pop\u00fclerle\u015fip yayg\u0131nla\u015fma, yerk\u00fcrenin bir k\u0131sm\u0131nda silinmeye ba\u015flarken ba\u015fka co\u011frafyalarda kendine yeni piyasalar yaratma hik\u00e2yesini ustal\u0131kla resmediyor.\u0130flah olmaz tiryakilerin, sosyal i\u00e7icilerin, i\u00e7mese de rahats\u0131z olmayanlar\u0131n, t\u00f6vbek\u00e2rlar\u0131n, y\u0131llarca i\u00e7ip b\u0131rakt\u0131ktan sonra rahats\u0131z olanlar\u0131n, toptan kar\u015f\u0131 duranlar\u0131n, a\u011fz\u0131na s\u00fcrmeyenlerin keyifle okuyaca\u011f\u0131; yolu an\u0131lardan, belgelerden, edebiyattan, \u00e7izim, \u015fark\u0131, film ve reklamlardan; keder kadar keyiften de ge\u00e7en k\u0131\u015fk\u0131rt\u0131c\u0131 bir tarih yaz\u0131m\u0131&#8230; <\/p>\n","protected":false},"excerpt":{"rendered":"<p>Didier Nourrisson, t\u00fct\u00fcn\u00fcn K\u0131z\u0131lderililerce ilk kullan\u0131m\u0131ndan g\u00fcn\u00fcm\u00fcze, sigaran\u0131n d\u00f6rt ba\u015f\u0131 mamur bir k\u00fclt\u00fcrel tarihini yaz\u0131yor.Nourrisson, Sigaran\u0131n K\u00fclt\u00fcrel Tarihi\u2019nde anlat\u0131m\u0131na edebi bir lezzet katmakla kalm\u0131yor, t\u00fct\u00fcn\u00fcn Yeni<span class=\"excerpt-hellip\"> [\u2026]<\/span><\/p>\n","protected":false},"featured_media":0,"template":"","meta":{"_monsterinsights_skip_tracking":false,"_monsterinsights_sitenote_active":false,"_monsterinsights_sitenote_note":"","_monsterinsights_sitenote_category":0},"product_brand":[],"product_cat":[13633,12324],"product_tag":[],"class_list":{"0":"post-710366","1":"product","2":"type-product","3":"status-publish","5":"product_cat-kultur-ve-bilim","6":"product_cat-sosyoloji","7":"pa_cilt-ciltsiz","8":"pa_tur-kitap","9":"pa_yayinevi-sel-yayincilik","10":"pa_yazar-didier-nourrisson","12":"first","13":"instock","14":"sale","15":"shipping-taxable","16":"purchasable","17":"product-type-simple"},"_links":{"self":[{"href":"https:\/\/roveyayinevi.com.tr\/index.php\/wp-json\/wp\/v2\/product\/710366","targetHints":{"allow":["GET"]}}],"collection":[{"href":"https:\/\/roveyayinevi.com.tr\/index.php\/wp-json\/wp\/v2\/product"}],"about":[{"href":"https:\/\/roveyayinevi.com.tr\/index.php\/wp-json\/wp\/v2\/types\/product"}],"wp:attachment":[{"href":"https:\/\/roveyayinevi.com.tr\/index.php\/wp-json\/wp\/v2\/media?parent=710366"}],"wp:term":[{"taxonomy":"product_brand","embeddable":true,"href":"https:\/\/roveyayinevi.com.tr\/index.php\/wp-json\/wp\/v2\/product_brand?post=710366"},{"taxonomy":"product_cat","embeddable":true,"href":"https:\/\/roveyayinevi.com.tr\/index.php\/wp-json\/wp\/v2\/product_cat?post=710366"},{"taxonomy":"product_tag","embeddable":true,"href":"https:\/\/roveyayinevi.com.tr\/index.php\/wp-json\/wp\/v2\/product_tag?post=710366"}],"curies":[{"name":"wp","href":"https:\/\/api.w.org\/{rel}","templated":true}]}}