{"id":710365,"date":"2025-08-27T16:35:00","date_gmt":"2025-08-27T13:35:00","guid":{"rendered":"https:\/\/roveyayinevi.com.tr\/index.php\/urun\/okul-oncesinde-resim-egitimi\/"},"modified":"2026-04-16T02:19:15","modified_gmt":"2026-04-15T23:19:15","slug":"okul-oncesinde-resim-egitimi","status":"publish","type":"product","link":"https:\/\/roveyayinevi.com.tr\/index.php\/urun\/okul-oncesinde-resim-egitimi\/","title":{"rendered":"Okul \u00d6ncesinde Resim E\u011fitimi"},"content":{"rendered":"<p>\u00c7ocu\u011fun toplumsal bir varl\u0131k olarak geli\u015fmesinde, kendini ifade etmesinde, disiplin alanlar\u0131ndan biri olan resim e\u011fitimi, genel e\u011fitimin \u00f6nemli, bir dal\u0131d\u0131r. Genel sanat e\u011fitimi i\u00e7inde hi\u00e7bir sanat dal\u0131, resim kadar insan\u0131n kendini tan\u0131mlamas\u0131nda, kan\u0131tlamas\u0131nda, do\u011fadaki varl\u0131klar\u0131n alg\u0131lamas\u0131nda ve betimlemesinde etkili olmam\u0131\u015ft\u0131r.Okul \u00d6ncesinde resim e\u011fitimi, \u00e7ocu\u011fun \u00f6nceden \u00f6\u011frenmi\u015f oldu\u011fu baz\u0131 davran\u0131\u015f ve s\u00f6zc\u00fcklerden daha g\u00fc\u00e7l\u00fc, yal\u0131n, i\u00e7ten, do\u011fal bir anlat\u0131m ve ileti\u015fim arac\u0131 ola-rak kar\u015f\u0131m\u0131za \u00e7\u0131kmaktad\u0131r. \u00c7izim, boyama ve \u00fc\u00e7 boyutlu form &#8211; in\u015fa etkinlikleri \u00e7ocu\u011fun duygu, d\u00fc\u015f\u00fcnce, alg\u0131, kavram, tepki ve kaba-ince motor becerilerinin somut g\u00f6stergeleridir.<\/p>\n","protected":false},"excerpt":{"rendered":"<p>\u00c7ocu\u011fun toplumsal bir varl\u0131k olarak geli\u015fmesinde, kendini ifade etmesinde, disiplin alanlar\u0131ndan biri olan resim e\u011fitimi, genel e\u011fitimin \u00f6nemli, bir dal\u0131d\u0131r. Genel sanat e\u011fitimi i\u00e7inde hi\u00e7bir sanat<span class=\"excerpt-hellip\"> [\u2026]<\/span><\/p>\n","protected":false},"featured_media":0,"template":"","meta":{"_monsterinsights_skip_tracking":false,"_monsterinsights_sitenote_active":false,"_monsterinsights_sitenote_note":"","_monsterinsights_sitenote_category":0},"product_brand":[],"product_cat":[12573,12566],"product_tag":[],"class_list":{"0":"post-710365","1":"product","2":"type-product","3":"status-publish","5":"product_cat-akademik-kitaplar","6":"product_cat-egitim","7":"pa_cilt-ciltsiz","8":"pa_tur-kitap","9":"pa_yayinevi-ani-yayincilik","10":"pa_yazar-kazim-artut","12":"first","13":"instock","14":"sale","15":"shipping-taxable","16":"purchasable","17":"product-type-simple"},"_links":{"self":[{"href":"https:\/\/roveyayinevi.com.tr\/index.php\/wp-json\/wp\/v2\/product\/710365","targetHints":{"allow":["GET"]}}],"collection":[{"href":"https:\/\/roveyayinevi.com.tr\/index.php\/wp-json\/wp\/v2\/product"}],"about":[{"href":"https:\/\/roveyayinevi.com.tr\/index.php\/wp-json\/wp\/v2\/types\/product"}],"wp:attachment":[{"href":"https:\/\/roveyayinevi.com.tr\/index.php\/wp-json\/wp\/v2\/media?parent=710365"}],"wp:term":[{"taxonomy":"product_brand","embeddable":true,"href":"https:\/\/roveyayinevi.com.tr\/index.php\/wp-json\/wp\/v2\/product_brand?post=710365"},{"taxonomy":"product_cat","embeddable":true,"href":"https:\/\/roveyayinevi.com.tr\/index.php\/wp-json\/wp\/v2\/product_cat?post=710365"},{"taxonomy":"product_tag","embeddable":true,"href":"https:\/\/roveyayinevi.com.tr\/index.php\/wp-json\/wp\/v2\/product_tag?post=710365"}],"curies":[{"name":"wp","href":"https:\/\/api.w.org\/{rel}","templated":true}]}}