{"id":710364,"date":"2025-08-27T16:34:59","date_gmt":"2025-08-27T13:34:59","guid":{"rendered":"https:\/\/roveyayinevi.com.tr\/index.php\/urun\/genel-kimya-4-organik-kimya\/"},"modified":"2026-04-16T02:19:15","modified_gmt":"2026-04-15T23:19:15","slug":"genel-kimya-4-organik-kimya","status":"publish","type":"product","link":"https:\/\/roveyayinevi.com.tr\/index.php\/urun\/genel-kimya-4-organik-kimya\/","title":{"rendered":"Genel Kimya 4 &#8211; Organik Kimya"},"content":{"rendered":"<p>\u00dclkemiz \u00fcniversitelerinin kimya ile ilgili \u00e7e\u015fitli b\u00f6l\u00fcmlerinde Organik Kimya ders kitab\u0131 olarak okutulmak \u00fczere d\u00fcnyan\u0131n bir\u00e7ok yerinde kullan\u0131lan baz\u0131 kitaplar\u0131n \u00e7evirileri ile \u00f6\u011fretim \u00fcyelerimizin yazd\u0131klar\u0131 s\u0131n\u0131rl\u0131 say\u0131da kitaplar kullan\u0131lmaktad\u0131r. Organik Kimya i\u00e7eri\u011fini olu\u015fturan konulara Fen veya Fen Edebiyat Fak\u00fcltelerinin Kimya B\u00f6l\u00fcmleri ile E\u011fitim Fak\u00fcltelerinin Kimya \u00d6\u011fretmenli\u011fi programlar\u0131nda okutulan Organik Kimya I, Organik Kimya II, Organik Kimya III dersleri ile bunlar\u0131n laboratuarlar\u0131nda, b\u00f6l\u00fcmlere g\u00f6re de\u011fi\u015fmekle birlikte toplamda haftada 10 saatten fazla s\u00fcre ayr\u0131lm\u0131\u015ft\u0131r.Di\u011fer taraftan Organik Kimyan\u0131n bu konular\u0131 E\u011fitim Fak\u00fcltelerinin Fen Bilgisi \u00d6\u011fretmenli\u011fi program\u0131 ders plan\u0131nda haftada 2 saatlik Kimya 4 ad\u0131 alt\u0131nda verilmektedir. \u0130\u00e7eri\u011fi Y\u00d6K taraf\u0131ndan ana ba\u015fl\u0131klarla belirlenmi\u015f olsa da bu kadar az bir s\u00fcrede b\u00f6ylesine kapsaml\u0131 Organik Kimya disiplinini vermek durumunda kalan bir \u00f6\u011fretim \u00fcyesi \u201cnereden ba\u015flasam, nas\u0131l anlatsam da yeti\u015ftirsem\u201d endi\u015fesi ya\u015famaktad\u0131r. Bu nedenle E\u011fitim Fak\u00fcltelerinin Fen Bilgisi \u00d6\u011fretmenli\u011fi Kimya 4 dersine \u00f6zel bir Organik Kimya kitab\u0131na ihtiya\u00e7 vard\u0131r. Buradan hareketle var olan kitaplara bir alternatif olarak Kimya 4 ad\u0131 alt\u0131nda bir Organik Kimya kitab\u0131n\u0131n yaz\u0131lmas\u0131 d\u00fc\u015f\u00fcncesi olu\u015fmu\u015ftur. <\/p>\n","protected":false},"excerpt":{"rendered":"<p>\u00dclkemiz \u00fcniversitelerinin kimya ile ilgili \u00e7e\u015fitli b\u00f6l\u00fcmlerinde Organik Kimya ders kitab\u0131 olarak okutulmak \u00fczere d\u00fcnyan\u0131n bir\u00e7ok yerinde kullan\u0131lan baz\u0131 kitaplar\u0131n \u00e7evirileri ile \u00f6\u011fretim \u00fcyelerimizin yazd\u0131klar\u0131 s\u0131n\u0131rl\u0131<span class=\"excerpt-hellip\"> [\u2026]<\/span><\/p>\n","protected":false},"featured_media":0,"template":"","meta":{"_monsterinsights_skip_tracking":false,"_monsterinsights_sitenote_active":false,"_monsterinsights_sitenote_note":"","_monsterinsights_sitenote_category":0},"product_brand":[],"product_cat":[12573,12566],"product_tag":[],"class_list":{"0":"post-710364","1":"product","2":"type-product","3":"status-publish","5":"product_cat-akademik-kitaplar","6":"product_cat-egitim","7":"pa_cilt-ciltsiz","8":"pa_tur-kitap","9":"pa_yayinevi-ani-yayincilik","10":"pa_yazar-canan-nakiboglu","12":"first","13":"instock","14":"sale","15":"shipping-taxable","16":"purchasable","17":"product-type-simple"},"_links":{"self":[{"href":"https:\/\/roveyayinevi.com.tr\/index.php\/wp-json\/wp\/v2\/product\/710364","targetHints":{"allow":["GET"]}}],"collection":[{"href":"https:\/\/roveyayinevi.com.tr\/index.php\/wp-json\/wp\/v2\/product"}],"about":[{"href":"https:\/\/roveyayinevi.com.tr\/index.php\/wp-json\/wp\/v2\/types\/product"}],"wp:attachment":[{"href":"https:\/\/roveyayinevi.com.tr\/index.php\/wp-json\/wp\/v2\/media?parent=710364"}],"wp:term":[{"taxonomy":"product_brand","embeddable":true,"href":"https:\/\/roveyayinevi.com.tr\/index.php\/wp-json\/wp\/v2\/product_brand?post=710364"},{"taxonomy":"product_cat","embeddable":true,"href":"https:\/\/roveyayinevi.com.tr\/index.php\/wp-json\/wp\/v2\/product_cat?post=710364"},{"taxonomy":"product_tag","embeddable":true,"href":"https:\/\/roveyayinevi.com.tr\/index.php\/wp-json\/wp\/v2\/product_tag?post=710364"}],"curies":[{"name":"wp","href":"https:\/\/api.w.org\/{rel}","templated":true}]}}