{"id":710363,"date":"2025-08-27T16:34:59","date_gmt":"2025-08-27T13:34:59","guid":{"rendered":"https:\/\/roveyayinevi.com.tr\/index.php\/urun\/10-sinif-turk-dili-ve-edebiyati\/"},"modified":"2025-09-13T15:12:17","modified_gmt":"2025-09-13T12:12:17","slug":"10-sinif-turk-dili-ve-edebiyati","status":"publish","type":"product","link":"https:\/\/roveyayinevi.com.tr\/index.php\/urun\/10-sinif-turk-dili-ve-edebiyati\/","title":{"rendered":"10.S\u0131n\u0131f T\u00fcrk Dili ve Edebiyat\u0131"},"content":{"rendered":"<p>Bu \u00f6zet kitap, okul m\u00fcfredat\u0131na uygun olarak haz\u0131rlanm\u0131\u015ft\u0131r. Kitaptaki konular, ders kitab\u0131yla uyumlu olarak s\u0131ralanm\u0131\u015f ve a\u00e7\u0131klanm\u0131\u015ft\u0131r. Haz\u0131rlan\u0131\u015f amac\u0131, \u00f6\u011frenciyi yo\u011fun ve bo\u011fucu ayr\u0131nt\u0131larla dolu yard\u0131mc\u0131 kaynaklardan kurtarmakt\u0131r. \u0130htiya\u00e7 olan her bilgi \u00f6z ve anla\u015f\u0131l\u0131r olarak bu kitapta yer almaktad\u0131r. Uzun konu anlat\u0131mlar\u0131 yok, gereksiz bilgi y\u0131\u011f\u0131nlar\u0131 yok, yorucu ayr\u0131nt\u0131lar yok. Doyurucu, eksiksiz ama yormayan bir kitap bu. Konu anlat\u0131mlar\u0131nda \u00e7ok \u00f6nemli noktalar\u0131 uyar\u0131larla belirttik. Baz\u0131 konular\u0131 daha anla\u015f\u0131l\u0131r g\u00f6rsellere \u00e7evirdik. \u00dcnite sonlar\u0131nda tarama testlerine yer verdik. Kendinizi s\u0131naman\u0131z i\u00e7in d\u00f6rt yaz\u0131l\u0131 s\u0131nav ve iki deneme s\u0131nav\u0131 koyduk. Ayr\u0131ca \u00fcniversite giri\u015f s\u0131navlar\u0131na haz\u0131rlanman\u0131z amac\u0131yla, konu anlat\u0131mlar\u0131n\u0131n i\u00e7ine s\u0131k s\u0131k \u00e7\u00f6z\u00fcml\u00fc \u00e7\u0131km\u0131\u015f sorular\u0131 yerle\u015ftirdik. Kitaptaki t\u00fcm yaz\u0131l\u0131 ve test-deneme sorular\u0131n\u0131n ayr\u0131nt\u0131l\u0131 \u00e7\u00f6z\u00fcmleri www.deltakitap.com&#8217;da yer almaktad\u0131r.<\/p>\n","protected":false},"excerpt":{"rendered":"<p>Bu \u00f6zet kitap, okul m\u00fcfredat\u0131na uygun olarak haz\u0131rlanm\u0131\u015ft\u0131r. Kitaptaki konular, ders kitab\u0131yla uyumlu olarak s\u0131ralanm\u0131\u015f ve a\u00e7\u0131klanm\u0131\u015ft\u0131r. Haz\u0131rlan\u0131\u015f amac\u0131, \u00f6\u011frenciyi yo\u011fun ve bo\u011fucu ayr\u0131nt\u0131larla dolu yard\u0131mc\u0131<span class=\"excerpt-hellip\"> [\u2026]<\/span><\/p>\n","protected":false},"featured_media":0,"template":"","meta":{"_monsterinsights_skip_tracking":false,"_monsterinsights_sitenote_active":false,"_monsterinsights_sitenote_note":"","_monsterinsights_sitenote_category":0},"product_brand":[],"product_cat":[12566,13473],"product_tag":[],"class_list":{"0":"post-710363","1":"product","2":"type-product","3":"status-publish","5":"product_cat-egitim","6":"product_cat-sinavlara-hazirlik-okula-yardimci-kaynaklar","7":"pa_cilt-ciltsiz","8":"pa_tur-kitap","9":"pa_yayinevi-delta-kultur-yayinevi","10":"pa_yazar-tufan-sahin","12":"first","13":"instock","14":"sale","15":"shipping-taxable","16":"purchasable","17":"product-type-simple"},"_links":{"self":[{"href":"https:\/\/roveyayinevi.com.tr\/index.php\/wp-json\/wp\/v2\/product\/710363","targetHints":{"allow":["GET"]}}],"collection":[{"href":"https:\/\/roveyayinevi.com.tr\/index.php\/wp-json\/wp\/v2\/product"}],"about":[{"href":"https:\/\/roveyayinevi.com.tr\/index.php\/wp-json\/wp\/v2\/types\/product"}],"wp:attachment":[{"href":"https:\/\/roveyayinevi.com.tr\/index.php\/wp-json\/wp\/v2\/media?parent=710363"}],"wp:term":[{"taxonomy":"product_brand","embeddable":true,"href":"https:\/\/roveyayinevi.com.tr\/index.php\/wp-json\/wp\/v2\/product_brand?post=710363"},{"taxonomy":"product_cat","embeddable":true,"href":"https:\/\/roveyayinevi.com.tr\/index.php\/wp-json\/wp\/v2\/product_cat?post=710363"},{"taxonomy":"product_tag","embeddable":true,"href":"https:\/\/roveyayinevi.com.tr\/index.php\/wp-json\/wp\/v2\/product_tag?post=710363"}],"curies":[{"name":"wp","href":"https:\/\/api.w.org\/{rel}","templated":true}]}}