{"id":710361,"date":"2025-08-27T16:34:58","date_gmt":"2025-08-27T13:34:58","guid":{"rendered":"https:\/\/roveyayinevi.com.tr\/index.php\/urun\/demir-okce-5\/"},"modified":"2026-04-08T02:25:03","modified_gmt":"2026-04-07T23:25:03","slug":"demir-okce-5","status":"publish","type":"product","link":"https:\/\/roveyayinevi.com.tr\/index.php\/urun\/demir-okce-5\/","title":{"rendered":"Demir \u00d6k\u00e7e"},"content":{"rendered":"<p>Huzursuzlu\u011fumun nedenini sormaya gerek yok. D\u00fc\u015f\u00fcn\u00fcp duruyorum, kendimi alam\u0131yorum d\u00fc\u015f\u00fcnmekten. \u00d6ylesine yo\u011fun ya\u015fam\u0131\u015f\u0131m ki, huzur ve sessizlik bende bunal\u0131m yarat\u0131r olmu\u015f, \u00f6l\u00fcm ve y\u0131k\u0131m\u0131n \u00e7ok ge\u00e7meden kar\u015f\u0131ma \u00e7\u0131kaca\u011f\u0131n\u0131 d\u00fc\u015f\u00fcnmekten kendimi alamaz duruma gelmi\u015fim. Kulaklar\u0131mda ezilmi\u015flerin \u00e7\u0131\u011fl\u0131klar\u0131 \u00e7\u0131nl\u0131yor; ge\u00e7mi\u015fte de oldu\u011fu gibi, tatl\u0131, ho\u015f g\u00f6vdelerin parampar\u00e7a edilmesini ve ruhlar\u0131n, \u015fiddet kullanarak, gururlu bedenlerinden s\u00f6k\u00fcl\u00fcp Tanr\u0131\u2019n\u0131n \u00f6n\u00fcne f\u0131rlat\u0131lmas\u0131n\u0131 izliyorum. Biz zavall\u0131 insanlar, d\u00fcnyam\u0131za kal\u0131c\u0131 bar\u0131\u015f ve esenlik getirmek amac\u0131yla, i\u015fte b\u00f6yle k\u0131y\u0131m ve y\u0131k\u0131mlara kar\u015f\u0131 sava\u015f\u0131yoruz. \ufffcTan\u0131t\u0131m Metni<\/p>\n","protected":false},"excerpt":{"rendered":"<p>Huzursuzlu\u011fumun nedenini sormaya gerek yok. D\u00fc\u015f\u00fcn\u00fcp duruyorum, kendimi alam\u0131yorum d\u00fc\u015f\u00fcnmekten. \u00d6ylesine yo\u011fun ya\u015fam\u0131\u015f\u0131m ki, huzur ve sessizlik bende bunal\u0131m yarat\u0131r olmu\u015f, \u00f6l\u00fcm ve y\u0131k\u0131m\u0131n \u00e7ok ge\u00e7meden<span class=\"excerpt-hellip\"> [\u2026]<\/span><\/p>\n","protected":false},"featured_media":0,"template":"","meta":{"_monsterinsights_skip_tracking":false,"_monsterinsights_sitenote_active":false,"_monsterinsights_sitenote_note":"","_monsterinsights_sitenote_category":0},"product_brand":[],"product_cat":[12291,12711],"product_tag":[],"class_list":{"0":"post-710361","1":"product","2":"type-product","3":"status-publish","5":"product_cat-edebiyat","6":"product_cat-roman-oyku","7":"pa_cilt-ciltsiz","8":"pa_tur-kitap","9":"pa_yayinevi-ayrinti-yayinlari","10":"pa_yazar-jack-london","12":"first","13":"instock","14":"sale","15":"shipping-taxable","16":"purchasable","17":"product-type-simple"},"_links":{"self":[{"href":"https:\/\/roveyayinevi.com.tr\/index.php\/wp-json\/wp\/v2\/product\/710361","targetHints":{"allow":["GET"]}}],"collection":[{"href":"https:\/\/roveyayinevi.com.tr\/index.php\/wp-json\/wp\/v2\/product"}],"about":[{"href":"https:\/\/roveyayinevi.com.tr\/index.php\/wp-json\/wp\/v2\/types\/product"}],"wp:attachment":[{"href":"https:\/\/roveyayinevi.com.tr\/index.php\/wp-json\/wp\/v2\/media?parent=710361"}],"wp:term":[{"taxonomy":"product_brand","embeddable":true,"href":"https:\/\/roveyayinevi.com.tr\/index.php\/wp-json\/wp\/v2\/product_brand?post=710361"},{"taxonomy":"product_cat","embeddable":true,"href":"https:\/\/roveyayinevi.com.tr\/index.php\/wp-json\/wp\/v2\/product_cat?post=710361"},{"taxonomy":"product_tag","embeddable":true,"href":"https:\/\/roveyayinevi.com.tr\/index.php\/wp-json\/wp\/v2\/product_tag?post=710361"}],"curies":[{"name":"wp","href":"https:\/\/api.w.org\/{rel}","templated":true}]}}