{"id":710354,"date":"2025-08-27T16:34:54","date_gmt":"2025-08-27T13:34:54","guid":{"rendered":"https:\/\/roveyayinevi.com.tr\/index.php\/urun\/4-sinif-sifreli-matematik-dusunme-becerilerini-gelistirme\/"},"modified":"2025-08-31T15:08:49","modified_gmt":"2025-08-31T12:08:49","slug":"4-sinif-sifreli-matematik-dusunme-becerilerini-gelistirme","status":"publish","type":"product","link":"https:\/\/roveyayinevi.com.tr\/index.php\/urun\/4-sinif-sifreli-matematik-dusunme-becerilerini-gelistirme\/","title":{"rendered":"4. S\u0131n\u0131f \u015eifreli Matematik (D\u00fc\u015f\u00fcnme Becerilerini Geli\u015ftirme)"},"content":{"rendered":"<p>\u00dclkemizde matematik dersi zor, s\u0131k\u0131c\u0131 ve sadece ge\u00e7er not almak i\u00e7in \u00e7al\u0131\u015f\u0131lan bir derstir. Sorular\u0131n \u00e7\u00f6z\u00fcm\u00fcndeki bitmek bilmeyen i\u015flemler \u00f6\u011frencilerimizi neyi, neden yapt\u0131\u011f\u0131n\u0131 d\u00fc\u015f\u00fcnd\u00fcrmekten uzakla\u015ft\u0131rd\u0131\u011f\u0131 gibi, dersin esas kazan\u0131m\u0131 olan d\u00fc\u015f\u00fcnme ve \u00e7\u00f6z\u00fcm y\u00f6ntemi geli\u015ftirebilme becerilerinden de mahrum b\u0131rak\u0131yor. Oysa matemati\u011fin amac\u0131, d\u00fc\u015f\u00fcnme beceri- lerini geli\u015ftirerek farkl\u0131 durumlarda \u00f6zg\u00fcn \u00e7\u00f6z\u00fcm y\u00f6ntemleri geli\u015ftirebilmektir. Hayat ba\u015far\u0131s\u0131nda bizlere gereken en \u00f6nemli kazan\u0131mlardan birisi de budur. Elinizdeki kitap, sonu\u00e7tan \u00e7ok s\u00fcre\u00e7le ilgilenen ve s\u00fcreci \u00f6nemseyen bir kitap olarak haz\u0131rlanm\u0131\u015ft\u0131r. Her b\u00f6l\u00fcmde farkl\u0131 bir soru tarz\u0131 verilmi\u015f ve bu soru tarzlar\u0131nda \u00f6\u011frencinin farkl\u0131 d\u00fc\u015f\u00fcnceler \u00fcreterek \u00e7\u00f6z\u00fcm s\u00fcre\u00e7lerinden ge\u00e7mesi hedeenmi\u015ftir. Bu kitaptaki sorular\u0131 \u00e7\u00f6zecek olan \u00f6\u011frencilerimize \u00f6nerimiz; soruyu \u00e7ok iyi okumalar\u0131, anlamalar\u0131 ve ayr\u0131nt\u0131l\u0131 d\u00fc\u015f\u00fcnmeleridir. Ayr\u0131nt\u0131l\u0131 d\u00fc\u015f\u00fcnmek ve farkl\u0131 \u00e7\u00f6z\u00fcm yollar\u0131n\u0131 geli\u015ftirmek bu kitaptaki sorular\u0131 \u00e7\u00f6zen \u00f6\u011frencilerimizde geli\u015ftirilmesini hedeedi\u011fimiz en \u00f6nemli kazan\u0131mlard\u0131r. Kitab\u0131n \u00f6\u011frencilerimize, matemati\u011fi sevdirmenin yan\u0131 s\u0131ra problem \u00e7\u00f6zme becerileri, d\u00fc\u015f\u00fcnme becerileri ve yarat\u0131c\u0131l\u0131k kazan\u0131mlar\u0131n\u0131 geli\u015ftirmelerinde katk\u0131s\u0131 olaca\u011f\u0131n\u0131 umuyoruz. <\/p>\n","protected":false},"excerpt":{"rendered":"<p>\u00dclkemizde matematik dersi zor, s\u0131k\u0131c\u0131 ve sadece ge\u00e7er not almak i\u00e7in \u00e7al\u0131\u015f\u0131lan bir derstir. Sorular\u0131n \u00e7\u00f6z\u00fcm\u00fcndeki bitmek bilmeyen i\u015flemler \u00f6\u011frencilerimizi neyi, neden yapt\u0131\u011f\u0131n\u0131 d\u00fc\u015f\u00fcnd\u00fcrmekten uzakla\u015ft\u0131rd\u0131\u011f\u0131 gibi,<span class=\"excerpt-hellip\"> [\u2026]<\/span><\/p>\n","protected":false},"featured_media":0,"template":"","meta":{"_monsterinsights_skip_tracking":false,"_monsterinsights_sitenote_active":false,"_monsterinsights_sitenote_note":"","_monsterinsights_sitenote_category":0},"product_brand":[],"product_cat":[12274,15842],"product_tag":[],"class_list":{"0":"post-710354","1":"product","2":"type-product","3":"status-publish","5":"product_cat-cocuk-ve-genclik-kitaplari","6":"product_cat-egitici-kitaplar","7":"pa_cilt-ciltsiz","8":"pa_tur-kitap","9":"pa_yayinevi-akademi-cocuk","10":"pa_yazar-tolga-efe-guvener","12":"first","13":"instock","14":"sale","15":"shipping-taxable","16":"purchasable","17":"product-type-simple"},"_links":{"self":[{"href":"https:\/\/roveyayinevi.com.tr\/index.php\/wp-json\/wp\/v2\/product\/710354","targetHints":{"allow":["GET"]}}],"collection":[{"href":"https:\/\/roveyayinevi.com.tr\/index.php\/wp-json\/wp\/v2\/product"}],"about":[{"href":"https:\/\/roveyayinevi.com.tr\/index.php\/wp-json\/wp\/v2\/types\/product"}],"wp:attachment":[{"href":"https:\/\/roveyayinevi.com.tr\/index.php\/wp-json\/wp\/v2\/media?parent=710354"}],"wp:term":[{"taxonomy":"product_brand","embeddable":true,"href":"https:\/\/roveyayinevi.com.tr\/index.php\/wp-json\/wp\/v2\/product_brand?post=710354"},{"taxonomy":"product_cat","embeddable":true,"href":"https:\/\/roveyayinevi.com.tr\/index.php\/wp-json\/wp\/v2\/product_cat?post=710354"},{"taxonomy":"product_tag","embeddable":true,"href":"https:\/\/roveyayinevi.com.tr\/index.php\/wp-json\/wp\/v2\/product_tag?post=710354"}],"curies":[{"name":"wp","href":"https:\/\/api.w.org\/{rel}","templated":true}]}}