{"id":710352,"date":"2025-08-27T16:34:53","date_gmt":"2025-08-27T13:34:53","guid":{"rendered":"https:\/\/roveyayinevi.com.tr\/index.php\/urun\/kus\/"},"modified":"2026-04-16T02:19:15","modified_gmt":"2026-04-15T23:19:15","slug":"kus","status":"publish","type":"product","link":"https:\/\/roveyayinevi.com.tr\/index.php\/urun\/kus\/","title":{"rendered":"Ku\u015f"},"content":{"rendered":"<p>Keder u\u0308zerine yaz\u0131lm\u0131\u015f bir roman, \u015fiirsel bir anlat\u0131m\u2026Jewel, hayat\u0131n\u0131 onun do\u011fdu\u011fu gu\u0308n \u00f6len a\u011fabeyi John\u2019un di\u011fer ad\u0131yla Ku\u015f\u2019un- g\u00f6lgesinde ge\u00e7irece\u011fini san\u0131yordu. Anne babas\u0131, Ku\u015f\u2019un \u00f6lu\u0308mu\u0308ne neden olan korkun\u00e7 olay yu\u0308zu\u0308nden bu\u0308yu\u0308kbabas\u0131n\u0131 su\u00e7luyordu. O gu\u0308nden beri tek kelime etmeyen bu\u0308yu\u0308kbaba, Jewel\u2019\u0131 sessizli\u011fe al\u0131\u015ft\u0131rm\u0131\u015ft\u0131.Karanl\u0131k bir gecede tan\u0131\u015ft\u0131\u011f\u0131 gizemli arkada\u015f, ku\u0308\u00e7u\u0308k k\u0131z\u0131 bildi\u011fi her \u015feyi sorgul <\/p>\n","protected":false},"excerpt":{"rendered":"<p>Keder u\u0308zerine yaz\u0131lm\u0131\u015f bir roman, \u015fiirsel bir anlat\u0131m\u2026Jewel, hayat\u0131n\u0131 onun do\u011fdu\u011fu gu\u0308n \u00f6len a\u011fabeyi John\u2019un di\u011fer ad\u0131yla Ku\u015f\u2019un- g\u00f6lgesinde ge\u00e7irece\u011fini san\u0131yordu. Anne babas\u0131, Ku\u015f\u2019un \u00f6lu\u0308mu\u0308ne neden<span class=\"excerpt-hellip\"> [\u2026]<\/span><\/p>\n","protected":false},"featured_media":0,"template":"","meta":{"_monsterinsights_skip_tracking":false,"_monsterinsights_sitenote_active":false,"_monsterinsights_sitenote_note":"","_monsterinsights_sitenote_category":0},"product_brand":[],"product_cat":[12291,12711],"product_tag":[],"class_list":{"0":"post-710352","1":"product","2":"type-product","3":"status-publish","5":"product_cat-edebiyat","6":"product_cat-roman-oyku","7":"pa_cilt-ciltsiz","8":"pa_tur-kitap","9":"pa_yayinevi-epsilon-yayinlari","10":"pa_yazar-crystal-chan","12":"first","13":"instock","14":"sale","15":"shipping-taxable","16":"purchasable","17":"product-type-simple"},"_links":{"self":[{"href":"https:\/\/roveyayinevi.com.tr\/index.php\/wp-json\/wp\/v2\/product\/710352","targetHints":{"allow":["GET"]}}],"collection":[{"href":"https:\/\/roveyayinevi.com.tr\/index.php\/wp-json\/wp\/v2\/product"}],"about":[{"href":"https:\/\/roveyayinevi.com.tr\/index.php\/wp-json\/wp\/v2\/types\/product"}],"wp:attachment":[{"href":"https:\/\/roveyayinevi.com.tr\/index.php\/wp-json\/wp\/v2\/media?parent=710352"}],"wp:term":[{"taxonomy":"product_brand","embeddable":true,"href":"https:\/\/roveyayinevi.com.tr\/index.php\/wp-json\/wp\/v2\/product_brand?post=710352"},{"taxonomy":"product_cat","embeddable":true,"href":"https:\/\/roveyayinevi.com.tr\/index.php\/wp-json\/wp\/v2\/product_cat?post=710352"},{"taxonomy":"product_tag","embeddable":true,"href":"https:\/\/roveyayinevi.com.tr\/index.php\/wp-json\/wp\/v2\/product_tag?post=710352"}],"curies":[{"name":"wp","href":"https:\/\/api.w.org\/{rel}","templated":true}]}}