{"id":710351,"date":"2025-08-27T16:34:52","date_gmt":"2025-08-27T13:34:52","guid":{"rendered":"https:\/\/roveyayinevi.com.tr\/index.php\/urun\/benim-adim-ibrahimovic\/"},"modified":"2026-04-16T02:19:15","modified_gmt":"2026-04-15T23:19:15","slug":"benim-adim-ibrahimovic","status":"publish","type":"product","link":"https:\/\/roveyayinevi.com.tr\/index.php\/urun\/benim-adim-ibrahimovic\/","title":{"rendered":"Benim Ad\u0131m \u0130brahimovi\u00e7"},"content":{"rendered":"<p>\u00c7elimsiz bir \u00e7ocukken, d\u00fcnyan\u0131n en iyi forvetlerinden biri oldu.\u0130sve\u00e7\u2019in kenar mahallelerinden Roseng\u00e5rd\u2019da b\u00fcy\u00fcyen Zlatan \u0130brahimovi\u00e7, yoksul bir \u00e7ocukluk ge\u00e7irdi. Babas\u0131n\u0131n \u00e7o\u011fu zaman ekmek alacak paras\u0131 bile olmuyordu.Ancak Zlatan\u2019\u0131n futboldaki m\u00fcthi\u015f yetene\u011fi, hayat\u0131n\u0131 sonsuza dek de\u011fi\u015ftirecekti.Zlatan, gen\u00e7ken futbolun yaln\u0131zca haval\u0131 oynamaktan ibaret oldu\u011funu d\u00fc\u015f\u00fcn\u00fcyordu.Ancak y\u0131llar i\u00e7inde tak\u0131m oyuncusu olmay\u0131 \u00f6\u011frendi. \u00c7ok \u00e7al\u0131\u015ft\u0131. Bunlara m\u00fcthi\u015f azmi, kazanma tutkusu ve kendine \u00f6zg\u00fc karakteri de eklenince b\u00fcy\u00fck bir ba\u015far\u0131 kazand\u0131.Bu kitapta Zlatan \u0130brahimovi\u00e7\u2019in kendinden \u00f6d\u00fcn vermeden nas\u0131l d\u00fcnyan\u0131n en \u00f6nemli forvetlerinden birine d\u00f6n\u00fc\u015ft\u00fc\u011f\u00fcn\u00fc okuyacaks\u0131n\u0131z. <\/p>\n","protected":false},"excerpt":{"rendered":"<p>\u00c7elimsiz bir \u00e7ocukken, d\u00fcnyan\u0131n en iyi forvetlerinden biri oldu.\u0130sve\u00e7\u2019in kenar mahallelerinden Roseng\u00e5rd\u2019da b\u00fcy\u00fcyen Zlatan \u0130brahimovi\u00e7, yoksul bir \u00e7ocukluk ge\u00e7irdi. Babas\u0131n\u0131n \u00e7o\u011fu zaman ekmek alacak paras\u0131 bile<span class=\"excerpt-hellip\"> [\u2026]<\/span><\/p>\n","protected":false},"featured_media":0,"template":"","meta":{"_monsterinsights_skip_tracking":false,"_monsterinsights_sitenote_active":false,"_monsterinsights_sitenote_note":"","_monsterinsights_sitenote_category":0},"product_brand":[],"product_cat":[15563,15564],"product_tag":[],"class_list":{"0":"post-710351","1":"product","2":"type-product","3":"status-publish","5":"product_cat-hobi","6":"product_cat-spor","7":"pa_cilt-ciltsiz","8":"pa_tur-kitap","9":"pa_yayinevi-beyaz-balina-yayinlari","10":"pa_yazar-matt-oldfield-tom-oldfield","12":"first","13":"instock","14":"sale","15":"shipping-taxable","16":"purchasable","17":"product-type-simple"},"_links":{"self":[{"href":"https:\/\/roveyayinevi.com.tr\/index.php\/wp-json\/wp\/v2\/product\/710351","targetHints":{"allow":["GET"]}}],"collection":[{"href":"https:\/\/roveyayinevi.com.tr\/index.php\/wp-json\/wp\/v2\/product"}],"about":[{"href":"https:\/\/roveyayinevi.com.tr\/index.php\/wp-json\/wp\/v2\/types\/product"}],"wp:attachment":[{"href":"https:\/\/roveyayinevi.com.tr\/index.php\/wp-json\/wp\/v2\/media?parent=710351"}],"wp:term":[{"taxonomy":"product_brand","embeddable":true,"href":"https:\/\/roveyayinevi.com.tr\/index.php\/wp-json\/wp\/v2\/product_brand?post=710351"},{"taxonomy":"product_cat","embeddable":true,"href":"https:\/\/roveyayinevi.com.tr\/index.php\/wp-json\/wp\/v2\/product_cat?post=710351"},{"taxonomy":"product_tag","embeddable":true,"href":"https:\/\/roveyayinevi.com.tr\/index.php\/wp-json\/wp\/v2\/product_tag?post=710351"}],"curies":[{"name":"wp","href":"https:\/\/api.w.org\/{rel}","templated":true}]}}