{"id":710350,"date":"2025-08-27T16:34:52","date_gmt":"2025-08-27T13:34:52","guid":{"rendered":"https:\/\/roveyayinevi.com.tr\/index.php\/urun\/etkili-sinif-yonetimi\/"},"modified":"2026-04-16T02:19:15","modified_gmt":"2026-04-15T23:19:15","slug":"etkili-sinif-yonetimi","status":"publish","type":"product","link":"https:\/\/roveyayinevi.com.tr\/index.php\/urun\/etkili-sinif-yonetimi\/","title":{"rendered":"Etkili S\u0131n\u0131f Y\u00f6netimi"},"content":{"rendered":"<p>S\u0131n\u0131f y\u00f6netimi, \u00f6\u011frenme i\u00e7in uygun ortam\u0131n, iklimin olu\u015fturulmas\u0131 ve s\u00fcrd\u00fcr\u00fclmesi olarak tan\u0131mlanabilir. S\u0131n\u0131f y\u00f6netimi, s\u0131n\u0131f ortam\u0131ndan bireyin psikolojik \u00f6zelliklerden ve s\u0131n\u0131f d\u0131\u015f\u0131 etkinliklerden de etkilenir. Bu y\u00fczdende s\u0131n\u0131f y\u00f6netimi baz\u0131 g\u00fc\u00e7l\u00fckler i\u00e7erir. Ancak etkili s\u0131n\u0131f y\u00f6netimi e\u011fitimi alm\u0131\u015f ve \u00f6\u011frendiklerini uygulayabilen \u00f6\u011fretmenler bu sorunlar\u0131 \u00f6nceden kestirip gerekli \u00f6nlemi alabilirler. Bu kitap \u00f6\u011frenci merkezli bir e\u011fitim ortam\u0131nda \u00f6\u011fretmenin s\u0131n\u0131f y\u00f6netimine ili\u015fkin duru\u015funu tan\u0131mlamaktad\u0131r. Ayr\u0131ca, \u00f6\u011frencinin aktif oldu\u011fu bir ortam d\u00fc\u015f\u00fcn\u00fclerek, \u00f6\u011fretmenlerin kazanmas\u0131 gereken etkili s\u0131n\u0131f y\u00f6netimi becerilerini tan\u0131mlamaya \u00e7al\u0131\u015f\u0131lm\u0131\u015ft\u0131r.<\/p>\n","protected":false},"excerpt":{"rendered":"<p>S\u0131n\u0131f y\u00f6netimi, \u00f6\u011frenme i\u00e7in uygun ortam\u0131n, iklimin olu\u015fturulmas\u0131 ve s\u00fcrd\u00fcr\u00fclmesi olarak tan\u0131mlanabilir. S\u0131n\u0131f y\u00f6netimi, s\u0131n\u0131f ortam\u0131ndan bireyin psikolojik \u00f6zelliklerden ve s\u0131n\u0131f d\u0131\u015f\u0131 etkinliklerden de etkilenir. Bu<span class=\"excerpt-hellip\"> [\u2026]<\/span><\/p>\n","protected":false},"featured_media":0,"template":"","meta":{"_monsterinsights_skip_tracking":false,"_monsterinsights_sitenote_active":false,"_monsterinsights_sitenote_note":"","_monsterinsights_sitenote_category":0},"product_brand":[],"product_cat":[12573,12566],"product_tag":[],"class_list":{"0":"post-710350","1":"product","2":"type-product","3":"status-publish","5":"product_cat-akademik-kitaplar","6":"product_cat-egitim","7":"pa_cilt-ciltsiz","8":"pa_tur-kitap","9":"pa_yayinevi-ani-yayincilik","10":"pa_yazar-kolektif","12":"first","13":"instock","14":"sale","15":"shipping-taxable","16":"purchasable","17":"product-type-simple"},"_links":{"self":[{"href":"https:\/\/roveyayinevi.com.tr\/index.php\/wp-json\/wp\/v2\/product\/710350","targetHints":{"allow":["GET"]}}],"collection":[{"href":"https:\/\/roveyayinevi.com.tr\/index.php\/wp-json\/wp\/v2\/product"}],"about":[{"href":"https:\/\/roveyayinevi.com.tr\/index.php\/wp-json\/wp\/v2\/types\/product"}],"wp:attachment":[{"href":"https:\/\/roveyayinevi.com.tr\/index.php\/wp-json\/wp\/v2\/media?parent=710350"}],"wp:term":[{"taxonomy":"product_brand","embeddable":true,"href":"https:\/\/roveyayinevi.com.tr\/index.php\/wp-json\/wp\/v2\/product_brand?post=710350"},{"taxonomy":"product_cat","embeddable":true,"href":"https:\/\/roveyayinevi.com.tr\/index.php\/wp-json\/wp\/v2\/product_cat?post=710350"},{"taxonomy":"product_tag","embeddable":true,"href":"https:\/\/roveyayinevi.com.tr\/index.php\/wp-json\/wp\/v2\/product_tag?post=710350"}],"curies":[{"name":"wp","href":"https:\/\/api.w.org\/{rel}","templated":true}]}}