{"id":710349,"date":"2025-08-27T16:34:51","date_gmt":"2025-08-27T13:34:51","guid":{"rendered":"https:\/\/roveyayinevi.com.tr\/index.php\/urun\/turk-dilinin-etimoloji-sozlugu\/"},"modified":"2026-04-16T02:19:15","modified_gmt":"2026-04-15T23:19:15","slug":"turk-dilinin-etimoloji-sozlugu","status":"publish","type":"product","link":"https:\/\/roveyayinevi.com.tr\/index.php\/urun\/turk-dilinin-etimoloji-sozlugu\/","title":{"rendered":"T\u00fcrk Dilinin Etimoloji S\u00f6zl\u00fc\u011f\u00fc"},"content":{"rendered":"<p>T\u00fcrk diliyle ilgili bu \u00e7al\u0131\u015fma on bir y\u0131l s\u00fcrd\u00fc, bir s\u00fcre ara verdikten sonra yine ara\u015ft\u0131rmaya giri\u015fildi. \u0130ncelenen kaynaklar T\u00fcrk dili konusunda \u00f6zg\u00fcn ara\u015ft\u0131rmalar\u0131-incelemeleri i\u00e7erenler oldu\u011fu gibi, de\u011fi\u015fik d\u00f6nemlerde yay\u0131mlanan dergilerden yararlan\u0131lm\u0131\u015ft\u0131r. T\u00fcrk Dil Kurumu taraf\u0131ndan yay\u0131mlanan s\u00f6zc\u00fcklerin hepsi g\u00f6zden ge\u00e7irilmi\u015f, Bat\u0131 uzmanlar\u0131n\u0131n yap\u0131tlar\u0131ndan bulunanlar taranm\u0131\u015ft\u0131r. T\u00fcrk dili konusunda geni\u015f kapsaml\u0131 \u00e7al\u0131\u015fmalar s\u00fcrd\u00fcr\u00fclmektedir, ancak \u00f6zellikle y\u00f6re a\u011f\u0131zlar\u0131 \u00fczerinde duran, T\u00fcrk\u00e7enin belli bir d\u00f6nemini kapsayan bu ara\u015ft\u0131rmalar bir b\u00fct\u00fcnl\u00fc\u011fe kavu\u015fturulmam\u0131\u015ft\u0131r. Bu \u00e7al\u0131\u015fmalardan bir b\u00f6l\u00fcm\u00fc T\u00fcrk\u00e7ede bulunan Arap-Fars kaynakl\u0131 s\u00f6zc\u00fcklere y\u00f6neliktir, \u00f6nemli bir b\u00f6l\u00fcm\u00fc de T\u00fcrkiye d\u0131\u015f\u0131 T\u00fcrk\u00e7esiyle ilgilidir. Biz, bu \u00e7al\u0131\u015fmam\u0131zda kesin, tart\u0131\u015f\u0131lmaz \u00f6rnekler vererek a\u00e7\u0131k bir sonuca vard\u0131\u011f\u0131m\u0131z\u0131 s\u00f6yleyemeyiz. Ancak, T\u00fcrk\u00e7enin yaln\u0131zca Asya k\u00f6kenli oldu\u011fu, ilk\u00e7a\u011f uluslar\u0131n\u0131n dillerinden dolayl\u0131 olarak etkilendi\u011fi kan\u0131s\u0131nda de\u011filiz. T\u00fcrk\u00e7ede Hitit, S\u00fcmer, Akad, Kopt, Sanskrit, \u00c7in ile yine ilk\u00e7a\u011f Anadolu\u2019sunda ya\u015fam\u0131\u015f topluluklar\u0131n dillerinden s\u00f6zc\u00fck bulunmad\u0131\u011f\u0131 g\u00f6r\u00fc\u015f\u00fcne kat\u0131lm\u0131yoruz. G\u00f6zden ge\u00e7irilmi\u015f ve geni\u015fletilmi\u015f bu ara\u015ft\u0131rman\u0131n, ileride bu alanda daha geni\u015f ara\u015ft\u0131rmalar yaparak daha sa\u011fl\u0131kl\u0131 ve ba\u015far\u0131l\u0131 \u00fcr\u00fcnler vermek isteyen ki\u015filere yard\u0131mc\u0131 olmas\u0131n\u0131 \u00fcmit ederiz. <\/p>\n","protected":false},"excerpt":{"rendered":"<p>T\u00fcrk diliyle ilgili bu \u00e7al\u0131\u015fma on bir y\u0131l s\u00fcrd\u00fc, bir s\u00fcre ara verdikten sonra yine ara\u015ft\u0131rmaya giri\u015fildi. \u0130ncelenen kaynaklar T\u00fcrk dili konusunda \u00f6zg\u00fcn ara\u015ft\u0131rmalar\u0131-incelemeleri i\u00e7erenler oldu\u011fu<span class=\"excerpt-hellip\"> [\u2026]<\/span><\/p>\n","protected":false},"featured_media":0,"template":"","meta":{"_monsterinsights_skip_tracking":false,"_monsterinsights_sitenote_active":false,"_monsterinsights_sitenote_note":"","_monsterinsights_sitenote_category":0},"product_brand":[],"product_cat":[12566,13611],"product_tag":[],"class_list":{"0":"post-710349","1":"product","2":"type-product","3":"status-publish","5":"product_cat-egitim","6":"product_cat-sozlukler-ve-konusma-kilavuzlari","7":"pa_cilt-ciltsiz","8":"pa_tur-kitap","9":"pa_yayinevi-say-yayinlari","10":"pa_yazar-ismet-zeki-eyuboglu","12":"first","13":"instock","14":"sale","15":"shipping-taxable","16":"purchasable","17":"product-type-simple"},"_links":{"self":[{"href":"https:\/\/roveyayinevi.com.tr\/index.php\/wp-json\/wp\/v2\/product\/710349","targetHints":{"allow":["GET"]}}],"collection":[{"href":"https:\/\/roveyayinevi.com.tr\/index.php\/wp-json\/wp\/v2\/product"}],"about":[{"href":"https:\/\/roveyayinevi.com.tr\/index.php\/wp-json\/wp\/v2\/types\/product"}],"wp:attachment":[{"href":"https:\/\/roveyayinevi.com.tr\/index.php\/wp-json\/wp\/v2\/media?parent=710349"}],"wp:term":[{"taxonomy":"product_brand","embeddable":true,"href":"https:\/\/roveyayinevi.com.tr\/index.php\/wp-json\/wp\/v2\/product_brand?post=710349"},{"taxonomy":"product_cat","embeddable":true,"href":"https:\/\/roveyayinevi.com.tr\/index.php\/wp-json\/wp\/v2\/product_cat?post=710349"},{"taxonomy":"product_tag","embeddable":true,"href":"https:\/\/roveyayinevi.com.tr\/index.php\/wp-json\/wp\/v2\/product_tag?post=710349"}],"curies":[{"name":"wp","href":"https:\/\/api.w.org\/{rel}","templated":true}]}}