{"id":710348,"date":"2025-08-27T16:34:51","date_gmt":"2025-08-27T13:34:51","guid":{"rendered":"https:\/\/roveyayinevi.com.tr\/index.php\/urun\/bir-yanilsamanin-gelecegi-neden-savas-freuddan-einsteina-mektuplar\/"},"modified":"2026-04-16T02:19:15","modified_gmt":"2026-04-15T23:19:15","slug":"bir-yanilsamanin-gelecegi-neden-savas-freuddan-einsteina-mektuplar","status":"publish","type":"product","link":"https:\/\/roveyayinevi.com.tr\/index.php\/urun\/bir-yanilsamanin-gelecegi-neden-savas-freuddan-einsteina-mektuplar\/","title":{"rendered":"Bir Yan\u0131lsaman\u0131n Gelece\u011fi &#8211; Neden Sava\u015f (Freud\u2019dan Einstein\u2019a Mektuplar)"},"content":{"rendered":"<p>Dogma olarak bildi\u011fimiz dinsel tasar\u0131mlar asl\u0131nda ya\u015fant\u0131lar\u0131n verileri midir yoksa yan\u0131lsama m\u0131d\u0131r? \u00c7ocuklar\u0131n cinsellik d\u0131\u015f\u0131 varl\u0131klar oldu\u011funa ili\u015fkin, ancak psikanalizin \u00e7\u00fcr\u00fctebildi\u011fi inan\u00e7 yan\u0131lsama diye nitelendirilebilir mi? \u0130lk \u00e7ocukluk d\u00f6neminde dinsel dogmalar\u0131n etkisini \u00fczerlerinde hissetmemi\u015f ku\u015faklarda usun i\u00e7g\u00fcd\u00fcsel ya\u015fam\u0131 g\u00fc\u00e7l\u00fck \u00e7ekmeden egemenlik alt\u0131na alabilece\u011fini d\u00fc\u015f\u00fcnmek bir yan\u0131lsama m\u0131d\u0131r? Bir Yan\u0131lsaman\u0131n Gelece\u011fi\u2019nde Freud, t\u00fcm bu sorulara yan\u0131t bulmas\u0131n\u0131n yan\u0131 s\u0131ra din hakk\u0131ndaki fikirlerini de ele\u015ftirel bir bak\u0131\u015f a\u00e7\u0131s\u0131yla ifade ediyor. Bu ara\u015ft\u0131rma kapsam\u0131nda dinsel dogmalar\u0131n ger\u00e7eklik de\u011ferini sorgulamaya yer veriyor, psikolojik yap\u0131lar\u0131 bak\u0131m\u0131ndan bunlar\u0131n yan\u0131lsama say\u0131l\u0131p say\u0131lmayaca\u011f\u0131n\u0131 a\u00e7\u0131kl\u0131yor. Bu ba\u011flamda yan\u0131lsamalar\u0131 insanl\u0131\u011f\u0131n en g\u00fc\u00e7l\u00fc, en eski ve en acil isteklerine sa\u011flanan doyumlar olarak nitelendiriyor. Freud Bir Yan\u0131lsaman\u0131n Gelece\u011fi ile daha \u00f6nce bir\u00e7ok kez ele ald\u0131\u011f\u0131 uygarl\u0131k sorunlar\u0131n\u0131 detayl\u0131 bir \u015fekilde inceledi\u011fi bir \u00e7al\u0131\u015fma dizisi olu\u015fturdu. Buradaki d\u00fc\u015f\u00fcncelerini bir kez daha aktard\u0131\u011f\u0131 K\u00fclt\u00fcrdeki Huzursuzluk (1930), ard\u0131ndan Einstein ile sava\u015f \u00fczerine mektupla\u015fmalar\u0131n\u0131 i\u00e7eren Neden Sava\u015f (1933) ve 1934\u2019ten beri \u00fczerinde \u00e7al\u0131\u015ft\u0131\u011f\u0131 Musa ve Tektanr\u0131c\u0131l\u0131k bu dizide yer alan en \u00f6nemli \u00e7al\u0131\u015fmalar\u0131d\u0131r. <\/p>\n","protected":false},"excerpt":{"rendered":"<p>Dogma olarak bildi\u011fimiz dinsel tasar\u0131mlar asl\u0131nda ya\u015fant\u0131lar\u0131n verileri midir yoksa yan\u0131lsama m\u0131d\u0131r? \u00c7ocuklar\u0131n cinsellik d\u0131\u015f\u0131 varl\u0131klar oldu\u011funa ili\u015fkin, ancak psikanalizin \u00e7\u00fcr\u00fctebildi\u011fi inan\u00e7 yan\u0131lsama diye nitelendirilebilir mi?<span class=\"excerpt-hellip\"> [\u2026]<\/span><\/p>\n","protected":false},"featured_media":0,"template":"","meta":{"_monsterinsights_skip_tracking":false,"_monsterinsights_sitenote_active":false,"_monsterinsights_sitenote_note":"","_monsterinsights_sitenote_category":0},"product_brand":[],"product_cat":[12312,12304],"product_tag":[],"class_list":{"0":"post-710348","1":"product","2":"type-product","3":"status-publish","5":"product_cat-diger","6":"product_cat-tarih","7":"pa_cilt-ciltsiz","8":"pa_tur-kitap","9":"pa_yayinevi-say-yayinlari","10":"pa_yazar-sigmund-freud","12":"first","13":"instock","14":"sale","15":"shipping-taxable","16":"purchasable","17":"product-type-simple"},"_links":{"self":[{"href":"https:\/\/roveyayinevi.com.tr\/index.php\/wp-json\/wp\/v2\/product\/710348","targetHints":{"allow":["GET"]}}],"collection":[{"href":"https:\/\/roveyayinevi.com.tr\/index.php\/wp-json\/wp\/v2\/product"}],"about":[{"href":"https:\/\/roveyayinevi.com.tr\/index.php\/wp-json\/wp\/v2\/types\/product"}],"wp:attachment":[{"href":"https:\/\/roveyayinevi.com.tr\/index.php\/wp-json\/wp\/v2\/media?parent=710348"}],"wp:term":[{"taxonomy":"product_brand","embeddable":true,"href":"https:\/\/roveyayinevi.com.tr\/index.php\/wp-json\/wp\/v2\/product_brand?post=710348"},{"taxonomy":"product_cat","embeddable":true,"href":"https:\/\/roveyayinevi.com.tr\/index.php\/wp-json\/wp\/v2\/product_cat?post=710348"},{"taxonomy":"product_tag","embeddable":true,"href":"https:\/\/roveyayinevi.com.tr\/index.php\/wp-json\/wp\/v2\/product_tag?post=710348"}],"curies":[{"name":"wp","href":"https:\/\/api.w.org\/{rel}","templated":true}]}}