{"id":710342,"date":"2025-08-27T16:34:47","date_gmt":"2025-08-27T13:34:47","guid":{"rendered":"https:\/\/roveyayinevi.com.tr\/index.php\/urun\/duz-gobek-saglikli-bebek\/"},"modified":"2026-04-16T02:19:15","modified_gmt":"2026-04-15T23:19:15","slug":"duz-gobek-saglikli-bebek","status":"publish","type":"product","link":"https:\/\/roveyayinevi.com.tr\/index.php\/urun\/duz-gobek-saglikli-bebek\/","title":{"rendered":"D\u00fcz G\u00f6bek Sa\u011fl\u0131kl\u0131 Bebek"},"content":{"rendered":"<p>Anne olmaya karar verdiniz ama bedeniniz buna haz\u0131r m\u0131? \u0130sterseniz buradan ba\u015flayal\u0131m konuya ve devam edelim. Do\u011fru ve sa\u011fl\u0131kl\u0131 beslenerek v\u00fccudunuzu hamilelik i\u00e7in haz\u0131rlad\u0131n\u0131z ve sonunda o mutlu haberi ald\u0131n\u0131z\u2026 \u0130\u015fte hamilesiniz!..Peki, hamilelikte ka\u00e7 kilo almal\u0131, ay ay nas\u0131l beslenmelisiniz? Bence \u00e7ok da fazla kilo almadan, sa\u011fl\u0131kl\u0131 ve g\u00fczel bir hamilelik kesinlikle hayal de\u011fil. <\/p>\n","protected":false},"excerpt":{"rendered":"<p>Anne olmaya karar verdiniz ama bedeniniz buna haz\u0131r m\u0131? \u0130sterseniz buradan ba\u015flayal\u0131m konuya ve devam edelim. Do\u011fru ve sa\u011fl\u0131kl\u0131 beslenerek v\u00fccudunuzu hamilelik i\u00e7in haz\u0131rlad\u0131n\u0131z ve sonunda<span class=\"excerpt-hellip\"> [\u2026]<\/span><\/p>\n","protected":false},"featured_media":0,"template":"","meta":{"_monsterinsights_skip_tracking":false,"_monsterinsights_sitenote_active":false,"_monsterinsights_sitenote_note":"","_monsterinsights_sitenote_category":0},"product_brand":[],"product_cat":[13402,13365],"product_tag":[],"class_list":{"0":"post-710342","1":"product","2":"type-product","3":"status-publish","5":"product_cat-beslenme-ve-diyet","6":"product_cat-saglik","7":"pa_cilt-ciltsiz","8":"pa_tur-kitap","9":"pa_yayinevi-inkilap-kitabevi","10":"pa_yazar-merve-bilge-atalay","12":"first","13":"instock","14":"sale","15":"shipping-taxable","16":"purchasable","17":"product-type-simple"},"_links":{"self":[{"href":"https:\/\/roveyayinevi.com.tr\/index.php\/wp-json\/wp\/v2\/product\/710342","targetHints":{"allow":["GET"]}}],"collection":[{"href":"https:\/\/roveyayinevi.com.tr\/index.php\/wp-json\/wp\/v2\/product"}],"about":[{"href":"https:\/\/roveyayinevi.com.tr\/index.php\/wp-json\/wp\/v2\/types\/product"}],"wp:attachment":[{"href":"https:\/\/roveyayinevi.com.tr\/index.php\/wp-json\/wp\/v2\/media?parent=710342"}],"wp:term":[{"taxonomy":"product_brand","embeddable":true,"href":"https:\/\/roveyayinevi.com.tr\/index.php\/wp-json\/wp\/v2\/product_brand?post=710342"},{"taxonomy":"product_cat","embeddable":true,"href":"https:\/\/roveyayinevi.com.tr\/index.php\/wp-json\/wp\/v2\/product_cat?post=710342"},{"taxonomy":"product_tag","embeddable":true,"href":"https:\/\/roveyayinevi.com.tr\/index.php\/wp-json\/wp\/v2\/product_tag?post=710342"}],"curies":[{"name":"wp","href":"https:\/\/api.w.org\/{rel}","templated":true}]}}