{"id":710334,"date":"2025-08-27T16:34:43","date_gmt":"2025-08-27T13:34:43","guid":{"rendered":"https:\/\/roveyayinevi.com.tr\/index.php\/urun\/ask-psikolojisi\/"},"modified":"2026-04-16T02:19:15","modified_gmt":"2026-04-15T23:19:15","slug":"ask-psikolojisi","status":"publish","type":"product","link":"https:\/\/roveyayinevi.com.tr\/index.php\/urun\/ask-psikolojisi\/","title":{"rendered":"A\u015fk Psikolojisi"},"content":{"rendered":"<p>\u00c2\u015f\u0131k oldu\u011fumuzda sadece duygusal de\u011fi\u015fim ya\u015famay\u0131z; neredeyse hayat\u0131m\u0131z yeniden \u015fekillenir. \u00c7\u00fcnk\u00fc a\u015fk, insan\u0131n konu\u015fmas\u0131n\u0131, huyunu suyunu, yemesini i\u00e7mesini, uyumas\u0131n\u0131, i\u015fini, arkada\u015fl\u0131klar\u0131n\u0131; \u00f6zetle, her \u015feyini de\u011fi\u015ftirir. Mutluluk kadar \u00fcz\u00fcnt\u00fc, nefret ve \u00f6fkeyi de yo\u011fun olarak ya\u015fad\u0131\u011f\u0131m\u0131z bir durum olan a\u015fk, ayn\u0131 zamanda ki\u015fiye ve ki\u015fili\u011fe g\u00f6re de bi\u00e7imlenir. B\u00f6ylece insandan insana de\u011fi\u015fen \u00e7e\u015fitli a\u015fk ya\u015fant\u0131lar\u0131 ortaya \u00e7\u0131k\u0131verir. A\u015fk\u0131n insan\u0131n hayat\u0131na derinlemesine n\u00fcfuz eden b\u00fct\u00fcn bu etkilerine ve ortaya \u00e7\u0131kan sonu\u00e7lara sadece tek bir a\u00e7\u0131dan bakmak pek m\u00fcmk\u00fcn de\u011fildir. \u00dcstelik, a\u015fk\u0131n insanlar \u00fczerindeki tesirini daha iyi anlayabilmek i\u00e7in psikolojik, sosyolojik, n\u00f6rolojik ve biyolojik boyutlar\u0131na b\u00fct\u00fcn olarak bakmak yerinde olur. Bu kitapta, a\u015fk\u0131n insan \u00fczerindeki etkileri ya\u015fanm\u0131\u015f \u00f6rneklerle anlat\u0131l\u0131rken, ayn <\/p>\n","protected":false},"excerpt":{"rendered":"<p>\u00c2\u015f\u0131k oldu\u011fumuzda sadece duygusal de\u011fi\u015fim ya\u015famay\u0131z; neredeyse hayat\u0131m\u0131z yeniden \u015fekillenir. \u00c7\u00fcnk\u00fc a\u015fk, insan\u0131n konu\u015fmas\u0131n\u0131, huyunu suyunu, yemesini i\u00e7mesini, uyumas\u0131n\u0131, i\u015fini, arkada\u015fl\u0131klar\u0131n\u0131; \u00f6zetle, her \u015feyini de\u011fi\u015ftirir. Mutluluk<span class=\"excerpt-hellip\"> [\u2026]<\/span><\/p>\n","protected":false},"featured_media":0,"template":"","meta":{"_monsterinsights_skip_tracking":false,"_monsterinsights_sitenote_active":false,"_monsterinsights_sitenote_note":"","_monsterinsights_sitenote_category":0},"product_brand":[],"product_cat":[12358,12357],"product_tag":[],"class_list":{"0":"post-710334","1":"product","2":"type-product","3":"status-publish","5":"product_cat-genel-psikoloji","6":"product_cat-psikoloji","7":"pa_cilt-ciltsiz","8":"pa_tur-kitap","9":"pa_yayinevi-timas-yayinlari","10":"pa_yazar-zehra-erol-funda-guducu","12":"first","13":"instock","14":"sale","15":"shipping-taxable","16":"purchasable","17":"product-type-simple"},"_links":{"self":[{"href":"https:\/\/roveyayinevi.com.tr\/index.php\/wp-json\/wp\/v2\/product\/710334","targetHints":{"allow":["GET"]}}],"collection":[{"href":"https:\/\/roveyayinevi.com.tr\/index.php\/wp-json\/wp\/v2\/product"}],"about":[{"href":"https:\/\/roveyayinevi.com.tr\/index.php\/wp-json\/wp\/v2\/types\/product"}],"wp:attachment":[{"href":"https:\/\/roveyayinevi.com.tr\/index.php\/wp-json\/wp\/v2\/media?parent=710334"}],"wp:term":[{"taxonomy":"product_brand","embeddable":true,"href":"https:\/\/roveyayinevi.com.tr\/index.php\/wp-json\/wp\/v2\/product_brand?post=710334"},{"taxonomy":"product_cat","embeddable":true,"href":"https:\/\/roveyayinevi.com.tr\/index.php\/wp-json\/wp\/v2\/product_cat?post=710334"},{"taxonomy":"product_tag","embeddable":true,"href":"https:\/\/roveyayinevi.com.tr\/index.php\/wp-json\/wp\/v2\/product_tag?post=710334"}],"curies":[{"name":"wp","href":"https:\/\/api.w.org\/{rel}","templated":true}]}}