{"id":710332,"date":"2025-08-27T16:34:42","date_gmt":"2025-08-27T13:34:42","guid":{"rendered":"https:\/\/roveyayinevi.com.tr\/index.php\/urun\/kalbime-sensizligi-anlatamadim\/"},"modified":"2026-04-16T02:19:15","modified_gmt":"2026-04-15T23:19:15","slug":"kalbime-sensizligi-anlatamadim","status":"publish","type":"product","link":"https:\/\/roveyayinevi.com.tr\/index.php\/urun\/kalbime-sensizligi-anlatamadim\/","title":{"rendered":"Kalbime Sensizli\u011fi Anlatamad\u0131m"},"content":{"rendered":"<p>A\u015fk sab\u0131r, a\u015fk vefa, a\u015fk ho\u015fg\u00f6r\u00fc ve sadakat&#8230; A\u015fk mutlulu\u011fu bekleyen g\u00f6n\u00fcllerin \u00f6zlem bestesini yapan kutsal bir dua&#8230; A\u015fk gurur ve kalpten silinmeyen duygularla ebediyete yaz\u0131lan teslimiyet mektubu&#8230; \u015eayet a\u015fk\u0131n vuslat varsa hayat\u0131n en anlaml\u0131 s\u00fcs\u00fc olur. Ayr\u0131l\u0131k varsa susan g\u00f6n\u00fcllerin s\u0131r kasas\u0131nda topra\u011fa d\u00fc\u015fen kaderi olur&#8230; Bir ta\u015fra hik\u00e2yesi bu&#8230;Y\u0131llara yay\u0131lan, gelecek ku\u015faklara dokunan hazin bir a\u015fk&#8230;Kan davas\u0131n\u0131n y\u0131kt\u0131\u011f\u0131 yuvalar, ay\u0131rd\u0131\u011f\u0131 g\u00f6n\u00fcller&#8230;Ger\u00e7ek huzurun, bar\u0131\u015f\u0131n ve a\u015fk\u0131n pe\u015finde, aray\u0131\u015f i\u00e7indeki kalpler&#8230;Bug\u00fcne kadar 50\u2019yi a\u015fk\u0131n eseriyle, T\u00fcrk edebiyat\u0131n\u0131n dikkat \u00e7ekici yazarlar\u0131ndan biri haline gelen Ahmed G\u00fcnbay Y\u0131ld\u0131z\u2019dan okuru al\u0131p s\u00fcr\u00fckleyecek, a\u015fka ve hayata dair sorularla dolu, \u00e7arp\u0131c\u0131 bir roman: Kalbime Sensizli\u011fi Anlatamad\u0131m&#8230; <\/p>\n","protected":false},"excerpt":{"rendered":"<p>A\u015fk sab\u0131r, a\u015fk vefa, a\u015fk ho\u015fg\u00f6r\u00fc ve sadakat&#8230; A\u015fk mutlulu\u011fu bekleyen g\u00f6n\u00fcllerin \u00f6zlem bestesini yapan kutsal bir dua&#8230; A\u015fk gurur ve kalpten silinmeyen duygularla ebediyete yaz\u0131lan<span class=\"excerpt-hellip\"> [\u2026]<\/span><\/p>\n","protected":false},"featured_media":0,"template":"","meta":{"_monsterinsights_skip_tracking":false,"_monsterinsights_sitenote_active":false,"_monsterinsights_sitenote_note":"","_monsterinsights_sitenote_category":0},"product_brand":[],"product_cat":[12291,12711],"product_tag":[],"class_list":{"0":"post-710332","1":"product","2":"type-product","3":"status-publish","5":"product_cat-edebiyat","6":"product_cat-roman-oyku","7":"pa_cilt-ciltsiz","8":"pa_tur-kitap","9":"pa_yayinevi-timas-yayinlari","10":"pa_yazar-ahmed-gunbay-yildiz","12":"first","13":"instock","14":"sale","15":"shipping-taxable","16":"purchasable","17":"product-type-simple"},"_links":{"self":[{"href":"https:\/\/roveyayinevi.com.tr\/index.php\/wp-json\/wp\/v2\/product\/710332","targetHints":{"allow":["GET"]}}],"collection":[{"href":"https:\/\/roveyayinevi.com.tr\/index.php\/wp-json\/wp\/v2\/product"}],"about":[{"href":"https:\/\/roveyayinevi.com.tr\/index.php\/wp-json\/wp\/v2\/types\/product"}],"wp:attachment":[{"href":"https:\/\/roveyayinevi.com.tr\/index.php\/wp-json\/wp\/v2\/media?parent=710332"}],"wp:term":[{"taxonomy":"product_brand","embeddable":true,"href":"https:\/\/roveyayinevi.com.tr\/index.php\/wp-json\/wp\/v2\/product_brand?post=710332"},{"taxonomy":"product_cat","embeddable":true,"href":"https:\/\/roveyayinevi.com.tr\/index.php\/wp-json\/wp\/v2\/product_cat?post=710332"},{"taxonomy":"product_tag","embeddable":true,"href":"https:\/\/roveyayinevi.com.tr\/index.php\/wp-json\/wp\/v2\/product_tag?post=710332"}],"curies":[{"name":"wp","href":"https:\/\/api.w.org\/{rel}","templated":true}]}}