{"id":710330,"date":"2025-08-27T16:34:41","date_gmt":"2025-08-27T13:34:41","guid":{"rendered":"https:\/\/roveyayinevi.com.tr\/index.php\/urun\/altin-beyinli-adam-2\/"},"modified":"2025-08-29T11:42:16","modified_gmt":"2025-08-29T08:42:16","slug":"altin-beyinli-adam-2","status":"publish","type":"product","link":"https:\/\/roveyayinevi.com.tr\/index.php\/urun\/altin-beyinli-adam-2\/","title":{"rendered":"Alt\u0131n Beyinli Adam"},"content":{"rendered":"<p>\u201cBir varm\u0131\u015f bir yokmu\u015f, alt\u0131n beyinli bir adam varm\u0131\u015f. Evet \u00f6yle madam, hem de som alt\u0131ndan bir beyin. D\u00fcnyaya geldi\u011fi zaman ba\u015f\u0131 o kadar a\u011f\u0131r, kafatas\u0131 o kadar kocamanm\u0131\u015f ki hekimler \u2018Bu \u00e7ocuk ya\u015famaz,\u2019 demi\u015fler&#8230;\u201d  Lev Tolstoy, Anton \u00c7ehov, Miguel de Cervantes, Guy de Maupassant, Friedrich Schiller, Mark Twain ve Alphonse Daudet gibi edebiyat d\u00fcnyas\u0131n\u0131n usta kalemlerinden, zamana meydan okuyan unutulmaz hik\u00e2yeler Alt\u0131n Beyinli Adam&#8217;da bir araya geliyor. <\/p>\n","protected":false},"excerpt":{"rendered":"<p>\u201cBir varm\u0131\u015f bir yokmu\u015f, alt\u0131n beyinli bir adam varm\u0131\u015f. Evet \u00f6yle madam, hem de som alt\u0131ndan bir beyin. D\u00fcnyaya geldi\u011fi zaman ba\u015f\u0131 o kadar a\u011f\u0131r, kafatas\u0131<span class=\"excerpt-hellip\"> [\u2026]<\/span><\/p>\n","protected":false},"featured_media":0,"template":"","meta":{"_monsterinsights_skip_tracking":false,"_monsterinsights_sitenote_active":false,"_monsterinsights_sitenote_note":"","_monsterinsights_sitenote_category":0},"product_brand":[],"product_cat":[27157,12291],"product_tag":[],"class_list":{"0":"post-710330","1":"product","2":"type-product","3":"status-publish","5":"product_cat-derleme","6":"product_cat-edebiyat","7":"pa_cilt-ciltsiz","8":"pa_tur-kitap","9":"pa_yayinevi-antik-kitap","10":"pa_yazar-derleme","12":"first","13":"instock","14":"sale","15":"shipping-taxable","16":"purchasable","17":"product-type-simple"},"_links":{"self":[{"href":"https:\/\/roveyayinevi.com.tr\/index.php\/wp-json\/wp\/v2\/product\/710330","targetHints":{"allow":["GET"]}}],"collection":[{"href":"https:\/\/roveyayinevi.com.tr\/index.php\/wp-json\/wp\/v2\/product"}],"about":[{"href":"https:\/\/roveyayinevi.com.tr\/index.php\/wp-json\/wp\/v2\/types\/product"}],"wp:attachment":[{"href":"https:\/\/roveyayinevi.com.tr\/index.php\/wp-json\/wp\/v2\/media?parent=710330"}],"wp:term":[{"taxonomy":"product_brand","embeddable":true,"href":"https:\/\/roveyayinevi.com.tr\/index.php\/wp-json\/wp\/v2\/product_brand?post=710330"},{"taxonomy":"product_cat","embeddable":true,"href":"https:\/\/roveyayinevi.com.tr\/index.php\/wp-json\/wp\/v2\/product_cat?post=710330"},{"taxonomy":"product_tag","embeddable":true,"href":"https:\/\/roveyayinevi.com.tr\/index.php\/wp-json\/wp\/v2\/product_tag?post=710330"}],"curies":[{"name":"wp","href":"https:\/\/api.w.org\/{rel}","templated":true}]}}