{"id":710329,"date":"2025-08-27T16:34:40","date_gmt":"2025-08-27T13:34:40","guid":{"rendered":"https:\/\/roveyayinevi.com.tr\/index.php\/urun\/vatan-yahut-silistre-7\/"},"modified":"2026-04-16T02:19:15","modified_gmt":"2026-04-15T23:19:15","slug":"vatan-yahut-silistre-7","status":"publish","type":"product","link":"https:\/\/roveyayinevi.com.tr\/index.php\/urun\/vatan-yahut-silistre-7\/","title":{"rendered":"Vatan Yahut Silistre"},"content":{"rendered":"<p>Vatan a\u015fk\u0131ndan ba\u015fka g\u00f6z\u00fc hi\u00e7bir \u015feyi g\u00f6rmeyen \u0130slam Bey, can\u0131 pahas\u0131na sava\u015fa gider. Onu bir daha g\u00f6rememe korkusu duyan Zekiye, sevdi\u011fi adam\u0131 yaln\u0131z b\u0131rakmamak i\u00e7in asker k\u0131l\u0131\u011f\u0131na girip Silistre\u2019ye gider. \u0130ki gencin a\u015fk\u0131, vatan a\u015fk\u0131yla birle\u015fti\u011finde, t\u00fcm zorluklara ra\u011fmen zafer ka\u00e7\u0131n\u0131lmaz olur.  Kahramanca m\u00fccadele eden \u0130slam Bey ve Zekiye\u2019nin \u00f6yk\u00fcs\u00fcn\u00fc anlatan T\u00fcrk edebiyat\u0131n\u0131n ilk Bat\u0131l\u0131 tiyatro \u00f6rneklerinden Vatan Yahut Silistre sahnelendi\u011fi g\u00fcn, izleyenler vatan sevgisiyle sokaklara d\u00f6k\u00fclm\u00fc\u015f ve Nam\u0131k Kemal\u2019i tebrik etmek istemi\u015ftir. Halk\u0131n bu co\u015fkulu ilgisi h\u00fck\u00fcmeti tedirgin etmi\u015f; bunun \u00fczerine Nam\u0131k Kemal, Magosa\u2019ya s\u00fcrg\u00fcne g\u00f6nderilmi\u015ftir. <\/p>\n","protected":false},"excerpt":{"rendered":"<p>Vatan a\u015fk\u0131ndan ba\u015fka g\u00f6z\u00fc hi\u00e7bir \u015feyi g\u00f6rmeyen \u0130slam Bey, can\u0131 pahas\u0131na sava\u015fa gider. Onu bir daha g\u00f6rememe korkusu duyan Zekiye, sevdi\u011fi adam\u0131 yaln\u0131z b\u0131rakmamak i\u00e7in asker<span class=\"excerpt-hellip\"> [\u2026]<\/span><\/p>\n","protected":false},"featured_media":0,"template":"","meta":{"_monsterinsights_skip_tracking":false,"_monsterinsights_sitenote_active":false,"_monsterinsights_sitenote_note":"","_monsterinsights_sitenote_category":0},"product_brand":[],"product_cat":[12291,14272],"product_tag":[],"class_list":{"0":"post-710329","1":"product","2":"type-product","3":"status-publish","5":"product_cat-edebiyat","6":"product_cat-tiyatro","7":"pa_cilt-ciltsiz","8":"pa_tur-kitap","9":"pa_yayinevi-antik-kitap","10":"pa_yazar-namik-kemal","12":"first","13":"instock","14":"sale","15":"shipping-taxable","16":"purchasable","17":"product-type-simple"},"_links":{"self":[{"href":"https:\/\/roveyayinevi.com.tr\/index.php\/wp-json\/wp\/v2\/product\/710329","targetHints":{"allow":["GET"]}}],"collection":[{"href":"https:\/\/roveyayinevi.com.tr\/index.php\/wp-json\/wp\/v2\/product"}],"about":[{"href":"https:\/\/roveyayinevi.com.tr\/index.php\/wp-json\/wp\/v2\/types\/product"}],"wp:attachment":[{"href":"https:\/\/roveyayinevi.com.tr\/index.php\/wp-json\/wp\/v2\/media?parent=710329"}],"wp:term":[{"taxonomy":"product_brand","embeddable":true,"href":"https:\/\/roveyayinevi.com.tr\/index.php\/wp-json\/wp\/v2\/product_brand?post=710329"},{"taxonomy":"product_cat","embeddable":true,"href":"https:\/\/roveyayinevi.com.tr\/index.php\/wp-json\/wp\/v2\/product_cat?post=710329"},{"taxonomy":"product_tag","embeddable":true,"href":"https:\/\/roveyayinevi.com.tr\/index.php\/wp-json\/wp\/v2\/product_tag?post=710329"}],"curies":[{"name":"wp","href":"https:\/\/api.w.org\/{rel}","templated":true}]}}